{"id":11077,"date":"2024-08-14T13:00:39","date_gmt":"2024-08-14T13:00:39","guid":{"rendered":"https:\/\/pararepublique.com\/?post_type=product&#038;p=11077"},"modified":"2024-08-14T13:00:39","modified_gmt":"2024-08-14T13:00:39","slug":"neutraderm-bb-coffret-bassine","status":"publish","type":"product","link":"https:\/\/pararepublique.com\/index.php\/product\/neutraderm-bb-coffret-bassine\/","title":{"rendered":"NEUTRADERM BB COFFRET BASSINE"},"content":{"rendered":"<p>La Cr\u00e8me Hydratante Apaisante\u00a0<strong>hydrate<\/strong><sup>1<\/sup>\u00a0le visage et le corps tout au long de la journ\u00e9e et laisse un\u00a0<strong>film protecteur<\/strong>\u00a0sur la peau des b\u00e9b\u00e9s.<\/p>\n<p>Sa formule extra-douce, au\u00a0<strong>pH neutre<\/strong>\u00a0et haute tol\u00e9rance<sup>2<\/sup>\u00a0<strong>prot\u00e8ge<\/strong>\u00a0les peaux d\u00e9licates et\u00a0<strong>pr\u00e9vient des irritations<\/strong>. La peau est\u00a0<strong>douce<\/strong>\u00a0et d\u00e9licatement\u00a0<strong>parfum\u00e9e<\/strong>. Gr\u00e2ce \u00e0 son\u00a0<strong>fini non collant<\/strong>, la cr\u00e8me hydratante b\u00e9b\u00e9 permet un habillage imm\u00e9diat.<\/p>\n<p>Cette\u00a0<strong>cr\u00e8me hydratante b\u00e9b\u00e9<\/strong>\u00a0est compos\u00e9e d\u2019actifs et ingr\u00e9dients qui respectent l\u2019\u00e9quilibre de la peau de b\u00e9b\u00e9 :<\/p>\n<ul>\n<li><strong>L\u2019agent pr\u00e9biotique<\/strong>\u00a0<strong>prot\u00e8ge<\/strong>\u00a0et\u00a0<strong>stimule<\/strong>\u00a0les d\u00e9fenses naturelles de la peau.<\/li>\n<li><strong>L\u2019extrait de feuilles d\u2019oliviers,<\/strong>\u00a0<strong>tonifie<\/strong>\u00a0et\u00a0<strong>purifie<\/strong>\u00a0la peau.<\/li>\n<li><strong>La glyc\u00e9rine\u00a0<\/strong>est un\u00a0<strong>hydratant<\/strong>, augmente l\u2019extensibilit\u00e9 et la\u00a0<strong>souplesse<\/strong>\u00a0de la peau.<\/li>\n<\/ul>\n<p>Sa formule est compos\u00e9e de 93% d\u2019ingr\u00e9dients biod\u00e9gradables et 92% d\u2019ingr\u00e9dients d\u2019origine naturelle. Elle contient 50% d\u2019Active Oligo Skin Complex.<\/p>\n<p>Neutraderm Baby est membre\u00a0<a href=\"https:\/\/neutraderm-2021-staging.leserviceweb.com\/expertise-dermatologique-peau-sensible\/\">1% for the Planet<\/a>\u00a0et \u00e0 ce titre, reverse 1% de son chiffre d\u2019affaires \u00e0 des associations environnementales<\/p>\n","protected":false},"excerpt":{"rendered":"<p>D\u00e9couvrez la gamme\u00a0<em>Baby Neutraderm<\/em>\u00a0: des produits lavants et hydratants formul\u00e9s sp\u00e9cifiquement pour la peau sensible et fragile de b\u00e9b\u00e9.<\/p>\n","protected":false},"featured_media":11078,"comment_status":"open","ping_status":"closed","template":"","meta":{"inline_featured_image":false,"_monsterinsights_skip_tracking":false,"_monsterinsights_sitenote_active":false,"_monsterinsights_sitenote_note":"","_monsterinsights_sitenote_category":0,"_joinchat":[]},"product_cat":[147],"product_tag":[165],"class_list":{"0":"post-11077","1":"product","2":"type-product","3":"status-publish","4":"has-post-thumbnail","6":"product_cat-neutraderm","7":"product_tag-baby","9":"first","10":"instock","11":"shipping-taxable","12":"purchasable","13":"product-type-simple","14":"add-to-wishlist-after_add_to_cart"},"aioseo_notices":[],"_links":{"self":[{"href":"https:\/\/pararepublique.com\/index.php\/wp-json\/wp\/v2\/product\/11077","targetHints":{"allow":["GET"]}}],"collection":[{"href":"https:\/\/pararepublique.com\/index.php\/wp-json\/wp\/v2\/product"}],"about":[{"href":"https:\/\/pararepublique.com\/index.php\/wp-json\/wp\/v2\/types\/product"}],"replies":[{"embeddable":true,"href":"https:\/\/pararepublique.com\/index.php\/wp-json\/wp\/v2\/comments?post=11077"}],"version-history":[{"count":0,"href":"https:\/\/pararepublique.com\/index.php\/wp-json\/wp\/v2\/product\/11077\/revisions"}],"wp:featuredmedia":[{"embeddable":true,"href":"https:\/\/pararepublique.com\/index.php\/wp-json\/wp\/v2\/media\/11078"}],"wp:attachment":[{"href":"https:\/\/pararepublique.com\/index.php\/wp-json\/wp\/v2\/media?parent=11077"}],"wp:term":[{"taxonomy":"product_cat","embeddable":true,"href":"https:\/\/pararepublique.com\/index.php\/wp-json\/wp\/v2\/product_cat?post=11077"},{"taxonomy":"product_tag","embeddable":true,"href":"https:\/\/pararepublique.com\/index.php\/wp-json\/wp\/v2\/product_tag?post=11077"}],"curies":[{"name":"wp","href":"https:\/\/api.w.org\/{rel}","templated":true}]}}