{"id":11082,"date":"2024-08-14T13:15:27","date_gmt":"2024-08-14T13:15:27","guid":{"rendered":"https:\/\/pararepublique.com\/?post_type=product&#038;p=11082"},"modified":"2024-08-14T13:15:27","modified_gmt":"2024-08-14T13:15:27","slug":"neutraderm-bb-coffret-pm","status":"publish","type":"product","link":"https:\/\/pararepublique.com\/index.php\/product\/neutraderm-bb-coffret-pm\/","title":{"rendered":"NEUTRADERM BB COFFRET PM"},"content":{"rendered":"<p>La game NEUTRADERM hydrate la peau tout au long de la journ\u00e9e et laisse un film protecteur sur la peau. Haute tol\u00e9rance<sup>(1)<\/sup>. Formule extra douce. Fini non collant. Permet un habillage imm\u00e9diat. Prot\u00e8ge les peaux d\u00e9licates et pr\u00e9vient les irritations. La peau est douce et d\u00e9licatement parfum\u00e9e.<\/p>\n<p>La cr\u00e8me hydratante apaisante est compos\u00e9e d\u2019un actif naturel brevet\u00e9, l\u2019Active Oligo Skin Complex, apaise, remin\u00e9ralise et restructure la peau. Issu de l\u2019eau d\u2019Iroise et fortement concentr\u00e9 en min\u00e9raux et oligo-\u00e9l\u00e9ments, il restaure la barri\u00e8re cutan\u00e9e et maintient l\u2019\u00e9quilibre du microbiome de la peau.<\/p>\n","protected":false},"excerpt":{"rendered":"<p>D\u00e9couvrez la gamme Baby\u00a0<em>Neutraderm<\/em>\u00a0: des produits lavants et hydratants formul\u00e9s sp\u00e9cifiquement pour la peau sensible et fragile de\u00a0<em>b\u00e9b\u00e9<\/em>.<\/p>\n","protected":false},"featured_media":11083,"comment_status":"open","ping_status":"closed","template":"","meta":{"inline_featured_image":false,"_monsterinsights_skip_tracking":false,"_monsterinsights_sitenote_active":false,"_monsterinsights_sitenote_note":"","_monsterinsights_sitenote_category":0,"_joinchat":[]},"product_cat":[147],"product_tag":[166],"class_list":{"0":"post-11082","1":"product","2":"type-product","3":"status-publish","4":"has-post-thumbnail","6":"product_cat-neutraderm","7":"product_tag-games","9":"first","10":"instock","11":"shipping-taxable","12":"purchasable","13":"product-type-simple","14":"add-to-wishlist-after_add_to_cart"},"aioseo_notices":[],"_links":{"self":[{"href":"https:\/\/pararepublique.com\/index.php\/wp-json\/wp\/v2\/product\/11082","targetHints":{"allow":["GET"]}}],"collection":[{"href":"https:\/\/pararepublique.com\/index.php\/wp-json\/wp\/v2\/product"}],"about":[{"href":"https:\/\/pararepublique.com\/index.php\/wp-json\/wp\/v2\/types\/product"}],"replies":[{"embeddable":true,"href":"https:\/\/pararepublique.com\/index.php\/wp-json\/wp\/v2\/comments?post=11082"}],"version-history":[{"count":1,"href":"https:\/\/pararepublique.com\/index.php\/wp-json\/wp\/v2\/product\/11082\/revisions"}],"predecessor-version":[{"id":11084,"href":"https:\/\/pararepublique.com\/index.php\/wp-json\/wp\/v2\/product\/11082\/revisions\/11084"}],"wp:featuredmedia":[{"embeddable":true,"href":"https:\/\/pararepublique.com\/index.php\/wp-json\/wp\/v2\/media\/11083"}],"wp:attachment":[{"href":"https:\/\/pararepublique.com\/index.php\/wp-json\/wp\/v2\/media?parent=11082"}],"wp:term":[{"taxonomy":"product_cat","embeddable":true,"href":"https:\/\/pararepublique.com\/index.php\/wp-json\/wp\/v2\/product_cat?post=11082"},{"taxonomy":"product_tag","embeddable":true,"href":"https:\/\/pararepublique.com\/index.php\/wp-json\/wp\/v2\/product_tag?post=11082"}],"curies":[{"name":"wp","href":"https:\/\/api.w.org\/{rel}","templated":true}]}}