{"id":11087,"date":"2024-08-14T13:22:17","date_gmt":"2024-08-14T13:22:17","guid":{"rendered":"https:\/\/pararepublique.com\/?post_type=product&#038;p=11087"},"modified":"2024-08-14T13:22:17","modified_gmt":"2024-08-14T13:22:17","slug":"neutraderm-bb-eau-nett-douceur","status":"publish","type":"product","link":"https:\/\/pararepublique.com\/index.php\/product\/neutraderm-bb-eau-nett-douceur\/","title":{"rendered":"NEUTRADERM BB EAU NETT DOUCEUR"},"content":{"rendered":"<p>L\u2019Eau Nettoyante Douceur 3-en-1\u00a0<strong>nettoie<\/strong>\u00a0en un seul geste le visage, le corps &amp; le si\u00e8ge des b\u00e9b\u00e9s,\u00a0<strong>sans fini collant\u00a0<\/strong>sur la peau. Sa formule extra-douce au pH neutre et haute tol\u00e9rance<sup>1<\/sup>\u00a0ne dess\u00e8che pas la peau, \u00e9limine efficacement les impuret\u00e9s et \u00e9vite les irritations du si\u00e8ge.\u00a0La<strong>\u00a0peau est douce<\/strong>,\u00a0<strong>souple<\/strong>\u00a0et retrouve tout son confort.<\/p>\n<p>Cette\u00a0<strong>eau nettoyante b\u00e9b\u00e9<\/strong>\u00a0parfume d\u00e9licatement\u00a0la peau d\u00e9licate de b\u00e9b\u00e9 et facilite le coiffage.<\/p>\n<p>L\u2019Eau Nettoyante Douceur 3-en-1 est compos\u00e9e d\u2019actifs et ingr\u00e9dients qui respectent l\u2019\u00e9quilibre de la peau de b\u00e9b\u00e9 :<\/p>\n<ul>\n<li><strong>L\u2019agent pr\u00e9biotique prot\u00e8ge<\/strong>\u00a0et\u00a0<strong>stimule<\/strong>\u00a0les d\u00e9fenses naturelles de la peau.<\/li>\n<li><strong>L\u2019extrait de feuilles d\u2019oliviers,\u00a0<\/strong><strong>tonifie<\/strong>\u00a0et\u00a0<strong>purifie<\/strong>\u00a0la peau.<\/li>\n<li><strong>La glyc\u00e9rine\u00a0<\/strong>est un\u00a0<strong>hydratant<\/strong>, augmente l\u2019extensibilit\u00e9 et la\u00a0<strong>souplesse<\/strong>\u00a0de la peau.<\/li>\n<\/ul>\n<p>Sa formule est compos\u00e9e de 95% d\u2019ingr\u00e9dients d\u2019origine naturelle et de 99% d\u2019ingr\u00e9dients biod\u00e9gradables. Elle contient 50% d\u2019Active Oligo Skin Complex.<\/p>\n<p>Neutraderm Baby est membre\u00a0<a href=\"https:\/\/neutraderm-2021-staging.leserviceweb.com\/expertise-dermatologique-peau-sensible\/\">1% for the Planet<\/a>\u00a0et \u00e0 ce titre, reverse 1% de son chiffre d\u2019affaires \u00e0 des associations environnementales<\/p>\n","protected":false},"excerpt":{"rendered":"<p>Nettoie et apaise visage, corps &amp; si\u00e8ge, haute tol\u00e9rance<sup>1<\/sup>, sans rin\u00e7age.<\/p>\n","protected":false},"featured_media":11088,"comment_status":"open","ping_status":"closed","template":"","meta":{"inline_featured_image":false,"_monsterinsights_skip_tracking":false,"_monsterinsights_sitenote_active":false,"_monsterinsights_sitenote_note":"","_monsterinsights_sitenote_category":0,"_joinchat":[]},"product_cat":[147],"product_tag":[],"class_list":{"0":"post-11087","1":"product","2":"type-product","3":"status-publish","4":"has-post-thumbnail","6":"product_cat-neutraderm","8":"first","9":"instock","10":"shipping-taxable","11":"purchasable","12":"product-type-simple","13":"add-to-wishlist-after_add_to_cart"},"aioseo_notices":[],"_links":{"self":[{"href":"https:\/\/pararepublique.com\/index.php\/wp-json\/wp\/v2\/product\/11087","targetHints":{"allow":["GET"]}}],"collection":[{"href":"https:\/\/pararepublique.com\/index.php\/wp-json\/wp\/v2\/product"}],"about":[{"href":"https:\/\/pararepublique.com\/index.php\/wp-json\/wp\/v2\/types\/product"}],"replies":[{"embeddable":true,"href":"https:\/\/pararepublique.com\/index.php\/wp-json\/wp\/v2\/comments?post=11087"}],"version-history":[{"count":0,"href":"https:\/\/pararepublique.com\/index.php\/wp-json\/wp\/v2\/product\/11087\/revisions"}],"wp:featuredmedia":[{"embeddable":true,"href":"https:\/\/pararepublique.com\/index.php\/wp-json\/wp\/v2\/media\/11088"}],"wp:attachment":[{"href":"https:\/\/pararepublique.com\/index.php\/wp-json\/wp\/v2\/media?parent=11087"}],"wp:term":[{"taxonomy":"product_cat","embeddable":true,"href":"https:\/\/pararepublique.com\/index.php\/wp-json\/wp\/v2\/product_cat?post=11087"},{"taxonomy":"product_tag","embeddable":true,"href":"https:\/\/pararepublique.com\/index.php\/wp-json\/wp\/v2\/product_tag?post=11087"}],"curies":[{"name":"wp","href":"https:\/\/api.w.org\/{rel}","templated":true}]}}