{"id":11161,"date":"2024-08-16T11:25:22","date_gmt":"2024-08-16T11:25:22","guid":{"rendered":"https:\/\/pararepublique.com\/?post_type=product&#038;p=11161"},"modified":"2024-08-16T11:25:23","modified_gmt":"2024-08-16T11:25:23","slug":"waterwipes-lingettes-eau-p-60","status":"publish","type":"product","link":"https:\/\/pararepublique.com\/index.php\/product\/waterwipes-lingettes-eau-p-60\/","title":{"rendered":"WATERWIPES LINGETTES EAU  P\/60"},"content":{"rendered":"<p>Les <strong>Lingettes WaterWipes<\/strong> sont con\u00e7ues pour offrir une solution de nettoyage douce et pure pour la peau d\u00e9licate de votre b\u00e9b\u00e9. Chaque paquet contient 60 lingettes impr\u00e9gn\u00e9es d&rsquo;une solution sp\u00e9cialement formul\u00e9e \u00e0 99,9% d&rsquo;eau purifi\u00e9e et 0,1% d&rsquo;extrait de fruit. Parfaites pour une utilisation quotidienne, ces lingettes sont id\u00e9ales pour le nettoyage du visage, des mains et du si\u00e8ge des b\u00e9b\u00e9s, ainsi que pour des besoins divers de la famille.<\/p>\n<p><strong>Caract\u00e9ristiques :<\/strong><\/p>\n<ul>\n<li><strong>Quantit\u00e9 :<\/strong> 60 lingettes par paquet<\/li>\n<li><strong>Formule :<\/strong> 99,9% d&rsquo;eau purifi\u00e9e, 0,1% d&rsquo;extrait de fruit<\/li>\n<li><strong>Type de produit :<\/strong> Lingettes pour b\u00e9b\u00e9<\/li>\n<li><strong>Format :<\/strong> Paquet de 60 lingettes<\/li>\n<\/ul>\n<p><strong>Avantages :<\/strong><\/p>\n<ul>\n<li><strong>Puret\u00e9 Maximale :<\/strong> Contient une solution \u00e0 99,9% d&rsquo;eau purifi\u00e9e, offrant un nettoyage extr\u00eamement doux et s\u00e9curis\u00e9.<\/li>\n<li><strong>Hypoallerg\u00e9nique :<\/strong> Con\u00e7ues pour minimiser les risques d&rsquo;irritation et de r\u00e9action allergique sur la peau sensible des b\u00e9b\u00e9s.<\/li>\n<li><strong>Pratiques :<\/strong> Pr\u00eates \u00e0 l&#8217;emploi, id\u00e9ales pour les d\u00e9placements ou \u00e0 la maison.<\/li>\n<li><strong>Polyvalentes :<\/strong> Utilisables pour le visage, les mains, le si\u00e8ge et plus encore.<\/li>\n<\/ul>\n<p><strong>Conseils d&rsquo;utilisation :<\/strong><\/p>\n<ul>\n<li>Utilisez les lingettes pour nettoyer d\u00e9licatement la peau de votre b\u00e9b\u00e9 ou pour d&rsquo;autres besoins de nettoyage.<\/li>\n<li>Refermez soigneusement le paquet apr\u00e8s chaque utilisation pour maintenir la fra\u00eecheur des lingettes.<\/li>\n<\/ul>\n<p>&nbsp;<\/p>\n","protected":false},"excerpt":{"rendered":"<p>Les <strong>Lingettes WaterWipes<\/strong> sont con\u00e7ues pour offrir une solution de nettoyage douce et pure pour la peau d\u00e9licate de votre b\u00e9b\u00e9. Chaque paquet contient 60 lingettes impr\u00e9gn\u00e9es d&rsquo;une solution sp\u00e9cialement formul\u00e9e \u00e0 99,9% d&rsquo;eau purifi\u00e9e et 0,1% d&rsquo;extrait de fruit. Parfaites pour une utilisation quotidienne, ces lingettes sont id\u00e9ales pour le nettoyage du visage, des mains et du si\u00e8ge des b\u00e9b\u00e9s, ainsi que pour des besoins divers de la famille.<\/p>\n","protected":false},"featured_media":11162,"comment_status":"open","ping_status":"closed","template":"","meta":{"inline_featured_image":false,"_monsterinsights_skip_tracking":false,"_monsterinsights_sitenote_active":false,"_monsterinsights_sitenote_note":"","_monsterinsights_sitenote_category":0,"_joinchat":[]},"product_cat":[147],"product_tag":[],"class_list":{"0":"post-11161","1":"product","2":"type-product","3":"status-publish","4":"has-post-thumbnail","6":"product_cat-neutraderm","8":"first","9":"instock","10":"shipping-taxable","11":"purchasable","12":"product-type-simple","13":"add-to-wishlist-after_add_to_cart"},"aioseo_notices":[],"_links":{"self":[{"href":"https:\/\/pararepublique.com\/index.php\/wp-json\/wp\/v2\/product\/11161","targetHints":{"allow":["GET"]}}],"collection":[{"href":"https:\/\/pararepublique.com\/index.php\/wp-json\/wp\/v2\/product"}],"about":[{"href":"https:\/\/pararepublique.com\/index.php\/wp-json\/wp\/v2\/types\/product"}],"replies":[{"embeddable":true,"href":"https:\/\/pararepublique.com\/index.php\/wp-json\/wp\/v2\/comments?post=11161"}],"version-history":[{"count":0,"href":"https:\/\/pararepublique.com\/index.php\/wp-json\/wp\/v2\/product\/11161\/revisions"}],"wp:featuredmedia":[{"embeddable":true,"href":"https:\/\/pararepublique.com\/index.php\/wp-json\/wp\/v2\/media\/11162"}],"wp:attachment":[{"href":"https:\/\/pararepublique.com\/index.php\/wp-json\/wp\/v2\/media?parent=11161"}],"wp:term":[{"taxonomy":"product_cat","embeddable":true,"href":"https:\/\/pararepublique.com\/index.php\/wp-json\/wp\/v2\/product_cat?post=11161"},{"taxonomy":"product_tag","embeddable":true,"href":"https:\/\/pararepublique.com\/index.php\/wp-json\/wp\/v2\/product_tag?post=11161"}],"curies":[{"name":"wp","href":"https:\/\/api.w.org\/{rel}","templated":true}]}}