{"id":11199,"date":"2024-08-16T15:13:07","date_gmt":"2024-08-16T15:13:07","guid":{"rendered":"https:\/\/pararepublique.com\/?post_type=product&#038;p=11199"},"modified":"2024-08-16T15:13:07","modified_gmt":"2024-08-16T15:13:07","slug":"ducray-anacaps-reactiv-bt-30-caps","status":"publish","type":"product","link":"https:\/\/pararepublique.com\/index.php\/product\/ducray-anacaps-reactiv-bt-30-caps\/","title":{"rendered":"DUCRAY ANACAPS REACTIV BT\/30  CAPS"},"content":{"rendered":"<p>Le <strong>DUCRAY ANACAPS REACTIV<\/strong> est un compl\u00e9ment alimentaire con\u00e7u pour r\u00e9pondre aux besoins des cheveux et des ongles fragilis\u00e9s par des \u00e9v\u00e9nements ponctuels ou r\u00e9actifs, tels que le stress, la fatigue, ou des changements saisonniers. Ce produit aide \u00e0 redonner force et vitalit\u00e9 aux cheveux, tout en favorisant la croissance et la r\u00e9sistance des ongles.<\/p>\n<p><strong>Principes Actifs :<\/strong><\/p>\n<ul>\n<li><strong>Vitamines B6, B8 (Biotine) :<\/strong> Essentielles pour le m\u00e9tabolisme des prot\u00e9ines, elles participent \u00e0 la synth\u00e8se de la k\u00e9ratine, renfor\u00e7ant ainsi les cheveux et les ongles.<\/li>\n<li><strong>Fer :<\/strong> Indispensable pour la bonne oxyg\u00e9nation des cellules capillaires, le fer aide \u00e0 maintenir une croissance saine des cheveux.<\/li>\n<li><strong>Cystine et M\u00e9thionine :<\/strong> Ces acides amin\u00e9s soufr\u00e9s sont des composants structuraux de la k\u00e9ratine, aidant \u00e0 renforcer et \u00e0 revitaliser les cheveux et les ongles.<\/li>\n<li><strong>Vitamines E et PP (Niacine) :<\/strong> Propri\u00e9t\u00e9s antioxydantes, elles prot\u00e8gent les cellules contre le stress oxydatif, tout en am\u00e9liorant la microcirculation au niveau du cuir chevelu.<\/li>\n<\/ul>\n<p><strong>Bienfaits :<\/strong><\/p>\n<ul>\n<li><strong>Restaure la Vitalit\u00e9 des Cheveux :<\/strong> Aide \u00e0 retrouver des cheveux forts et r\u00e9sistants apr\u00e8s des p\u00e9riodes de stress ou de fatigue.<\/li>\n<li><strong>Renforce les Ongles :<\/strong> Favorise la croissance et la solidit\u00e9 des ongles, r\u00e9duisant leur fragilit\u00e9.<\/li>\n<li><strong>R\u00e9duit la Chute R\u00e9active des Cheveux :<\/strong> Aide \u00e0 limiter la chute de cheveux caus\u00e9e par des \u00e9v\u00e9nements stressants ou des changements hormonaux.<\/li>\n<\/ul>\n<p><strong>Mode d\u2019Emploi :<\/strong><\/p>\n<ul>\n<li><strong>Posologie :<\/strong> Prenez une capsule par jour avec un grand verre d&rsquo;eau, de pr\u00e9f\u00e9rence le matin.<\/li>\n<li><strong>Dur\u00e9e du Traitement :<\/strong> Pour des r\u00e9sultats optimaux, suivez le traitement pendant au moins 3 mois.<\/li>\n<\/ul>\n<p><strong>Pr\u00e9cautions d\u2019Emploi :<\/strong><\/p>\n<ul>\n<li><strong>Usage Interne :<\/strong> Ce produit est un compl\u00e9ment alimentaire et ne doit pas remplacer une alimentation vari\u00e9e et \u00e9quilibr\u00e9e.<\/li>\n<li><strong>Conservation :<\/strong> Conservez \u00e0 l&rsquo;abri de la lumi\u00e8re, de la chaleur, et de l&rsquo;humidit\u00e9.<\/li>\n<li><strong>Tenir hors de port\u00e9e des enfants.<\/strong><\/li>\n<\/ul>\n<p>&nbsp;<\/p>\n","protected":false},"excerpt":{"rendered":"<p>Le <strong>DUCRAY ANACAPS REACTIV<\/strong> est un compl\u00e9ment alimentaire con\u00e7u pour r\u00e9pondre aux besoins des cheveux et des ongles fragilis\u00e9s par des \u00e9v\u00e9nements ponctuels ou r\u00e9actifs, tels que le stress, la fatigue, ou des changements saisonniers. Ce produit aide \u00e0 redonner force et vitalit\u00e9 aux cheveux, tout en favorisant la croissance et la r\u00e9sistance des ongles.<\/p>\n","protected":false},"featured_media":11201,"comment_status":"open","ping_status":"closed","template":"","meta":{"inline_featured_image":false,"_monsterinsights_skip_tracking":false,"_monsterinsights_sitenote_active":false,"_monsterinsights_sitenote_note":"","_monsterinsights_sitenote_category":0,"_joinchat":[]},"product_cat":[159],"product_tag":[],"class_list":{"0":"post-11199","1":"product","2":"type-product","3":"status-publish","4":"has-post-thumbnail","6":"product_cat-ducray-soins-capillaires","8":"first","9":"instock","10":"shipping-taxable","11":"purchasable","12":"product-type-simple","13":"add-to-wishlist-after_add_to_cart"},"aioseo_notices":[],"_links":{"self":[{"href":"https:\/\/pararepublique.com\/index.php\/wp-json\/wp\/v2\/product\/11199","targetHints":{"allow":["GET"]}}],"collection":[{"href":"https:\/\/pararepublique.com\/index.php\/wp-json\/wp\/v2\/product"}],"about":[{"href":"https:\/\/pararepublique.com\/index.php\/wp-json\/wp\/v2\/types\/product"}],"replies":[{"embeddable":true,"href":"https:\/\/pararepublique.com\/index.php\/wp-json\/wp\/v2\/comments?post=11199"}],"version-history":[{"count":0,"href":"https:\/\/pararepublique.com\/index.php\/wp-json\/wp\/v2\/product\/11199\/revisions"}],"wp:featuredmedia":[{"embeddable":true,"href":"https:\/\/pararepublique.com\/index.php\/wp-json\/wp\/v2\/media\/11201"}],"wp:attachment":[{"href":"https:\/\/pararepublique.com\/index.php\/wp-json\/wp\/v2\/media?parent=11199"}],"wp:term":[{"taxonomy":"product_cat","embeddable":true,"href":"https:\/\/pararepublique.com\/index.php\/wp-json\/wp\/v2\/product_cat?post=11199"},{"taxonomy":"product_tag","embeddable":true,"href":"https:\/\/pararepublique.com\/index.php\/wp-json\/wp\/v2\/product_tag?post=11199"}],"curies":[{"name":"wp","href":"https:\/\/api.w.org\/{rel}","templated":true}]}}