{"id":11206,"date":"2024-08-16T15:26:00","date_gmt":"2024-08-16T15:26:00","guid":{"rendered":"https:\/\/pararepublique.com\/?post_type=product&#038;p=11206"},"modified":"2024-08-16T15:26:00","modified_gmt":"2024-08-16T15:26:00","slug":"ducray-anaphase-apres-shampoing-200ml","status":"publish","type":"product","link":"https:\/\/pararepublique.com\/index.php\/product\/ducray-anaphase-apres-shampoing-200ml\/","title":{"rendered":"DUCRAY ANAPHASE APRES SHAMPOING 200ML"},"content":{"rendered":"<p>Le <strong>DUCRAY ANAPHASE APR\u00c8S-SHAMPOING<\/strong> est un soin compl\u00e9mentaire con\u00e7u pour revitaliser et renforcer les cheveux fragilis\u00e9s, particuli\u00e8rement ceux sujets \u00e0 la chute. Cet apr\u00e8s-shampoing d\u00e9m\u00ealant et fortifiant compl\u00e8te parfaitement le shampoing ANAPHASE+ en apportant aux cheveux les nutriments essentiels dont ils ont besoin pour retrouver leur vitalit\u00e9, leur souplesse et leur brillance. Sa formule enrichie contribue \u00e0 nourrir les cheveux en profondeur tout en facilitant le d\u00e9m\u00ealage sans les alourdir.<\/p>\n<p><strong>Principes Actifs :<\/strong><\/p>\n<ul>\n<li><strong>Monolaurine :<\/strong> Limite l&rsquo;activit\u00e9 de l&rsquo;enzyme 5-alpha-r\u00e9ductase, responsable de la chute de cheveux, et aide \u00e0 freiner la chute capillaire.<\/li>\n<li><strong>Ruscus :<\/strong> Stimule la microcirculation du cuir chevelu, favorisant ainsi l&rsquo;apport en nutriments essentiels aux follicules pileux.<\/li>\n<li><strong>Vitamines B5, B6, B8 :<\/strong> Ces vitamines sont cruciales pour la sant\u00e9 des cheveux, renfor\u00e7ant leur structure et stimulant leur croissance.<\/li>\n<li><strong>Beurre de Karit\u00e9 :<\/strong> Connu pour ses propri\u00e9t\u00e9s nourrissantes et hydratantes, il adoucit et prot\u00e8ge les cheveux, les rendant plus souples et brillants.<\/li>\n<\/ul>\n<p><strong>Bienfaits :<\/strong><\/p>\n<ul>\n<li><strong>Renforce les Cheveux :<\/strong> Aide \u00e0 renforcer les cheveux fragilis\u00e9s et sujets \u00e0 la chute en leur apportant les nutriments n\u00e9cessaires.<\/li>\n<li><strong>Facilite le D\u00e9m\u00ealage :<\/strong> Laisse les cheveux doux et faciles \u00e0 d\u00e9m\u00ealer, r\u00e9duisant ainsi le risque de casse lors du coiffage.<\/li>\n<li><strong>Nourrit et Hydrate :<\/strong> Nourrit en profondeur les cheveux, les rendant plus souples et brillants sans les alourdir.<\/li>\n<li><strong>Am\u00e9liore la R\u00e9sistance Capillaire :<\/strong> Contribue \u00e0 am\u00e9liorer la r\u00e9sistance des cheveux, les rendant moins susceptibles de se casser ou de tomber.<\/li>\n<\/ul>\n","protected":false},"excerpt":{"rendered":"<p>Le <strong>DUCRAY ANAPHASE APR\u00c8S-SHAMPOING<\/strong> est un soin compl\u00e9mentaire con\u00e7u pour revitaliser et renforcer les cheveux fragilis\u00e9s, particuli\u00e8rement ceux sujets \u00e0 la chute. Cet apr\u00e8s-shampoing d\u00e9m\u00ealant et fortifiant compl\u00e8te parfaitement le shampoing ANAPHASE+ en apportant aux cheveux les nutriments essentiels dont ils ont besoin pour retrouver leur vitalit\u00e9, leur souplesse et leur brillance. Sa formule enrichie contribue \u00e0 nourrir les cheveux en profondeur tout en facilitant le d\u00e9m\u00ealage sans les alourdir.<\/p>\n","protected":false},"featured_media":11208,"comment_status":"open","ping_status":"closed","template":"","meta":{"inline_featured_image":false,"_monsterinsights_skip_tracking":false,"_monsterinsights_sitenote_active":false,"_monsterinsights_sitenote_note":"","_monsterinsights_sitenote_category":0,"_joinchat":[]},"product_cat":[159],"product_tag":[],"class_list":{"0":"post-11206","1":"product","2":"type-product","3":"status-publish","4":"has-post-thumbnail","6":"product_cat-ducray-soins-capillaires","8":"first","9":"instock","10":"shipping-taxable","11":"purchasable","12":"product-type-simple","13":"add-to-wishlist-after_add_to_cart"},"aioseo_notices":[],"_links":{"self":[{"href":"https:\/\/pararepublique.com\/index.php\/wp-json\/wp\/v2\/product\/11206","targetHints":{"allow":["GET"]}}],"collection":[{"href":"https:\/\/pararepublique.com\/index.php\/wp-json\/wp\/v2\/product"}],"about":[{"href":"https:\/\/pararepublique.com\/index.php\/wp-json\/wp\/v2\/types\/product"}],"replies":[{"embeddable":true,"href":"https:\/\/pararepublique.com\/index.php\/wp-json\/wp\/v2\/comments?post=11206"}],"version-history":[{"count":1,"href":"https:\/\/pararepublique.com\/index.php\/wp-json\/wp\/v2\/product\/11206\/revisions"}],"predecessor-version":[{"id":11209,"href":"https:\/\/pararepublique.com\/index.php\/wp-json\/wp\/v2\/product\/11206\/revisions\/11209"}],"wp:featuredmedia":[{"embeddable":true,"href":"https:\/\/pararepublique.com\/index.php\/wp-json\/wp\/v2\/media\/11208"}],"wp:attachment":[{"href":"https:\/\/pararepublique.com\/index.php\/wp-json\/wp\/v2\/media?parent=11206"}],"wp:term":[{"taxonomy":"product_cat","embeddable":true,"href":"https:\/\/pararepublique.com\/index.php\/wp-json\/wp\/v2\/product_cat?post=11206"},{"taxonomy":"product_tag","embeddable":true,"href":"https:\/\/pararepublique.com\/index.php\/wp-json\/wp\/v2\/product_tag?post=11206"}],"curies":[{"name":"wp","href":"https:\/\/api.w.org\/{rel}","templated":true}]}}