{"id":11212,"date":"2024-08-16T15:31:40","date_gmt":"2024-08-16T15:31:40","guid":{"rendered":"https:\/\/pararepublique.com\/?post_type=product&#038;p=11212"},"modified":"2024-08-16T15:32:04","modified_gmt":"2024-08-16T15:32:04","slug":"ducray-anaphase-shampoing-400ml","status":"publish","type":"product","link":"https:\/\/pararepublique.com\/index.php\/product\/ducray-anaphase-shampoing-400ml\/","title":{"rendered":"DUCRAY ANAPHASE SHAMPOING  400ML"},"content":{"rendered":"<p>Le <strong>DUCRAY ANAPHASE SHAMPOING<\/strong> est un shampoing fortifiant et stimulant, sp\u00e9cialement con\u00e7u pour les cheveux fragilis\u00e9s et sujets \u00e0 la chute. Formul\u00e9 pour accompagner les traitements anti-chute, il pr\u00e9pare le cuir chevelu et les cheveux \u00e0 recevoir les soins sp\u00e9cifiques tout en leur apportant force, volume et vitalit\u00e9. Avec son format g\u00e9n\u00e9reux de 400 ml, ce shampoing est id\u00e9al pour un usage r\u00e9gulier et prolong\u00e9.<\/p>\n<p><strong>Principes Actifs :<\/strong><\/p>\n<ul>\n<li><strong>Monolaurine :<\/strong> Cet actif limite l&rsquo;activit\u00e9 de l&rsquo;enzyme 5-alpha-r\u00e9ductase, impliqu\u00e9e dans la chute de cheveux, et contribue \u00e0 freiner la chute capillaire.<\/li>\n<li><strong>Ruscus :<\/strong> Stimule la microcirculation du cuir chevelu, favorisant l&rsquo;apport en nutriments essentiels aux follicules pileux.<\/li>\n<li><strong>Vitamines B5, B6, B8 :<\/strong> Ces vitamines sont essentielles pour la synth\u00e8se de la k\u00e9ratine, renfor\u00e7ant ainsi la structure des cheveux et stimulant leur croissance.<\/li>\n<li><strong>Nicotinamide :<\/strong> Offre une action apaisante, renfor\u00e7ant la barri\u00e8re protectrice du cuir chevelu et contribuant \u00e0 son \u00e9quilibre.<\/li>\n<\/ul>\n<p><strong>Bienfaits :<\/strong><\/p>\n<ul>\n<li><strong>Stimulation de la Croissance Capillaire :<\/strong> Favorise la croissance des cheveux, les rendant plus forts et r\u00e9sistants.<\/li>\n<li><strong>Renforcement de la Fibre Capillaire :<\/strong> Am\u00e9liore la densit\u00e9 et la robustesse des cheveux fragilis\u00e9s, r\u00e9duisant la casse et la chute.<\/li>\n<li><strong>Volume et Vitalit\u00e9 :<\/strong> Apporte volume et vigueur aux cheveux, les laissant visiblement plus \u00e9pais et en meilleure sant\u00e9.<\/li>\n<li><strong>Pr\u00e9paration aux Soins Anti-Chute :<\/strong> Pr\u00e9pare le cuir chevelu et les cheveux \u00e0 recevoir les traitements anti-chute pour une efficacit\u00e9 optimale.<\/li>\n<\/ul>\n","protected":false},"excerpt":{"rendered":"<p>Le <strong>DUCRAY ANAPHASE SHAMPOING<\/strong> est un shampoing fortifiant et stimulant, sp\u00e9cialement con\u00e7u pour les cheveux fragilis\u00e9s et sujets \u00e0 la chute. Formul\u00e9 pour accompagner les traitements anti-chute,<\/p>\n","protected":false},"featured_media":11213,"comment_status":"open","ping_status":"closed","template":"","meta":{"inline_featured_image":false,"_monsterinsights_skip_tracking":false,"_monsterinsights_sitenote_active":false,"_monsterinsights_sitenote_note":"","_monsterinsights_sitenote_category":0,"_joinchat":[]},"product_cat":[159],"product_tag":[],"class_list":{"0":"post-11212","1":"product","2":"type-product","3":"status-publish","4":"has-post-thumbnail","6":"product_cat-ducray-soins-capillaires","8":"first","9":"instock","10":"shipping-taxable","11":"purchasable","12":"product-type-simple","13":"add-to-wishlist-after_add_to_cart"},"aioseo_notices":[],"_links":{"self":[{"href":"https:\/\/pararepublique.com\/index.php\/wp-json\/wp\/v2\/product\/11212","targetHints":{"allow":["GET"]}}],"collection":[{"href":"https:\/\/pararepublique.com\/index.php\/wp-json\/wp\/v2\/product"}],"about":[{"href":"https:\/\/pararepublique.com\/index.php\/wp-json\/wp\/v2\/types\/product"}],"replies":[{"embeddable":true,"href":"https:\/\/pararepublique.com\/index.php\/wp-json\/wp\/v2\/comments?post=11212"}],"version-history":[{"count":0,"href":"https:\/\/pararepublique.com\/index.php\/wp-json\/wp\/v2\/product\/11212\/revisions"}],"wp:featuredmedia":[{"embeddable":true,"href":"https:\/\/pararepublique.com\/index.php\/wp-json\/wp\/v2\/media\/11213"}],"wp:attachment":[{"href":"https:\/\/pararepublique.com\/index.php\/wp-json\/wp\/v2\/media?parent=11212"}],"wp:term":[{"taxonomy":"product_cat","embeddable":true,"href":"https:\/\/pararepublique.com\/index.php\/wp-json\/wp\/v2\/product_cat?post=11212"},{"taxonomy":"product_tag","embeddable":true,"href":"https:\/\/pararepublique.com\/index.php\/wp-json\/wp\/v2\/product_tag?post=11212"}],"curies":[{"name":"wp","href":"https:\/\/api.w.org\/{rel}","templated":true}]}}