{"id":11216,"date":"2024-08-16T15:41:41","date_gmt":"2024-08-16T15:41:41","guid":{"rendered":"https:\/\/pararepublique.com\/?post_type=product&#038;p=11216"},"modified":"2024-08-16T15:41:41","modified_gmt":"2024-08-16T15:41:41","slug":"ducray-coffret-anaphas-anacaps","status":"publish","type":"product","link":"https:\/\/pararepublique.com\/index.php\/product\/ducray-coffret-anaphas-anacaps\/","title":{"rendered":"DUCRAY COFFRET ANAPHAS ANACAPS+"},"content":{"rendered":"<p>Le <strong>DUCRAY COFFRET ANAPHASE+ ANACAPS+<\/strong> est une solution compl\u00e8te con\u00e7ue pour renforcer et revitaliser les cheveux fragilis\u00e9s et sujets \u00e0 la chute. Ce coffret r\u00e9unit deux produits phares de la gamme DUCRAY, offrant une action combin\u00e9e pour prendre soin des cheveux de l&rsquo;int\u00e9rieur comme de l&rsquo;ext\u00e9rieur.<\/p>\n","protected":false},"excerpt":{"rendered":"<p>Le <strong>DUCRAY COFFRET ANAPHASE+ ANACAPS+<\/strong> est une solution compl\u00e8te con\u00e7ue pour renforcer et revitaliser les cheveux fragilis\u00e9s et sujets \u00e0 la chute. Ce coffret r\u00e9unit deux produits phares de la gamme DUCRAY, offrant une action combin\u00e9e pour prendre soin des cheveux de l&rsquo;int\u00e9rieur comme de l&rsquo;ext\u00e9rieur.<\/p>\n","protected":false},"featured_media":11217,"comment_status":"open","ping_status":"closed","template":"","meta":{"inline_featured_image":false,"_monsterinsights_skip_tracking":false,"_monsterinsights_sitenote_active":false,"_monsterinsights_sitenote_note":"","_monsterinsights_sitenote_category":0,"_joinchat":[]},"product_cat":[159],"product_tag":[],"class_list":{"0":"post-11216","1":"product","2":"type-product","3":"status-publish","4":"has-post-thumbnail","6":"product_cat-ducray-soins-capillaires","8":"first","9":"instock","10":"shipping-taxable","11":"purchasable","12":"product-type-simple","13":"add-to-wishlist-after_add_to_cart"},"aioseo_notices":[],"_links":{"self":[{"href":"https:\/\/pararepublique.com\/index.php\/wp-json\/wp\/v2\/product\/11216","targetHints":{"allow":["GET"]}}],"collection":[{"href":"https:\/\/pararepublique.com\/index.php\/wp-json\/wp\/v2\/product"}],"about":[{"href":"https:\/\/pararepublique.com\/index.php\/wp-json\/wp\/v2\/types\/product"}],"replies":[{"embeddable":true,"href":"https:\/\/pararepublique.com\/index.php\/wp-json\/wp\/v2\/comments?post=11216"}],"version-history":[{"count":0,"href":"https:\/\/pararepublique.com\/index.php\/wp-json\/wp\/v2\/product\/11216\/revisions"}],"wp:featuredmedia":[{"embeddable":true,"href":"https:\/\/pararepublique.com\/index.php\/wp-json\/wp\/v2\/media\/11217"}],"wp:attachment":[{"href":"https:\/\/pararepublique.com\/index.php\/wp-json\/wp\/v2\/media?parent=11216"}],"wp:term":[{"taxonomy":"product_cat","embeddable":true,"href":"https:\/\/pararepublique.com\/index.php\/wp-json\/wp\/v2\/product_cat?post=11216"},{"taxonomy":"product_tag","embeddable":true,"href":"https:\/\/pararepublique.com\/index.php\/wp-json\/wp\/v2\/product_tag?post=11216"}],"curies":[{"name":"wp","href":"https:\/\/api.w.org\/{rel}","templated":true}]}}