{"id":11230,"date":"2024-08-16T16:13:07","date_gmt":"2024-08-16T16:13:07","guid":{"rendered":"https:\/\/pararepublique.com\/?post_type=product&#038;p=11230"},"modified":"2024-08-16T16:13:07","modified_gmt":"2024-08-16T16:13:07","slug":"ducray-dexyane-huile-lavante-400ml","status":"publish","type":"product","link":"https:\/\/pararepublique.com\/index.php\/product\/ducray-dexyane-huile-lavante-400ml\/","title":{"rendered":"DUCRAY DEXYANE HUILE LAVANTE  400ML"},"content":{"rendered":"<p>La <strong>DUCRAY DEXYANE HUILE LAVANTE<\/strong> est une huile de bain enrichie, sp\u00e9cialement con\u00e7ue pour les peaux tr\u00e8s s\u00e8ches, sensibles et sujettes aux irritations. Sa formule innovante nettoie en douceur tout en apportant une hydratation et une protection exceptionnelles \u00e0 la peau. Id\u00e9ale pour les adultes et les enfants \u00e0 partir de 3 ans, cette huile lavante est parfaite pour les peaux fragilis\u00e9es par des conditions dermatologiques telles que l\u2019ecz\u00e9ma ou la dermatite.<\/p>\n<p><strong>Principes Actifs :<\/strong><\/p>\n<ul>\n<li><strong>Agents Surgras :<\/strong> Enrichie en agents surgras, l\u2019huile lavante compense la perte de lipides pendant le lavage, pr\u00e9venant ainsi la d\u00e9shydratation et offrant une protection renforc\u00e9e.<\/li>\n<li><strong>Huile de Carthame :<\/strong> Connue pour ses propri\u00e9t\u00e9s nourrissantes, elle apporte des acides gras essentiels qui aident \u00e0 restaurer et \u00e0 maintenir la barri\u00e8re cutan\u00e9e.<\/li>\n<li><strong>Glyc\u00e9rine :<\/strong> Un puissant hydratant qui attire l\u2019eau vers la peau, garantissant une hydratation prolong\u00e9e et une peau plus douce et souple.<\/li>\n<\/ul>\n<p><strong>Bienfaits :<\/strong><\/p>\n<ul>\n<li><strong>Nettoyage Doux :<\/strong> Nettoie la peau en douceur sans agresser, \u00e9liminant les impuret\u00e9s tout en respectant l\u2019\u00e9quilibre naturel de la peau.<\/li>\n<li><strong>Hydratation Renforc\u00e9e :<\/strong> Gr\u00e2ce \u00e0 ses agents surgras et \u00e0 l\u2019huile de carthame, elle nourrit intens\u00e9ment la peau et aide \u00e0 pr\u00e9venir la s\u00e9cheresse cutan\u00e9e.<\/li>\n<li><strong>Protection de la Barri\u00e8re Cutann\u00e9e :<\/strong> Renforce la barri\u00e8re cutan\u00e9e, r\u00e9duisant les risques de d\u00e9shydratation et apaisant les peaux sensibles.<\/li>\n<li><strong>Apaisement des Irritations :<\/strong> Contribue \u00e0 calmer les rougeurs et les d\u00e9mangeaisons, apportant un confort imm\u00e9diat aux peaux sujettes aux irritations.<\/li>\n<\/ul>\n","protected":false},"excerpt":{"rendered":"<p>La <strong>DUCRAY DEXYANE HUILE LAVANTE<\/strong> est une huile de bain enrichie, sp\u00e9cialement con\u00e7ue pour les peaux tr\u00e8s s\u00e8ches, sensibles et sujettes aux irritations. Sa formule innovante nettoie en douceur tout en apportant une hydratation et une protection exceptionnelles \u00e0 la peau.<\/p>\n","protected":false},"featured_media":11231,"comment_status":"open","ping_status":"closed","template":"","meta":{"inline_featured_image":false,"_monsterinsights_skip_tracking":false,"_monsterinsights_sitenote_active":false,"_monsterinsights_sitenote_note":"","_monsterinsights_sitenote_category":0,"_joinchat":[]},"product_cat":[159],"product_tag":[],"class_list":{"0":"post-11230","1":"product","2":"type-product","3":"status-publish","4":"has-post-thumbnail","6":"product_cat-ducray-soins-capillaires","8":"first","9":"instock","10":"shipping-taxable","11":"purchasable","12":"product-type-simple","13":"add-to-wishlist-after_add_to_cart"},"aioseo_notices":[],"_links":{"self":[{"href":"https:\/\/pararepublique.com\/index.php\/wp-json\/wp\/v2\/product\/11230","targetHints":{"allow":["GET"]}}],"collection":[{"href":"https:\/\/pararepublique.com\/index.php\/wp-json\/wp\/v2\/product"}],"about":[{"href":"https:\/\/pararepublique.com\/index.php\/wp-json\/wp\/v2\/types\/product"}],"replies":[{"embeddable":true,"href":"https:\/\/pararepublique.com\/index.php\/wp-json\/wp\/v2\/comments?post=11230"}],"version-history":[{"count":1,"href":"https:\/\/pararepublique.com\/index.php\/wp-json\/wp\/v2\/product\/11230\/revisions"}],"predecessor-version":[{"id":11232,"href":"https:\/\/pararepublique.com\/index.php\/wp-json\/wp\/v2\/product\/11230\/revisions\/11232"}],"wp:featuredmedia":[{"embeddable":true,"href":"https:\/\/pararepublique.com\/index.php\/wp-json\/wp\/v2\/media\/11231"}],"wp:attachment":[{"href":"https:\/\/pararepublique.com\/index.php\/wp-json\/wp\/v2\/media?parent=11230"}],"wp:term":[{"taxonomy":"product_cat","embeddable":true,"href":"https:\/\/pararepublique.com\/index.php\/wp-json\/wp\/v2\/product_cat?post=11230"},{"taxonomy":"product_tag","embeddable":true,"href":"https:\/\/pararepublique.com\/index.php\/wp-json\/wp\/v2\/product_tag?post=11230"}],"curies":[{"name":"wp","href":"https:\/\/api.w.org\/{rel}","templated":true}]}}