{"id":11242,"date":"2024-08-19T11:20:38","date_gmt":"2024-08-19T11:20:38","guid":{"rendered":"https:\/\/pararepublique.com\/?post_type=product&#038;p=11242"},"modified":"2024-08-19T11:20:38","modified_gmt":"2024-08-19T11:20:38","slug":"ducray-extra-doux-apres-shampoing-200ml","status":"publish","type":"product","link":"https:\/\/pararepublique.com\/index.php\/product\/ducray-extra-doux-apres-shampoing-200ml\/","title":{"rendered":"DUCRAY EXTRA DOUX APRES SHAMPOING 200ML"},"content":{"rendered":"<p><strong>DUCRAY EXTRA DOUX APR\u00c8S-SHAMPOING 200ML<\/strong> est un soin capillaire con\u00e7u pour apporter douceur, hydratation, et protection aux cheveux tout en respectant l&rsquo;\u00e9quilibre naturel du cuir chevelu. Cet apr\u00e8s-shampooing est formul\u00e9 pour \u00eatre utilis\u00e9 en compl\u00e9ment du shampooing DUCRAY Extra-Doux, mais il peut aussi s&rsquo;int\u00e9grer dans n&rsquo;importe quelle routine capillaire pour des cheveux plus souples et faciles \u00e0 coiffer.<\/p>\n<p>Sa formule d\u00e9licate contient des agents nourrissants et d\u00e9m\u00ealants qui facilitent le coiffage, r\u00e9duisent les frisottis, et laissent les cheveux doux, lisses, et brillants. Gr\u00e2ce \u00e0 sa texture l\u00e9g\u00e8re, cet apr\u00e8s-shampooing n&rsquo;alourdit pas les cheveux et convient \u00e0 tous les types de cheveux, y compris les cheveux fins ou fragiles.<\/p>\n<p>Adapt\u00e9 \u00e0 une utilisation fr\u00e9quente, m\u00eame quotidienne, le DUCRAY EXTRA DOUX APR\u00c8S-SHAMPOING est parfait pour les personnes recherchant un soin capillaire doux et efficace qui respecte la sensibilit\u00e9 du cuir chevelu et pr\u00e9serve la beaut\u00e9 naturelle des cheveux. Sa formule est sans silicone pour \u00e9viter tout effet de lourdeur, ce qui le rend id\u00e9al pour maintenir des cheveux sains, l\u00e9gers et plein de vitalit\u00e9.<\/p>\n<p>Il est \u00e9galement appr\u00e9ci\u00e9 pour sa capacit\u00e9 \u00e0 prot\u00e9ger les cheveux des agressions ext\u00e9rieures, comme la pollution ou l&rsquo;utilisation fr\u00e9quente d&rsquo;appareils chauffants, tout en renfor\u00e7ant leur structure et en pr\u00e9venant la casse. Ce soin capillaire est donc particuli\u00e8rement recommand\u00e9 pour ceux qui souhaitent entretenir des cheveux en bonne sant\u00e9, souples, et \u00e9clatants jour apr\u00e8s jour.<\/p>\n","protected":false},"excerpt":{"rendered":"<p><strong>DUCRAY EXTRA DOUX APR\u00c8S-SHAMPOING 200ML<\/strong> est un soin capillaire con\u00e7u pour apporter douceur, hydratation, et protection aux cheveux tout en respectant l&rsquo;\u00e9quilibre naturel du cuir chevelu. Cet apr\u00e8s-shampooing est formul\u00e9 pour \u00eatre utilis\u00e9 en compl\u00e9ment du shampooing DUCRAY Extra-Doux, mais il peut aussi s&rsquo;int\u00e9grer dans n&rsquo;importe quelle routine capillaire pour des cheveux plus souples et faciles \u00e0 coiffer.<\/p>\n","protected":false},"featured_media":11243,"comment_status":"open","ping_status":"closed","template":"","meta":{"inline_featured_image":false,"_monsterinsights_skip_tracking":false,"_monsterinsights_sitenote_active":false,"_monsterinsights_sitenote_note":"","_monsterinsights_sitenote_category":0,"_joinchat":[]},"product_cat":[159],"product_tag":[],"class_list":{"0":"post-11242","1":"product","2":"type-product","3":"status-publish","4":"has-post-thumbnail","6":"product_cat-ducray-soins-capillaires","8":"first","9":"instock","10":"shipping-taxable","11":"purchasable","12":"product-type-simple","13":"add-to-wishlist-after_add_to_cart"},"aioseo_notices":[],"_links":{"self":[{"href":"https:\/\/pararepublique.com\/index.php\/wp-json\/wp\/v2\/product\/11242","targetHints":{"allow":["GET"]}}],"collection":[{"href":"https:\/\/pararepublique.com\/index.php\/wp-json\/wp\/v2\/product"}],"about":[{"href":"https:\/\/pararepublique.com\/index.php\/wp-json\/wp\/v2\/types\/product"}],"replies":[{"embeddable":true,"href":"https:\/\/pararepublique.com\/index.php\/wp-json\/wp\/v2\/comments?post=11242"}],"version-history":[{"count":0,"href":"https:\/\/pararepublique.com\/index.php\/wp-json\/wp\/v2\/product\/11242\/revisions"}],"wp:featuredmedia":[{"embeddable":true,"href":"https:\/\/pararepublique.com\/index.php\/wp-json\/wp\/v2\/media\/11243"}],"wp:attachment":[{"href":"https:\/\/pararepublique.com\/index.php\/wp-json\/wp\/v2\/media?parent=11242"}],"wp:term":[{"taxonomy":"product_cat","embeddable":true,"href":"https:\/\/pararepublique.com\/index.php\/wp-json\/wp\/v2\/product_cat?post=11242"},{"taxonomy":"product_tag","embeddable":true,"href":"https:\/\/pararepublique.com\/index.php\/wp-json\/wp\/v2\/product_tag?post=11242"}],"curies":[{"name":"wp","href":"https:\/\/api.w.org\/{rel}","templated":true}]}}