{"id":11244,"date":"2024-08-19T11:22:45","date_gmt":"2024-08-19T11:22:45","guid":{"rendered":"https:\/\/pararepublique.com\/?post_type=product&#038;p=11244"},"modified":"2024-08-19T11:22:45","modified_gmt":"2024-08-19T11:22:45","slug":"ducray-gel-rubefiant-t-30ml","status":"publish","type":"product","link":"https:\/\/pararepublique.com\/index.php\/product\/ducray-gel-rubefiant-t-30ml\/","title":{"rendered":"DUCRAY GEL RUBEFIANT T\/30ML"},"content":{"rendered":"<div class=\"flex-shrink-0 flex flex-col relative items-end\">\n<div>\n<div class=\"pt-0\">\n<div class=\"gizmo-bot-avatar flex h-8 w-8 items-center justify-center overflow-hidden rounded-full\">\n<div class=\"relative p-1 rounded-sm flex items-center justify-center bg-token-main-surface-primary text-token-text-primary h-8 w-8\"><\/div>\n<\/div>\n<\/div>\n<\/div>\n<\/div>\n<div class=\"group\/conversation-turn relative flex w-full min-w-0 flex-col agent-turn\">\n<div class=\"flex-col gap-1 md:gap-3\">\n<div class=\"flex max-w-full flex-col flex-grow\">\n<div class=\"min-h-[20px] text-message flex w-full flex-col items-end gap-2 whitespace-pre-wrap break-words [.text-message+&amp;]:mt-5 overflow-x-auto\" dir=\"auto\" data-message-author-role=\"assistant\" data-message-id=\"ec6145d7-c910-4bad-9f06-035012945ac1\">\n<div class=\"flex w-full flex-col gap-1 empty:hidden first:pt-[3px]\">\n<div class=\"markdown prose w-full break-words dark:prose-invert dark\">\n<p>Le <strong>DUCRAY GEL RUB\u00c9FIANT T\/30ML<\/strong> est un gel de soin sp\u00e9cifique destin\u00e9 \u00e0 stimuler la microcirculation cutan\u00e9e. Ce type de produit est souvent utilis\u00e9 pour am\u00e9liorer l&rsquo;oxyg\u00e9nation des tissus de la peau et apporter une sensation de chaleur locale, ce qui peut aider \u00e0 soulager certaines douleurs musculaires ou articulaires.<\/p>\n<p>Ce gel contient des agents rub\u00e9fiants, qui provoquent une l\u00e9g\u00e8re rougeur de la peau en dilatant les vaisseaux sanguins superficiels. Cette action favorise l&rsquo;afflux sanguin dans la zone appliqu\u00e9e, contribuant \u00e0 une meilleure r\u00e9g\u00e9n\u00e9ration cellulaire et \u00e0 un soulagement des tensions musculaires. Il est g\u00e9n\u00e9ralement utilis\u00e9 pour les soins localis\u00e9s, comme les douleurs de dos, les courbatures ou les raideurs.<\/p>\n<p>La texture gel du produit permet une application facile et une absorption rapide, sans laisser de film gras sur la peau. Le <strong>DUCRAY GEL RUB\u00c9FIANT<\/strong> peut \u00eatre appliqu\u00e9 en massage doux sur les zones concern\u00e9es, et est souvent recommand\u00e9 pour les personnes cherchant un soin rapide et efficace pour apaiser les tensions musculaires.<\/p>\n<p>Ce produit est \u00e0 utiliser avec pr\u00e9caution, en \u00e9vitant le contact avec les muqueuses et les yeux. Il est \u00e9galement conseill\u00e9 de ne pas l&rsquo;appliquer sur une peau irrit\u00e9e ou bless\u00e9e. En raison de son effet chauffant, il est recommand\u00e9 de tester le produit sur une petite zone de peau avant une utilisation plus \u00e9tendue, surtout pour les personnes ayant une peau sensible.<\/p>\n<p><strong>Cat\u00e9gorie :<\/strong> Le <strong>DUCRAY GEL RUB\u00c9FIANT<\/strong> fait partie des <strong>soins dermatologiques sp\u00e9cifiques<\/strong>, plus pr\u00e9cis\u00e9ment des produits rub\u00e9fiants et des soins topiques destin\u00e9s \u00e0 soulager les douleurs musculaires ou \u00e0 stimuler la circulation cutan\u00e9e.<\/p>\n<\/div>\n<\/div>\n<\/div>\n<\/div>\n<\/div>\n<\/div>\n","protected":false},"excerpt":{"rendered":"<p>Le <strong>DUCRAY GEL RUB\u00c9FIANT T\/30ML<\/strong> est un gel de soin sp\u00e9cifique destin\u00e9 \u00e0 stimuler la microcirculation cutan\u00e9e. Ce type de produit est souvent utilis\u00e9 pour am\u00e9liorer l&rsquo;oxyg\u00e9nation des tissus de la peau et apporter une sensation de chaleur locale, ce qui peut aider \u00e0 soulager certaines douleurs musculaires ou articulaires.<\/p>\n","protected":false},"featured_media":11245,"comment_status":"open","ping_status":"closed","template":"","meta":{"inline_featured_image":false,"_monsterinsights_skip_tracking":false,"_monsterinsights_sitenote_active":false,"_monsterinsights_sitenote_note":"","_monsterinsights_sitenote_category":0,"_joinchat":[]},"product_cat":[121],"product_tag":[],"class_list":{"0":"post-11244","1":"product","2":"type-product","3":"status-publish","4":"has-post-thumbnail","6":"product_cat-ducray","8":"first","9":"instock","10":"shipping-taxable","11":"purchasable","12":"product-type-simple","13":"add-to-wishlist-after_add_to_cart"},"aioseo_notices":[],"_links":{"self":[{"href":"https:\/\/pararepublique.com\/index.php\/wp-json\/wp\/v2\/product\/11244","targetHints":{"allow":["GET"]}}],"collection":[{"href":"https:\/\/pararepublique.com\/index.php\/wp-json\/wp\/v2\/product"}],"about":[{"href":"https:\/\/pararepublique.com\/index.php\/wp-json\/wp\/v2\/types\/product"}],"replies":[{"embeddable":true,"href":"https:\/\/pararepublique.com\/index.php\/wp-json\/wp\/v2\/comments?post=11244"}],"version-history":[{"count":0,"href":"https:\/\/pararepublique.com\/index.php\/wp-json\/wp\/v2\/product\/11244\/revisions"}],"wp:featuredmedia":[{"embeddable":true,"href":"https:\/\/pararepublique.com\/index.php\/wp-json\/wp\/v2\/media\/11245"}],"wp:attachment":[{"href":"https:\/\/pararepublique.com\/index.php\/wp-json\/wp\/v2\/media?parent=11244"}],"wp:term":[{"taxonomy":"product_cat","embeddable":true,"href":"https:\/\/pararepublique.com\/index.php\/wp-json\/wp\/v2\/product_cat?post=11244"},{"taxonomy":"product_tag","embeddable":true,"href":"https:\/\/pararepublique.com\/index.php\/wp-json\/wp\/v2\/product_tag?post=11244"}],"curies":[{"name":"wp","href":"https:\/\/api.w.org\/{rel}","templated":true}]}}