{"id":11254,"date":"2024-08-19T11:35:26","date_gmt":"2024-08-19T11:35:26","guid":{"rendered":"https:\/\/pararepublique.com\/?post_type=product&#038;p=11254"},"modified":"2024-08-19T11:35:26","modified_gmt":"2024-08-19T11:35:26","slug":"ducray-ictyane-baume-levre","status":"publish","type":"product","link":"https:\/\/pararepublique.com\/index.php\/product\/ducray-ictyane-baume-levre\/","title":{"rendered":"DUCRAY ICTYANE BAUME LEVRE"},"content":{"rendered":"<p><strong>DUCRAY ICTYANE BAUME L\u00c8VRES<\/strong> est un soin r\u00e9parateur sp\u00e9cialement formul\u00e9 pour prot\u00e9ger et nourrir les l\u00e8vres s\u00e8ches et gerc\u00e9es. Ce baume est con\u00e7u pour apporter une hydratation intense et durable tout en renfor\u00e7ant la barri\u00e8re cutan\u00e9e des l\u00e8vres, souvent sollicit\u00e9e par les agressions environnementales telles que le froid, le vent, et le soleil.<\/p>\n<p><strong>Caract\u00e9ristiques principales :<\/strong><\/p>\n<ul>\n<li><strong>Hydratation profonde :<\/strong> Enrichi en agents \u00e9mollients et nourrissants, le baume offre une hydratation intense, aidant \u00e0 restaurer la souplesse et la douceur des l\u00e8vres.<\/li>\n<li><strong>Protection :<\/strong> Sa formule cr\u00e9e une barri\u00e8re protectrice contre les agressions ext\u00e9rieures, pr\u00e9venant ainsi la d\u00e9shydratation et les ger\u00e7ures.<\/li>\n<li><strong>Texture agr\u00e9able :<\/strong> Sa texture riche et non collante permet une application facile et confortable, offrant une sensation de bien-\u00eatre imm\u00e9diate.<\/li>\n<li><strong>Formule adapt\u00e9e :<\/strong> Con\u00e7u pour \u00eatre hypoallerg\u00e9nique et sans parfum, il est adapt\u00e9 aux l\u00e8vres sensibles et convient \u00e0 une utilisation quotidienne.<\/li>\n<\/ul>\n<p><strong>Utilisation :<\/strong> Appliquez le baume sur les l\u00e8vres aussi souvent que n\u00e9cessaire, en particulier lorsqu&rsquo;elles sont expos\u00e9es \u00e0 des conditions climatiques extr\u00eames ou lorsque vous ressentez une sensation de s\u00e9cheresse.<\/p>\n","protected":false},"excerpt":{"rendered":"<p><strong>DUCRAY ICTYANE BAUME L\u00c8VRES<\/strong> est un soin r\u00e9parateur sp\u00e9cialement formul\u00e9 pour prot\u00e9ger et nourrir les l\u00e8vres s\u00e8ches et gerc\u00e9es. Ce baume est con\u00e7u pour apporter une hydratation intense et durable tout en renfor\u00e7ant la barri\u00e8re cutan\u00e9e des l\u00e8vres, souvent sollicit\u00e9e par les agressions environnementales telles que le froid, le vent, et le soleil.<\/p>\n<p>&nbsp;<\/p>\n","protected":false},"featured_media":11255,"comment_status":"open","ping_status":"closed","template":"","meta":{"inline_featured_image":false,"_monsterinsights_skip_tracking":false,"_monsterinsights_sitenote_active":false,"_monsterinsights_sitenote_note":"","_monsterinsights_sitenote_category":0,"_joinchat":[]},"product_cat":[121],"product_tag":[],"class_list":{"0":"post-11254","1":"product","2":"type-product","3":"status-publish","4":"has-post-thumbnail","6":"product_cat-ducray","8":"first","9":"instock","10":"shipping-taxable","11":"purchasable","12":"product-type-simple","13":"add-to-wishlist-after_add_to_cart"},"aioseo_notices":[],"_links":{"self":[{"href":"https:\/\/pararepublique.com\/index.php\/wp-json\/wp\/v2\/product\/11254","targetHints":{"allow":["GET"]}}],"collection":[{"href":"https:\/\/pararepublique.com\/index.php\/wp-json\/wp\/v2\/product"}],"about":[{"href":"https:\/\/pararepublique.com\/index.php\/wp-json\/wp\/v2\/types\/product"}],"replies":[{"embeddable":true,"href":"https:\/\/pararepublique.com\/index.php\/wp-json\/wp\/v2\/comments?post=11254"}],"version-history":[{"count":0,"href":"https:\/\/pararepublique.com\/index.php\/wp-json\/wp\/v2\/product\/11254\/revisions"}],"wp:featuredmedia":[{"embeddable":true,"href":"https:\/\/pararepublique.com\/index.php\/wp-json\/wp\/v2\/media\/11255"}],"wp:attachment":[{"href":"https:\/\/pararepublique.com\/index.php\/wp-json\/wp\/v2\/media?parent=11254"}],"wp:term":[{"taxonomy":"product_cat","embeddable":true,"href":"https:\/\/pararepublique.com\/index.php\/wp-json\/wp\/v2\/product_cat?post=11254"},{"taxonomy":"product_tag","embeddable":true,"href":"https:\/\/pararepublique.com\/index.php\/wp-json\/wp\/v2\/product_tag?post=11254"}],"curies":[{"name":"wp","href":"https:\/\/api.w.org\/{rel}","templated":true}]}}