{"id":11256,"date":"2024-08-19T11:38:20","date_gmt":"2024-08-19T11:38:20","guid":{"rendered":"https:\/\/pararepublique.com\/?post_type=product&#038;p=11256"},"modified":"2024-08-19T11:38:21","modified_gmt":"2024-08-19T11:38:21","slug":"ducray-ictyane-creme-lavant-visage-et-corp-200ml","status":"publish","type":"product","link":"https:\/\/pararepublique.com\/index.php\/product\/ducray-ictyane-creme-lavant-visage-et-corp-200ml\/","title":{"rendered":"DUCRAY ICTYANE CREME LAVANT VISAGE ET CORP 200ML"},"content":{"rendered":"<p><strong>DUCRAY ICTYANE CR\u00c8ME LAVANTE VISAGE ET CORPS 200ML<\/strong> est un soin nettoyant doux sp\u00e9cialement formul\u00e9 pour les peaux s\u00e8ches \u00e0 tr\u00e8s s\u00e8ches. Ce produit est con\u00e7u pour nettoyer en douceur le visage et le corps tout en respectant l&rsquo;\u00e9quilibre naturel de la peau.<\/p>\n<p><strong>Caract\u00e9ristiques principales :<\/strong><\/p>\n<ul>\n<li><strong>Nettoyage doux :<\/strong> Sa formule est enrichie en agents nettoyants doux qui respectent la peau tout en \u00e9liminant les impuret\u00e9s sans agresser la barri\u00e8re cutan\u00e9e.<\/li>\n<li><strong>Hydratation :<\/strong> Enrichie en agents hydratants et \u00e9mollients, la cr\u00e8me lavante aide \u00e0 maintenir l&rsquo;hydratation cutan\u00e9e, \u00e9vitant ainsi la sensation de tiraillement souvent associ\u00e9e aux peaux s\u00e8ches.<\/li>\n<li><strong>Confort optimal :<\/strong> Sa texture cr\u00e9meuse et onctueuse assure une application agr\u00e9able et laisse la peau souple et confortable apr\u00e8s chaque utilisation.<\/li>\n<li><strong>Formule adapt\u00e9e :<\/strong> Con\u00e7ue pour minimiser les risques d&rsquo;irritation, la cr\u00e8me lavante est hypoallerg\u00e9nique et sans savon, ce qui la rend particuli\u00e8rement adapt\u00e9e aux peaux sensibles ou sujettes \u00e0 la s\u00e9cheresse.<\/li>\n<\/ul>\n<p><strong>Utilisation :<\/strong> Appliquez la cr\u00e8me lavante sur une peau mouill\u00e9e, massez doucement jusqu&rsquo;\u00e0 obtention d&rsquo;une mousse l\u00e9g\u00e8re, puis rincez abondamment. Elle peut \u00eatre utilis\u00e9e quotidiennement sur le visage et le corps.<\/p>\n","protected":false},"excerpt":{"rendered":"<p><strong>DUCRAY ICTYANE CR\u00c8ME LAVANTE VISAGE ET CORPS 200ML<\/strong> est un soin nettoyant doux sp\u00e9cialement formul\u00e9 pour les peaux s\u00e8ches \u00e0 tr\u00e8s s\u00e8ches. Ce produit est con\u00e7u pour nettoyer en douceur le visage et le corps tout en respectant l&rsquo;\u00e9quilibre naturel de la peau.<\/p>\n","protected":false},"featured_media":11257,"comment_status":"open","ping_status":"closed","template":"","meta":{"inline_featured_image":false,"_monsterinsights_skip_tracking":false,"_monsterinsights_sitenote_active":false,"_monsterinsights_sitenote_note":"","_monsterinsights_sitenote_category":0,"_joinchat":[]},"product_cat":[121],"product_tag":[172],"class_list":{"0":"post-11256","1":"product","2":"type-product","3":"status-publish","4":"has-post-thumbnail","6":"product_cat-ducray","7":"product_tag-peaux-seche","9":"first","10":"instock","11":"shipping-taxable","12":"purchasable","13":"product-type-simple","14":"add-to-wishlist-after_add_to_cart"},"aioseo_notices":[],"_links":{"self":[{"href":"https:\/\/pararepublique.com\/index.php\/wp-json\/wp\/v2\/product\/11256","targetHints":{"allow":["GET"]}}],"collection":[{"href":"https:\/\/pararepublique.com\/index.php\/wp-json\/wp\/v2\/product"}],"about":[{"href":"https:\/\/pararepublique.com\/index.php\/wp-json\/wp\/v2\/types\/product"}],"replies":[{"embeddable":true,"href":"https:\/\/pararepublique.com\/index.php\/wp-json\/wp\/v2\/comments?post=11256"}],"version-history":[{"count":0,"href":"https:\/\/pararepublique.com\/index.php\/wp-json\/wp\/v2\/product\/11256\/revisions"}],"wp:featuredmedia":[{"embeddable":true,"href":"https:\/\/pararepublique.com\/index.php\/wp-json\/wp\/v2\/media\/11257"}],"wp:attachment":[{"href":"https:\/\/pararepublique.com\/index.php\/wp-json\/wp\/v2\/media?parent=11256"}],"wp:term":[{"taxonomy":"product_cat","embeddable":true,"href":"https:\/\/pararepublique.com\/index.php\/wp-json\/wp\/v2\/product_cat?post=11256"},{"taxonomy":"product_tag","embeddable":true,"href":"https:\/\/pararepublique.com\/index.php\/wp-json\/wp\/v2\/product_tag?post=11256"}],"curies":[{"name":"wp","href":"https:\/\/api.w.org\/{rel}","templated":true}]}}