{"id":11265,"date":"2024-08-19T11:55:03","date_gmt":"2024-08-19T11:55:03","guid":{"rendered":"https:\/\/pararepublique.com\/?post_type=product&#038;p=11265"},"modified":"2024-08-19T11:55:03","modified_gmt":"2024-08-19T11:55:03","slug":"ducray-ictyane-creme-mains-50ml","status":"publish","type":"product","link":"https:\/\/pararepublique.com\/index.php\/product\/ducray-ictyane-creme-mains-50ml\/","title":{"rendered":"DUCRAY ICTYANE CREME MAINS  50ML"},"content":{"rendered":"<p><strong>DUCRAY ICTYANE CR\u00c8ME MAINS 50ML<\/strong> est un soin r\u00e9parateur con\u00e7u pour prot\u00e9ger, nourrir, et hydrater les mains s\u00e8ches et ab\u00eem\u00e9es. Ce produit est sp\u00e9cialement formul\u00e9 pour offrir un soulagement imm\u00e9diat et durable aux mains qui n\u00e9cessitent une attention particuli\u00e8re en raison de leur s\u00e9cheresse ou de leur exposition fr\u00e9quente \u00e0 des conditions agressives.<\/p>\n<p><strong>Caract\u00e9ristiques principales :<\/strong><\/p>\n<ul>\n<li><strong>Hydratation intense :<\/strong> Enrichie en agents hydratants et \u00e9mollients, la cr\u00e8me p\u00e9n\u00e8tre rapidement dans la peau pour offrir une hydratation en profondeur et restaurer la douceur des mains.<\/li>\n<li><strong>Protection durable :<\/strong> La formule cr\u00e9e une barri\u00e8re protectrice contre les agressions ext\u00e9rieures, telles que le froid, le vent, et les produits nettoyants, aidant ainsi \u00e0 pr\u00e9venir la d\u00e9shydratation et les irritations.<\/li>\n<li><strong>Texture agr\u00e9able :<\/strong> Sa texture riche mais non grasse permet une absorption rapide sans laisser de film collant, offrant un confort imm\u00e9diat apr\u00e8s application.<\/li>\n<li><strong>Formule adapt\u00e9e :<\/strong> Hypoallerg\u00e9nique et sans parfum, la cr\u00e8me est con\u00e7ue pour minimiser les risques d&rsquo;irritation, ce qui la rend adapt\u00e9e aux peaux sensibles et r\u00e9actives.<\/li>\n<\/ul>\n<p><strong>Utilisation :<\/strong> Appliquez la cr\u00e8me sur les mains aussi souvent que n\u00e9cessaire, en massant jusqu&rsquo;\u00e0 absorption compl\u00e8te. Elle est particuli\u00e8rement utile apr\u00e8s le lavage des mains ou l&rsquo;exposition \u00e0 des conditions climatiques rigoureuses.<\/p>\n","protected":false},"excerpt":{"rendered":"<p><strong>DUCRAY ICTYANE CR\u00c8ME MAINS 50ML<\/strong> est un soin r\u00e9parateur con\u00e7u pour prot\u00e9ger, nourrir, et hydrater les mains s\u00e8ches et ab\u00eem\u00e9es. Ce produit est sp\u00e9cialement formul\u00e9 pour offrir un soulagement imm\u00e9diat et durable aux mains qui n\u00e9cessitent une attention particuli\u00e8re en raison de leur s\u00e9cheresse ou de leur exposition fr\u00e9quente \u00e0 des conditions agressives.<\/p>\n","protected":false},"featured_media":11267,"comment_status":"open","ping_status":"closed","template":"","meta":{"inline_featured_image":false,"_monsterinsights_skip_tracking":false,"_monsterinsights_sitenote_active":false,"_monsterinsights_sitenote_note":"","_monsterinsights_sitenote_category":0,"_joinchat":[]},"product_cat":[121],"product_tag":[],"class_list":{"0":"post-11265","1":"product","2":"type-product","3":"status-publish","4":"has-post-thumbnail","6":"product_cat-ducray","8":"first","9":"instock","10":"shipping-taxable","11":"purchasable","12":"product-type-simple","13":"add-to-wishlist-after_add_to_cart"},"aioseo_notices":[],"_links":{"self":[{"href":"https:\/\/pararepublique.com\/index.php\/wp-json\/wp\/v2\/product\/11265","targetHints":{"allow":["GET"]}}],"collection":[{"href":"https:\/\/pararepublique.com\/index.php\/wp-json\/wp\/v2\/product"}],"about":[{"href":"https:\/\/pararepublique.com\/index.php\/wp-json\/wp\/v2\/types\/product"}],"replies":[{"embeddable":true,"href":"https:\/\/pararepublique.com\/index.php\/wp-json\/wp\/v2\/comments?post=11265"}],"version-history":[{"count":0,"href":"https:\/\/pararepublique.com\/index.php\/wp-json\/wp\/v2\/product\/11265\/revisions"}],"wp:featuredmedia":[{"embeddable":true,"href":"https:\/\/pararepublique.com\/index.php\/wp-json\/wp\/v2\/media\/11267"}],"wp:attachment":[{"href":"https:\/\/pararepublique.com\/index.php\/wp-json\/wp\/v2\/media?parent=11265"}],"wp:term":[{"taxonomy":"product_cat","embeddable":true,"href":"https:\/\/pararepublique.com\/index.php\/wp-json\/wp\/v2\/product_cat?post=11265"},{"taxonomy":"product_tag","embeddable":true,"href":"https:\/\/pararepublique.com\/index.php\/wp-json\/wp\/v2\/product_tag?post=11265"}],"curies":[{"name":"wp","href":"https:\/\/api.w.org\/{rel}","templated":true}]}}