{"id":11268,"date":"2024-08-19T11:57:57","date_gmt":"2024-08-19T11:57:57","guid":{"rendered":"https:\/\/pararepublique.com\/?post_type=product&#038;p=11268"},"modified":"2024-08-19T11:57:58","modified_gmt":"2024-08-19T11:57:58","slug":"ducray-ictyane-hd-corps-400ml","status":"publish","type":"product","link":"https:\/\/pararepublique.com\/index.php\/product\/ducray-ictyane-hd-corps-400ml\/","title":{"rendered":"DUCRAY ICTYANE HD CORPS 400ML"},"content":{"rendered":"<p><strong>DUCRAY ICTYANE HD CORPS 400ML<\/strong> est une cr\u00e8me hydratante sp\u00e9cifiquement formul\u00e9e pour les peaux s\u00e8ches \u00e0 tr\u00e8s s\u00e8ches du corps. Ce soin est con\u00e7u pour offrir une hydratation intense et durable tout en renfor\u00e7ant la barri\u00e8re cutan\u00e9e.<\/p>\n<p><strong>Caract\u00e9ristiques principales :<\/strong><\/p>\n<ul>\n<li><strong>Hydratation intensive :<\/strong> La formule est enrichie en agents hydratants puissants qui p\u00e9n\u00e8trent profond\u00e9ment pour restaurer et maintenir le niveau d&rsquo;hydratation de la peau, r\u00e9duisant ainsi les sensations de s\u00e9cheresse et de tiraillement.<\/li>\n<li><strong>Renforcement de la barri\u00e8re cutan\u00e9e :<\/strong> Gr\u00e2ce \u00e0 ses composants \u00e9mollients et r\u00e9parateurs, la cr\u00e8me aide \u00e0 renforcer la barri\u00e8re cutan\u00e9e, prot\u00e9geant la peau contre les agressions ext\u00e9rieures et pr\u00e9venant la d\u00e9shydratation.<\/li>\n<li><strong>Texture riche et agr\u00e9able :<\/strong> Sa texture cr\u00e9meuse est non grasse et offre une application facile, laissant la peau douce et souple sans effet collant.<\/li>\n<li><strong>Formule adapt\u00e9e :<\/strong> Hypoallerg\u00e9nique et sans parfum, la cr\u00e8me est adapt\u00e9e aux peaux sensibles et minimisant les risques d&rsquo;irritation.<\/li>\n<\/ul>\n<p><strong>Utilisation :<\/strong> Appliquez la cr\u00e8me sur l&rsquo;ensemble du corps apr\u00e8s la douche ou \u00e0 tout moment de la journ\u00e9e lorsque vous ressentez une sensation de s\u00e9cheresse. Massez d\u00e9licatement jusqu&rsquo;\u00e0 absorption compl\u00e8te.<\/p>\n","protected":false},"excerpt":{"rendered":"<p><strong>DUCRAY ICTYANE HD CORPS 400ML<\/strong> est une cr\u00e8me hydratante sp\u00e9cifiquement formul\u00e9e pour les peaux s\u00e8ches \u00e0 tr\u00e8s s\u00e8ches du corps. Ce soin est con\u00e7u pour offrir une hydratation intense et durable tout en renfor\u00e7ant la barri\u00e8re cutan\u00e9e.<\/p>\n","protected":false},"featured_media":11269,"comment_status":"open","ping_status":"closed","template":"","meta":{"inline_featured_image":false,"_monsterinsights_skip_tracking":false,"_monsterinsights_sitenote_active":false,"_monsterinsights_sitenote_note":"","_monsterinsights_sitenote_category":0,"_joinchat":[]},"product_cat":[121],"product_tag":[],"class_list":{"0":"post-11268","1":"product","2":"type-product","3":"status-publish","4":"has-post-thumbnail","6":"product_cat-ducray","8":"first","9":"instock","10":"shipping-taxable","11":"purchasable","12":"product-type-simple","13":"add-to-wishlist-after_add_to_cart"},"aioseo_notices":[],"_links":{"self":[{"href":"https:\/\/pararepublique.com\/index.php\/wp-json\/wp\/v2\/product\/11268","targetHints":{"allow":["GET"]}}],"collection":[{"href":"https:\/\/pararepublique.com\/index.php\/wp-json\/wp\/v2\/product"}],"about":[{"href":"https:\/\/pararepublique.com\/index.php\/wp-json\/wp\/v2\/types\/product"}],"replies":[{"embeddable":true,"href":"https:\/\/pararepublique.com\/index.php\/wp-json\/wp\/v2\/comments?post=11268"}],"version-history":[{"count":0,"href":"https:\/\/pararepublique.com\/index.php\/wp-json\/wp\/v2\/product\/11268\/revisions"}],"wp:featuredmedia":[{"embeddable":true,"href":"https:\/\/pararepublique.com\/index.php\/wp-json\/wp\/v2\/media\/11269"}],"wp:attachment":[{"href":"https:\/\/pararepublique.com\/index.php\/wp-json\/wp\/v2\/media?parent=11268"}],"wp:term":[{"taxonomy":"product_cat","embeddable":true,"href":"https:\/\/pararepublique.com\/index.php\/wp-json\/wp\/v2\/product_cat?post=11268"},{"taxonomy":"product_tag","embeddable":true,"href":"https:\/\/pararepublique.com\/index.php\/wp-json\/wp\/v2\/product_tag?post=11268"}],"curies":[{"name":"wp","href":"https:\/\/api.w.org\/{rel}","templated":true}]}}