{"id":11278,"date":"2024-08-19T12:14:56","date_gmt":"2024-08-19T12:14:56","guid":{"rendered":"https:\/\/pararepublique.com\/?post_type=product&#038;p=11278"},"modified":"2024-08-19T12:14:56","modified_gmt":"2024-08-19T12:14:56","slug":"ducray-ictyane-lotion-micellaire","status":"publish","type":"product","link":"https:\/\/pararepublique.com\/index.php\/product\/ducray-ictyane-lotion-micellaire\/","title":{"rendered":"DUCRAY ICTYANE LOTION MICELLAIRE"},"content":{"rendered":"<p><strong>DUCRAY ICTYANE LOTION MICELLAIRE<\/strong> est un soin nettoyant doux con\u00e7u pour le visage et les yeux, destin\u00e9 aux peaux s\u00e8ches \u00e0 tr\u00e8s s\u00e8ches. Cette lotion micellaire est formul\u00e9e pour nettoyer efficacement tout en respectant l&rsquo;\u00e9quilibre naturel de la peau.<\/p>\n<p><strong>Caract\u00e9ristiques principales :<\/strong><\/p>\n<ul>\n<li><strong>Nettoyage doux :<\/strong> Formul\u00e9e avec des micelles, cette lotion capture et \u00e9limine les impuret\u00e9s, le maquillage et les r\u00e9sidus de pollution sans avoir besoin de frotter.<\/li>\n<li><strong>Hydratation et confort :<\/strong> Enrichie en agents hydratants, elle aide \u00e0 maintenir l\u2019hydratation de la peau et pr\u00e9vient la s\u00e9cheresse, laissant la peau douce et confortable.<\/li>\n<li><strong>Respect de la peau :<\/strong> Hypoallerg\u00e9nique et sans alcool, elle est con\u00e7ue pour minimiser les risques d&rsquo;irritation, m\u00eame pour les peaux sensibles et r\u00e9actives.<\/li>\n<li><strong>Utilisation pratique :<\/strong> Pr\u00eate \u00e0 l&#8217;emploi, la lotion ne n\u00e9cessite pas de rin\u00e7age, ce qui la rend pratique pour un nettoyage rapide et efficace.<\/li>\n<\/ul>\n<p><strong>Utilisation :<\/strong> Imbibez un coton avec la lotion micellaire et appliquez-le sur le visage et les yeux pour \u00e9liminer les impuret\u00e9s et le maquillage. R\u00e9p\u00e9tez l\u2019application jusqu&rsquo;\u00e0 ce que le coton soit propre. Aucun rin\u00e7age n&rsquo;est n\u00e9cessaire.<\/p>\n","protected":false},"excerpt":{"rendered":"<p><strong>DUCRAY ICTYANE LOTION MICELLAIRE<\/strong> est un soin nettoyant doux con\u00e7u pour le visage et les yeux, destin\u00e9 aux peaux s\u00e8ches \u00e0 tr\u00e8s s\u00e8ches. Cette lotion micellaire est formul\u00e9e pour nettoyer efficacement tout en respectant l&rsquo;\u00e9quilibre naturel de la peau.<\/p>\n<p>&nbsp;<\/p>\n","protected":false},"featured_media":11279,"comment_status":"open","ping_status":"closed","template":"","meta":{"inline_featured_image":false,"_monsterinsights_skip_tracking":false,"_monsterinsights_sitenote_active":false,"_monsterinsights_sitenote_note":"","_monsterinsights_sitenote_category":0,"_joinchat":[]},"product_cat":[121],"product_tag":[],"class_list":{"0":"post-11278","1":"product","2":"type-product","3":"status-publish","4":"has-post-thumbnail","6":"product_cat-ducray","8":"first","9":"instock","10":"shipping-taxable","11":"purchasable","12":"product-type-simple","13":"add-to-wishlist-after_add_to_cart"},"aioseo_notices":[],"_links":{"self":[{"href":"https:\/\/pararepublique.com\/index.php\/wp-json\/wp\/v2\/product\/11278","targetHints":{"allow":["GET"]}}],"collection":[{"href":"https:\/\/pararepublique.com\/index.php\/wp-json\/wp\/v2\/product"}],"about":[{"href":"https:\/\/pararepublique.com\/index.php\/wp-json\/wp\/v2\/types\/product"}],"replies":[{"embeddable":true,"href":"https:\/\/pararepublique.com\/index.php\/wp-json\/wp\/v2\/comments?post=11278"}],"version-history":[{"count":0,"href":"https:\/\/pararepublique.com\/index.php\/wp-json\/wp\/v2\/product\/11278\/revisions"}],"wp:featuredmedia":[{"embeddable":true,"href":"https:\/\/pararepublique.com\/index.php\/wp-json\/wp\/v2\/media\/11279"}],"wp:attachment":[{"href":"https:\/\/pararepublique.com\/index.php\/wp-json\/wp\/v2\/media?parent=11278"}],"wp:term":[{"taxonomy":"product_cat","embeddable":true,"href":"https:\/\/pararepublique.com\/index.php\/wp-json\/wp\/v2\/product_cat?post=11278"},{"taxonomy":"product_tag","embeddable":true,"href":"https:\/\/pararepublique.com\/index.php\/wp-json\/wp\/v2\/product_tag?post=11278"}],"curies":[{"name":"wp","href":"https:\/\/api.w.org\/{rel}","templated":true}]}}