{"id":11298,"date":"2024-08-19T12:45:29","date_gmt":"2024-08-19T12:45:29","guid":{"rendered":"https:\/\/pararepublique.com\/?post_type=product&#038;p=11298"},"modified":"2024-08-19T12:47:00","modified_gmt":"2024-08-19T12:47:00","slug":"ducray-keracnyl-control-gel","status":"publish","type":"product","link":"https:\/\/pararepublique.com\/index.php\/product\/ducray-keracnyl-control-gel\/","title":{"rendered":"DUCRAY KERACNYL CONTROL +  GEL"},"content":{"rendered":"<p><strong>DUCRAY KERACNYL CONTROL+ GEL<\/strong> est un soin dermatologique destin\u00e9 aux peaux \u00e0 tendance acn\u00e9ique. Ce gel est formul\u00e9 pour traiter et am\u00e9liorer l&rsquo;apparence des peaux sujettes \u00e0 l&rsquo;acn\u00e9 tout en offrant des effets suppl\u00e9mentaires comme le contr\u00f4le des exc\u00e8s de s\u00e9bum et la r\u00e9duction des imperfections.<\/p>\n<p><strong>Caract\u00e9ristiques principales :<\/strong><\/p>\n<ul>\n<li><strong>Action anti-acn\u00e9 :<\/strong> Contient des actifs cibl\u00e9s pour aider \u00e0 r\u00e9duire les imperfections et \u00e0 contr\u00f4ler l&rsquo;exc\u00e8s de s\u00e9bum, contribuant ainsi \u00e0 une peau plus claire et moins sujette aux \u00e9ruptions.<\/li>\n<li><strong>Effet matifiant :<\/strong> Aide \u00e0 r\u00e9guler la production de s\u00e9bum et \u00e0 matifier la peau, r\u00e9duisant ainsi la brillance et les sensations de gras.<\/li>\n<li><strong>Texture l\u00e9g\u00e8re :<\/strong> Sa formule gel est l\u00e9g\u00e8re et non grasse, ce qui permet une absorption rapide sans laisser de r\u00e9sidu collant.<\/li>\n<li><strong>Apaisement :<\/strong> Formul\u00e9 pour apaiser la peau et r\u00e9duire les rougeurs et les irritations associ\u00e9es aux probl\u00e8mes de peau.<\/li>\n<\/ul>\n<p><strong>Utilisation :<\/strong> Appliquez le gel sur une peau propre et s\u00e8che, en massant doucement jusqu&rsquo;\u00e0 absorption compl\u00e8te. Utilisez-le quotidiennement, le matin et le soir, ou selon les recommandations de votre dermatologue.<\/p>\n","protected":false},"excerpt":{"rendered":"<p><strong>DUCRAY KERACNYL CONTROL+ GEL<\/strong> est un soin dermatologique destin\u00e9 aux peaux \u00e0 tendance acn\u00e9ique. Ce gel est formul\u00e9 pour traiter et am\u00e9liorer l&rsquo;apparence des peaux sujettes \u00e0 l&rsquo;acn\u00e9 tout en offrant des effets suppl\u00e9mentaires comme le contr\u00f4le des exc\u00e8s de s\u00e9bum et la r\u00e9duction des imperfections.<\/p>\n","protected":false},"featured_media":11299,"comment_status":"open","ping_status":"closed","template":"","meta":{"inline_featured_image":false,"_monsterinsights_skip_tracking":false,"_monsterinsights_sitenote_active":false,"_monsterinsights_sitenote_note":"","_monsterinsights_sitenote_category":0,"_joinchat":[]},"product_cat":[121],"product_tag":[],"class_list":{"0":"post-11298","1":"product","2":"type-product","3":"status-publish","4":"has-post-thumbnail","6":"product_cat-ducray","8":"first","9":"instock","10":"shipping-taxable","11":"purchasable","12":"product-type-simple","13":"add-to-wishlist-after_add_to_cart"},"aioseo_notices":[],"_links":{"self":[{"href":"https:\/\/pararepublique.com\/index.php\/wp-json\/wp\/v2\/product\/11298","targetHints":{"allow":["GET"]}}],"collection":[{"href":"https:\/\/pararepublique.com\/index.php\/wp-json\/wp\/v2\/product"}],"about":[{"href":"https:\/\/pararepublique.com\/index.php\/wp-json\/wp\/v2\/types\/product"}],"replies":[{"embeddable":true,"href":"https:\/\/pararepublique.com\/index.php\/wp-json\/wp\/v2\/comments?post=11298"}],"version-history":[{"count":0,"href":"https:\/\/pararepublique.com\/index.php\/wp-json\/wp\/v2\/product\/11298\/revisions"}],"wp:featuredmedia":[{"embeddable":true,"href":"https:\/\/pararepublique.com\/index.php\/wp-json\/wp\/v2\/media\/11299"}],"wp:attachment":[{"href":"https:\/\/pararepublique.com\/index.php\/wp-json\/wp\/v2\/media?parent=11298"}],"wp:term":[{"taxonomy":"product_cat","embeddable":true,"href":"https:\/\/pararepublique.com\/index.php\/wp-json\/wp\/v2\/product_cat?post=11298"},{"taxonomy":"product_tag","embeddable":true,"href":"https:\/\/pararepublique.com\/index.php\/wp-json\/wp\/v2\/product_tag?post=11298"}],"curies":[{"name":"wp","href":"https:\/\/api.w.org\/{rel}","templated":true}]}}