{"id":11304,"date":"2024-08-19T12:59:51","date_gmt":"2024-08-19T12:59:51","guid":{"rendered":"https:\/\/pararepublique.com\/?post_type=product&#038;p=11304"},"modified":"2024-08-19T12:59:51","modified_gmt":"2024-08-19T12:59:51","slug":"ducray-keracnyl-crem-repair-50ml","status":"publish","type":"product","link":"https:\/\/pararepublique.com\/index.php\/product\/ducray-keracnyl-crem-repair-50ml\/","title":{"rendered":"DUCRAY KERACNYL CREM REPAIR  50ML"},"content":{"rendered":"<p><strong>DUCRAY KERACNYL CR\u00c8ME REPAIR 50ML<\/strong> est un soin dermatologique destin\u00e9 aux peaux \u00e0 tendance acn\u00e9ique, sp\u00e9cialement formul\u00e9 pour favoriser la r\u00e9paration de la peau tout en apportant des b\u00e9n\u00e9fices anti-imperfections.<\/p>\n<p><strong>Caract\u00e9ristiques principales :<\/strong><\/p>\n<ul>\n<li><strong>R\u00e9paration de la peau :<\/strong> Contient des actifs r\u00e9parateurs qui aident \u00e0 apaiser et \u00e0 restaurer la barri\u00e8re cutan\u00e9e, contribuant \u00e0 am\u00e9liorer l&rsquo;aspect des cicatrices et des imperfections laiss\u00e9es par l&rsquo;acn\u00e9.<\/li>\n<li><strong>Hydratation intense :<\/strong> Formul\u00e9e pour hydrater en profondeur la peau tout en r\u00e9duisant la s\u00e9cheresse souvent associ\u00e9e aux traitements anti-acn\u00e9.<\/li>\n<li><strong>Action anti-imperfections :<\/strong> Aide \u00e0 r\u00e9duire l&rsquo;apparence des boutons et des irr\u00e9gularit\u00e9s, tout en pr\u00e9venant l&rsquo;apparition de nouvelles imperfections.<\/li>\n<li><strong>Propri\u00e9t\u00e9s apaisantes :<\/strong> Calme les irritations et les rougeurs, offrant un confort imm\u00e9diat \u00e0 la peau.<\/li>\n<\/ul>\n<p><strong>Utilisation :<\/strong> Appliquez la cr\u00e8me sur le visage nettoy\u00e9 et sec, une \u00e0 deux fois par jour (matin et\/ou soir). Massez doucement jusqu&rsquo;\u00e0 absorption compl\u00e8te, en \u00e9vitant le contour des yeux. Utilisez-la r\u00e9guli\u00e8rement pour des r\u00e9sultats optimaux.<\/p>\n","protected":false},"excerpt":{"rendered":"<p><strong>DUCRAY KERACNYL CR\u00c8ME REPAIR 50ML<\/strong> est un soin dermatologique destin\u00e9 aux peaux \u00e0 tendance acn\u00e9ique, sp\u00e9cialement formul\u00e9 pour favoriser la r\u00e9paration de la peau tout en apportant des b\u00e9n\u00e9fices anti-imperfections.<\/p>\n<p>&nbsp;<\/p>\n","protected":false},"featured_media":11305,"comment_status":"open","ping_status":"closed","template":"","meta":{"inline_featured_image":false,"_monsterinsights_skip_tracking":false,"_monsterinsights_sitenote_active":false,"_monsterinsights_sitenote_note":"","_monsterinsights_sitenote_category":0,"_joinchat":[]},"product_cat":[121],"product_tag":[],"class_list":{"0":"post-11304","1":"product","2":"type-product","3":"status-publish","4":"has-post-thumbnail","6":"product_cat-ducray","8":"first","9":"instock","10":"shipping-taxable","11":"purchasable","12":"product-type-simple","13":"add-to-wishlist-after_add_to_cart"},"aioseo_notices":[],"_links":{"self":[{"href":"https:\/\/pararepublique.com\/index.php\/wp-json\/wp\/v2\/product\/11304","targetHints":{"allow":["GET"]}}],"collection":[{"href":"https:\/\/pararepublique.com\/index.php\/wp-json\/wp\/v2\/product"}],"about":[{"href":"https:\/\/pararepublique.com\/index.php\/wp-json\/wp\/v2\/types\/product"}],"replies":[{"embeddable":true,"href":"https:\/\/pararepublique.com\/index.php\/wp-json\/wp\/v2\/comments?post=11304"}],"version-history":[{"count":0,"href":"https:\/\/pararepublique.com\/index.php\/wp-json\/wp\/v2\/product\/11304\/revisions"}],"wp:featuredmedia":[{"embeddable":true,"href":"https:\/\/pararepublique.com\/index.php\/wp-json\/wp\/v2\/media\/11305"}],"wp:attachment":[{"href":"https:\/\/pararepublique.com\/index.php\/wp-json\/wp\/v2\/media?parent=11304"}],"wp:term":[{"taxonomy":"product_cat","embeddable":true,"href":"https:\/\/pararepublique.com\/index.php\/wp-json\/wp\/v2\/product_cat?post=11304"},{"taxonomy":"product_tag","embeddable":true,"href":"https:\/\/pararepublique.com\/index.php\/wp-json\/wp\/v2\/product_tag?post=11304"}],"curies":[{"name":"wp","href":"https:\/\/api.w.org\/{rel}","templated":true}]}}