{"id":11314,"date":"2024-08-19T13:18:58","date_gmt":"2024-08-19T13:18:58","guid":{"rendered":"https:\/\/pararepublique.com\/?post_type=product&#038;p=11314"},"modified":"2024-08-19T13:18:58","modified_gmt":"2024-08-19T13:18:58","slug":"ducray-keracnyl-lotion-purif-200ml","status":"publish","type":"product","link":"https:\/\/pararepublique.com\/index.php\/product\/ducray-keracnyl-lotion-purif-200ml\/","title":{"rendered":"DUCRAY KERACNYL LOTION PURIF  200ML"},"content":{"rendered":"<p><strong>DUCRAY KERACNYL LOTION PURIFIANTE 200ML<\/strong> est une lotion sp\u00e9cifiquement formul\u00e9e pour les peaux sujettes aux imperfections. Elle est con\u00e7ue pour purifier, clarifier et am\u00e9liorer l&rsquo;apparence des peaux grasses ou mixtes avec des imperfections.<\/p>\n<p><strong>Caract\u00e9ristiques principales :<\/strong><\/p>\n<ul>\n<li><strong>Purification en profondeur :<\/strong> Contient des actifs purifiants qui aident \u00e0 \u00e9liminer les impuret\u00e9s, l&rsquo;exc\u00e8s de s\u00e9bum et les r\u00e9sidus de maquillage, laissant la peau propre et fra\u00eeche.<\/li>\n<li><strong>R\u00e9duction des imperfections :<\/strong> Aide \u00e0 r\u00e9duire les imperfections et les boutons en r\u00e9gulant la production de s\u00e9bum et en nettoyant les pores en profondeur.<\/li>\n<li><strong>Effet astringent :<\/strong> Formule avec des propri\u00e9t\u00e9s astringentes qui resserrent les pores et affinent la texture de la peau.<\/li>\n<li><strong>Hydratation et confort :<\/strong> Contribue \u00e0 maintenir l&rsquo;\u00e9quilibre de la peau, \u00e9vitant la s\u00e9cheresse tout en offrant une sensation de confort apr\u00e8s l&rsquo;application.<\/li>\n<\/ul>\n<p><strong>Utilisation :<\/strong> Appliquez la lotion sur un coton et passez-le sur l&rsquo;ensemble du visage, matin et soir, apr\u00e8s le nettoyage de la peau. Evitez le contour des yeux. Peut \u00eatre utilis\u00e9 en compl\u00e9ment de vos soins anti-imperfections habituels.<\/p>\n","protected":false},"excerpt":{"rendered":"<p><strong>DUCRAY KERACNYL LOTION PURIFIANTE 200ML<\/strong> est une lotion sp\u00e9cifiquement formul\u00e9e pour les peaux sujettes aux imperfections. Elle est con\u00e7ue pour purifier, clarifier et am\u00e9liorer l&rsquo;apparence des peaux grasses ou mixtes avec des imperfections.<\/p>\n","protected":false},"featured_media":11315,"comment_status":"open","ping_status":"closed","template":"","meta":{"inline_featured_image":false,"_monsterinsights_skip_tracking":false,"_monsterinsights_sitenote_active":false,"_monsterinsights_sitenote_note":"","_monsterinsights_sitenote_category":0,"_joinchat":[]},"product_cat":[121],"product_tag":[],"class_list":{"0":"post-11314","1":"product","2":"type-product","3":"status-publish","4":"has-post-thumbnail","6":"product_cat-ducray","8":"first","9":"instock","10":"shipping-taxable","11":"purchasable","12":"product-type-simple","13":"add-to-wishlist-after_add_to_cart"},"aioseo_notices":[],"_links":{"self":[{"href":"https:\/\/pararepublique.com\/index.php\/wp-json\/wp\/v2\/product\/11314","targetHints":{"allow":["GET"]}}],"collection":[{"href":"https:\/\/pararepublique.com\/index.php\/wp-json\/wp\/v2\/product"}],"about":[{"href":"https:\/\/pararepublique.com\/index.php\/wp-json\/wp\/v2\/types\/product"}],"replies":[{"embeddable":true,"href":"https:\/\/pararepublique.com\/index.php\/wp-json\/wp\/v2\/comments?post=11314"}],"version-history":[{"count":0,"href":"https:\/\/pararepublique.com\/index.php\/wp-json\/wp\/v2\/product\/11314\/revisions"}],"wp:featuredmedia":[{"embeddable":true,"href":"https:\/\/pararepublique.com\/index.php\/wp-json\/wp\/v2\/media\/11315"}],"wp:attachment":[{"href":"https:\/\/pararepublique.com\/index.php\/wp-json\/wp\/v2\/media?parent=11314"}],"wp:term":[{"taxonomy":"product_cat","embeddable":true,"href":"https:\/\/pararepublique.com\/index.php\/wp-json\/wp\/v2\/product_cat?post=11314"},{"taxonomy":"product_tag","embeddable":true,"href":"https:\/\/pararepublique.com\/index.php\/wp-json\/wp\/v2\/product_tag?post=11314"}],"curies":[{"name":"wp","href":"https:\/\/api.w.org\/{rel}","templated":true}]}}