{"id":11325,"date":"2024-08-19T13:59:47","date_gmt":"2024-08-19T13:59:47","guid":{"rendered":"https:\/\/pararepublique.com\/?post_type=product&#038;p=11325"},"modified":"2024-08-19T13:59:48","modified_gmt":"2024-08-19T13:59:48","slug":"ducray-keracnyl-serum-px-adult","status":"publish","type":"product","link":"https:\/\/pararepublique.com\/index.php\/product\/ducray-keracnyl-serum-px-adult\/","title":{"rendered":"DUCRAY KERACNYL SERUM PX  ADULT"},"content":{"rendered":"<p><strong>DUCRAY KERACNYL SERUM PX ADULT<\/strong> est un s\u00e9rum sp\u00e9cialement formul\u00e9 pour les peaux adultes sujettes aux imperfections, combinant plusieurs actions pour am\u00e9liorer l&rsquo;apparence de la peau et traiter les signes d&rsquo;acn\u00e9.<\/p>\n<p><strong>Caract\u00e9ristiques principales :<\/strong><\/p>\n<ul>\n<li><strong>Action anti-imperfections avanc\u00e9e :<\/strong> Contient des ingr\u00e9dients actifs ciblant les boutons, les points noirs et les irr\u00e9gularit\u00e9s de la peau, tout en r\u00e9gulant la production de s\u00e9bum et en purifiant les pores.<\/li>\n<li><strong>Propri\u00e9t\u00e9s apaisantes :<\/strong> Formul\u00e9 pour r\u00e9duire les rougeurs et les irritations, offrant une sensation de confort et de soulagement \u00e0 la peau.<\/li>\n<li><strong>Am\u00e9lioration de la texture de la peau :<\/strong> Aide \u00e0 affiner la texture de la peau, minimisant les pores dilat\u00e9s et les irr\u00e9gularit\u00e9s pour un teint plus lisse et uniforme.<\/li>\n<li><strong>Hydratation l\u00e9g\u00e8re :<\/strong> Fournit une hydratation \u00e9quilibr\u00e9e sans obstruer les pores, contribuant \u00e0 maintenir l&rsquo;\u00e9quilibre cutan\u00e9 tout en offrant une peau plus confortable.<\/li>\n<\/ul>\n<p><strong>Utilisation :<\/strong> Appliquez le s\u00e9rum sur une peau propre et s\u00e8che, matin et\/ou soir, avant d&rsquo;appliquer votre cr\u00e8me de soin habituelle. Utilisez-le r\u00e9guli\u00e8rement pour obtenir les meilleurs r\u00e9sultats et compl\u00e9ter votre routine de soins anti-imperfections.<\/p>\n","protected":false},"excerpt":{"rendered":"<p><strong>DUCRAY KERACNYL SERUM PX ADULT<\/strong> est un s\u00e9rum sp\u00e9cialement formul\u00e9 pour les peaux adultes sujettes aux imperfections, combinant plusieurs actions pour am\u00e9liorer l&rsquo;apparence de la peau et traiter les signes d&rsquo;acn\u00e9.<\/p>\n<p>&nbsp;<\/p>\n","protected":false},"featured_media":11326,"comment_status":"open","ping_status":"closed","template":"","meta":{"inline_featured_image":false,"_monsterinsights_skip_tracking":false,"_monsterinsights_sitenote_active":false,"_monsterinsights_sitenote_note":"","_monsterinsights_sitenote_category":0,"_joinchat":[]},"product_cat":[121],"product_tag":[],"class_list":{"0":"post-11325","1":"product","2":"type-product","3":"status-publish","4":"has-post-thumbnail","6":"product_cat-ducray","8":"first","9":"instock","10":"shipping-taxable","11":"purchasable","12":"product-type-simple","13":"add-to-wishlist-after_add_to_cart"},"aioseo_notices":[],"_links":{"self":[{"href":"https:\/\/pararepublique.com\/index.php\/wp-json\/wp\/v2\/product\/11325","targetHints":{"allow":["GET"]}}],"collection":[{"href":"https:\/\/pararepublique.com\/index.php\/wp-json\/wp\/v2\/product"}],"about":[{"href":"https:\/\/pararepublique.com\/index.php\/wp-json\/wp\/v2\/types\/product"}],"replies":[{"embeddable":true,"href":"https:\/\/pararepublique.com\/index.php\/wp-json\/wp\/v2\/comments?post=11325"}],"version-history":[{"count":0,"href":"https:\/\/pararepublique.com\/index.php\/wp-json\/wp\/v2\/product\/11325\/revisions"}],"wp:featuredmedia":[{"embeddable":true,"href":"https:\/\/pararepublique.com\/index.php\/wp-json\/wp\/v2\/media\/11326"}],"wp:attachment":[{"href":"https:\/\/pararepublique.com\/index.php\/wp-json\/wp\/v2\/media?parent=11325"}],"wp:term":[{"taxonomy":"product_cat","embeddable":true,"href":"https:\/\/pararepublique.com\/index.php\/wp-json\/wp\/v2\/product_cat?post=11325"},{"taxonomy":"product_tag","embeddable":true,"href":"https:\/\/pararepublique.com\/index.php\/wp-json\/wp\/v2\/product_tag?post=11325"}],"curies":[{"name":"wp","href":"https:\/\/api.w.org\/{rel}","templated":true}]}}