{"id":11333,"date":"2024-08-19T15:22:05","date_gmt":"2024-08-19T15:22:05","guid":{"rendered":"https:\/\/pararepublique.com\/?post_type=product&#038;p=11333"},"modified":"2024-08-19T15:22:05","modified_gmt":"2024-08-19T15:22:05","slug":"ducray-keracnyl-uv-fluide-anti-i","status":"publish","type":"product","link":"https:\/\/pararepublique.com\/index.php\/product\/ducray-keracnyl-uv-fluide-anti-i\/","title":{"rendered":"DUCRAY KERACNYL UV FLUIDE  ANTI I"},"content":{"rendered":"<div class=\"flex-shrink-0 flex flex-col relative items-end\">\n<div>\n<div class=\"pt-0\">\n<div class=\"gizmo-bot-avatar flex h-8 w-8 items-center justify-center overflow-hidden rounded-full\">\n<div class=\"relative p-1 rounded-sm flex items-center justify-center bg-token-main-surface-primary text-token-text-primary h-8 w-8\"><\/div>\n<\/div>\n<\/div>\n<\/div>\n<\/div>\n<div class=\"group\/conversation-turn relative flex w-full min-w-0 flex-col agent-turn\">\n<div class=\"flex-col gap-1 md:gap-3\">\n<div class=\"flex max-w-full flex-col flex-grow\">\n<div class=\"min-h-[20px] text-message flex w-full flex-col items-end gap-2 whitespace-pre-wrap break-words [.text-message+&amp;]:mt-5 overflow-x-auto\" dir=\"auto\" data-message-author-role=\"assistant\" data-message-id=\"5c3ad3a9-223d-4e40-a0c2-179314433eb7\">\n<div class=\"flex w-full flex-col gap-1 empty:hidden first:pt-[3px]\">\n<div class=\"markdown prose w-full break-words dark:prose-invert dark\">\n<p><strong>DUCRAY KERACNYL UV FLUIDE<\/strong> est un soin destin\u00e9 aux peaux \u00e0 tendance acn\u00e9ique, offrant \u00e0 la fois des b\u00e9n\u00e9fices de traitement et de protection. Ce fluide est con\u00e7u pour r\u00e9pondre aux besoins sp\u00e9cifiques des peaux sujettes aux imperfections tout en les prot\u00e9geant des agressions ext\u00e9rieures.<\/p>\n<p><strong>Caract\u00e9ristiques principales :<\/strong><\/p>\n<ul>\n<li><strong>Protection solaire :<\/strong> Offre une protection SPF 30 contre les rayons UVA et UVB, aidant \u00e0 pr\u00e9venir les effets nocifs du soleil sur la peau et \u00e0 r\u00e9duire le risque de pigmentation post-acn\u00e9ique.<\/li>\n<li><strong>Action anti-imperfections :<\/strong> Formul\u00e9 avec des ingr\u00e9dients actifs qui aident \u00e0 r\u00e9duire les imperfections et \u00e0 r\u00e9guler l&rsquo;exc\u00e8s de s\u00e9bum, contribuant \u00e0 une peau plus claire et plus uniforme.<\/li>\n<li><strong>Texture l\u00e9g\u00e8re :<\/strong> Sa texture fluide et non grasse s&rsquo;absorbe rapidement, laissant la peau matte et confortable sans effet brillant.<\/li>\n<li><strong>Hydratation et confort :<\/strong> Aide \u00e0 maintenir un niveau d&rsquo;hydratation optimal tout en offrant une sensation de fra\u00eecheur et de confort tout au long de la journ\u00e9e.<\/li>\n<\/ul>\n<p><strong>Utilisation :<\/strong> Appliquez le fluide uniform\u00e9ment sur le visage et le cou chaque matin apr\u00e8s votre routine de soin habituelle. Renouvelez l&rsquo;application toutes les deux heures en cas d&rsquo;exposition prolong\u00e9e au soleil ou apr\u00e8s une baignade.<\/p>\n<\/div>\n<\/div>\n<\/div>\n<\/div>\n<\/div>\n<\/div>\n","protected":false},"excerpt":{"rendered":"<p><strong>DUCRAY KERACNYL UV FLUIDE<\/strong> est un soin destin\u00e9 aux peaux \u00e0 tendance acn\u00e9ique, offrant \u00e0 la fois des b\u00e9n\u00e9fices de traitement et de protection. Ce fluide est con\u00e7u pour r\u00e9pondre aux besoins sp\u00e9cifiques des peaux sujettes aux imperfections tout en les prot\u00e9geant des agressions ext\u00e9rieures.<\/p>\n","protected":false},"featured_media":11334,"comment_status":"open","ping_status":"closed","template":"","meta":{"inline_featured_image":false,"_monsterinsights_skip_tracking":false,"_monsterinsights_sitenote_active":false,"_monsterinsights_sitenote_note":"","_monsterinsights_sitenote_category":0,"_joinchat":[]},"product_cat":[121],"product_tag":[],"class_list":{"0":"post-11333","1":"product","2":"type-product","3":"status-publish","4":"has-post-thumbnail","6":"product_cat-ducray","8":"first","9":"instock","10":"shipping-taxable","11":"purchasable","12":"product-type-simple","13":"add-to-wishlist-after_add_to_cart"},"aioseo_notices":[],"_links":{"self":[{"href":"https:\/\/pararepublique.com\/index.php\/wp-json\/wp\/v2\/product\/11333","targetHints":{"allow":["GET"]}}],"collection":[{"href":"https:\/\/pararepublique.com\/index.php\/wp-json\/wp\/v2\/product"}],"about":[{"href":"https:\/\/pararepublique.com\/index.php\/wp-json\/wp\/v2\/types\/product"}],"replies":[{"embeddable":true,"href":"https:\/\/pararepublique.com\/index.php\/wp-json\/wp\/v2\/comments?post=11333"}],"version-history":[{"count":0,"href":"https:\/\/pararepublique.com\/index.php\/wp-json\/wp\/v2\/product\/11333\/revisions"}],"wp:featuredmedia":[{"embeddable":true,"href":"https:\/\/pararepublique.com\/index.php\/wp-json\/wp\/v2\/media\/11334"}],"wp:attachment":[{"href":"https:\/\/pararepublique.com\/index.php\/wp-json\/wp\/v2\/media?parent=11333"}],"wp:term":[{"taxonomy":"product_cat","embeddable":true,"href":"https:\/\/pararepublique.com\/index.php\/wp-json\/wp\/v2\/product_cat?post=11333"},{"taxonomy":"product_tag","embeddable":true,"href":"https:\/\/pararepublique.com\/index.php\/wp-json\/wp\/v2\/product_tag?post=11333"}],"curies":[{"name":"wp","href":"https:\/\/api.w.org\/{rel}","templated":true}]}}