{"id":11349,"date":"2024-08-19T16:09:27","date_gmt":"2024-08-19T16:09:27","guid":{"rendered":"https:\/\/pararepublique.com\/?post_type=product&#038;p=11349"},"modified":"2024-08-19T16:09:27","modified_gmt":"2024-08-19T16:09:27","slug":"ducray-melascreen-contour-yeux","status":"publish","type":"product","link":"https:\/\/pararepublique.com\/index.php\/product\/ducray-melascreen-contour-yeux\/","title":{"rendered":"DUCRAY MELASCREEN CONTOUR  YEUX"},"content":{"rendered":"<p><strong>DUCRAY MELASCREEN CONTOUR YEUX<\/strong> est un soin cibl\u00e9 pour le contour des yeux, con\u00e7u pour traiter et pr\u00e9venir les taches brunes, les cernes, et les signes de vieillissement li\u00e9s \u00e0 l&rsquo;hyperpigmentation. Ce soin est particuli\u00e8rement adapt\u00e9 pour les peaux sujettes aux taches pigmentaires, qui peuvent appara\u00eetre sous les yeux en raison de divers facteurs comme l&rsquo;exposition au soleil, l&rsquo;\u00e2ge, ou des d\u00e9s\u00e9quilibres hormonaux.<\/p>\n<p><strong>Caract\u00e9ristiques principales :<\/strong><\/p>\n<ul>\n<li><strong>R\u00e9duction des taches brunes :<\/strong> Formul\u00e9 avec des actifs d\u00e9pigmentants, ce soin aide \u00e0 r\u00e9duire l&rsquo;apparence des taches brunes et \u00e0 unifier le teint autour des yeux.<\/li>\n<li><strong>Action anti-cernes :<\/strong> Aide \u00e0 att\u00e9nuer les cernes gr\u00e2ce \u00e0 des ingr\u00e9dients qui agissent sur la microcirculation, rendant le contour des yeux plus lumineux.<\/li>\n<li><strong>Hydratation et lissage :<\/strong> Hydrate en profondeur la peau fine du contour des yeux, tout en aidant \u00e0 lisser les ridules et \u00e0 pr\u00e9venir les signes du vieillissement.<\/li>\n<li><strong>Protection contre les agressions ext\u00e9rieures :<\/strong> Offrant une protection antioxydante, ce soin aide \u00e0 prot\u00e9ger la peau contre les dommages caus\u00e9s par les radicaux libres et l&rsquo;exposition solaire.<\/li>\n<\/ul>\n<p><strong>Utilisation :<\/strong> Appliquez une petite quantit\u00e9 de cr\u00e8me matin et soir sur le contour des yeux, en tapotant doucement du bout des doigts pour favoriser l&rsquo;absorption. Pour de meilleurs r\u00e9sultats, utilisez ce soin en compl\u00e9ment des autres produits de la gamme Melascreen.<\/p>\n","protected":false},"excerpt":{"rendered":"<p><strong>DUCRAY MELASCREEN CONTOUR YEUX<\/strong> est un soin cibl\u00e9 pour le contour des yeux, con\u00e7u pour traiter et pr\u00e9venir les taches brunes, les cernes, et les signes de vieillissement li\u00e9s \u00e0 l&rsquo;hyperpigmentation. Ce soin est particuli\u00e8rement adapt\u00e9 pour les peaux sujettes aux taches pigmentaires, qui peuvent appara\u00eetre sous les yeux en raison de divers facteurs comme l&rsquo;exposition au soleil, l&rsquo;\u00e2ge, ou des d\u00e9s\u00e9quilibres hormonaux.<\/p>\n","protected":false},"featured_media":11350,"comment_status":"open","ping_status":"closed","template":"","meta":{"inline_featured_image":false,"_monsterinsights_skip_tracking":false,"_monsterinsights_sitenote_active":false,"_monsterinsights_sitenote_note":"","_monsterinsights_sitenote_category":0,"_joinchat":[]},"product_cat":[121],"product_tag":[],"class_list":{"0":"post-11349","1":"product","2":"type-product","3":"status-publish","4":"has-post-thumbnail","6":"product_cat-ducray","8":"first","9":"instock","10":"shipping-taxable","11":"purchasable","12":"product-type-simple","13":"add-to-wishlist-after_add_to_cart"},"aioseo_notices":[],"_links":{"self":[{"href":"https:\/\/pararepublique.com\/index.php\/wp-json\/wp\/v2\/product\/11349","targetHints":{"allow":["GET"]}}],"collection":[{"href":"https:\/\/pararepublique.com\/index.php\/wp-json\/wp\/v2\/product"}],"about":[{"href":"https:\/\/pararepublique.com\/index.php\/wp-json\/wp\/v2\/types\/product"}],"replies":[{"embeddable":true,"href":"https:\/\/pararepublique.com\/index.php\/wp-json\/wp\/v2\/comments?post=11349"}],"version-history":[{"count":0,"href":"https:\/\/pararepublique.com\/index.php\/wp-json\/wp\/v2\/product\/11349\/revisions"}],"wp:featuredmedia":[{"embeddable":true,"href":"https:\/\/pararepublique.com\/index.php\/wp-json\/wp\/v2\/media\/11350"}],"wp:attachment":[{"href":"https:\/\/pararepublique.com\/index.php\/wp-json\/wp\/v2\/media?parent=11349"}],"wp:term":[{"taxonomy":"product_cat","embeddable":true,"href":"https:\/\/pararepublique.com\/index.php\/wp-json\/wp\/v2\/product_cat?post=11349"},{"taxonomy":"product_tag","embeddable":true,"href":"https:\/\/pararepublique.com\/index.php\/wp-json\/wp\/v2\/product_tag?post=11349"}],"curies":[{"name":"wp","href":"https:\/\/api.w.org\/{rel}","templated":true}]}}