{"id":11351,"date":"2024-08-19T16:15:29","date_gmt":"2024-08-19T16:15:29","guid":{"rendered":"https:\/\/pararepublique.com\/?post_type=product&#038;p=11351"},"modified":"2024-08-19T16:15:29","modified_gmt":"2024-08-19T16:15:29","slug":"ducray-melascreen-cre-riche-50so","status":"publish","type":"product","link":"https:\/\/pararepublique.com\/index.php\/product\/ducray-melascreen-cre-riche-50so\/","title":{"rendered":"DUCRAY MELASCREEN CRE RICHE  50+SO"},"content":{"rendered":"<p><strong>DUCRAY MELASCREEN CR\u00c8ME RICHE SPF 50+<\/strong> est une cr\u00e8me solaire anti-taches sp\u00e9cialement formul\u00e9e pour les peaux s\u00e8ches \u00e0 tr\u00e8s s\u00e8ches. Ce soin combine une haute protection solaire avec des propri\u00e9t\u00e9s d\u00e9pigmentantes pour pr\u00e9venir et r\u00e9duire les taches brunes, tout en nourrissant intens\u00e9ment la peau.<\/p>\n<p><strong>Caract\u00e9ristiques principales :<\/strong><\/p>\n<ul>\n<li><strong>Haute protection solaire SPF 50+ :<\/strong> Offre une protection tr\u00e8s \u00e9lev\u00e9e contre les UVA et UVB, contribuant \u00e0 pr\u00e9venir l&rsquo;apparition des taches brunes caus\u00e9es par l&rsquo;exposition au soleil.<\/li>\n<li><strong>Action d\u00e9pigmentante :<\/strong> Formul\u00e9e avec des actifs sp\u00e9cifiques pour r\u00e9duire les taches pigmentaires existantes et pr\u00e9venir leur r\u00e9apparition, unifiant ainsi le teint.<\/li>\n<li><strong>Hydratation intense :<\/strong> Sa texture riche et nourrissante est id\u00e9ale pour les peaux s\u00e8ches, offrant une hydratation en profondeur et aidant \u00e0 restaurer la barri\u00e8re cutan\u00e9e.<\/li>\n<li><strong>Fini non gras :<\/strong> Bien que riche, la cr\u00e8me p\u00e9n\u00e8tre rapidement et laisse la peau douce, sans film gras.<\/li>\n<\/ul>\n<p><strong>Utilisation :<\/strong> Appliquez g\u00e9n\u00e9reusement sur le visage et le cou avant chaque exposition au soleil. Renouvelez fr\u00e9quemment l&rsquo;application, notamment apr\u00e8s avoir transpir\u00e9, nag\u00e9 ou vous \u00eatre essuy\u00e9. Pour une efficacit\u00e9 optimale contre les taches, utilisez ce soin en compl\u00e9ment des autres produits de la gamme Melascreen.<\/p>\n","protected":false},"excerpt":{"rendered":"<p><strong>DUCRAY MELASCREEN CR\u00c8ME RICHE SPF 50+<\/strong> est une cr\u00e8me solaire anti-taches sp\u00e9cialement formul\u00e9e pour les peaux s\u00e8ches \u00e0 tr\u00e8s s\u00e8ches. Ce soin combine une haute protection solaire avec des propri\u00e9t\u00e9s d\u00e9pigmentantes pour pr\u00e9venir et r\u00e9duire les taches brunes, tout en nourrissant intens\u00e9ment la peau.<\/p>\n","protected":false},"featured_media":11352,"comment_status":"open","ping_status":"closed","template":"","meta":{"inline_featured_image":false,"_monsterinsights_skip_tracking":false,"_monsterinsights_sitenote_active":false,"_monsterinsights_sitenote_note":"","_monsterinsights_sitenote_category":0,"_joinchat":[]},"product_cat":[121],"product_tag":[],"class_list":{"0":"post-11351","1":"product","2":"type-product","3":"status-publish","4":"has-post-thumbnail","6":"product_cat-ducray","8":"first","9":"instock","10":"shipping-taxable","11":"purchasable","12":"product-type-simple","13":"add-to-wishlist-after_add_to_cart"},"aioseo_notices":[],"_links":{"self":[{"href":"https:\/\/pararepublique.com\/index.php\/wp-json\/wp\/v2\/product\/11351","targetHints":{"allow":["GET"]}}],"collection":[{"href":"https:\/\/pararepublique.com\/index.php\/wp-json\/wp\/v2\/product"}],"about":[{"href":"https:\/\/pararepublique.com\/index.php\/wp-json\/wp\/v2\/types\/product"}],"replies":[{"embeddable":true,"href":"https:\/\/pararepublique.com\/index.php\/wp-json\/wp\/v2\/comments?post=11351"}],"version-history":[{"count":0,"href":"https:\/\/pararepublique.com\/index.php\/wp-json\/wp\/v2\/product\/11351\/revisions"}],"wp:featuredmedia":[{"embeddable":true,"href":"https:\/\/pararepublique.com\/index.php\/wp-json\/wp\/v2\/media\/11352"}],"wp:attachment":[{"href":"https:\/\/pararepublique.com\/index.php\/wp-json\/wp\/v2\/media?parent=11351"}],"wp:term":[{"taxonomy":"product_cat","embeddable":true,"href":"https:\/\/pararepublique.com\/index.php\/wp-json\/wp\/v2\/product_cat?post=11351"},{"taxonomy":"product_tag","embeddable":true,"href":"https:\/\/pararepublique.com\/index.php\/wp-json\/wp\/v2\/product_tag?post=11351"}],"curies":[{"name":"wp","href":"https:\/\/api.w.org\/{rel}","templated":true}]}}