{"id":11353,"date":"2024-08-19T16:18:39","date_gmt":"2024-08-19T16:18:39","guid":{"rendered":"https:\/\/pararepublique.com\/?post_type=product&#038;p=11353"},"modified":"2024-08-19T16:18:39","modified_gmt":"2024-08-19T16:18:39","slug":"ducray-melascreen-creme-leger-50","status":"publish","type":"product","link":"https:\/\/pararepublique.com\/index.php\/product\/ducray-melascreen-creme-leger-50\/","title":{"rendered":"DUCRAY MELASCREEN CREME LEGER 50+"},"content":{"rendered":"<p><strong>DUCRAY MELASCREEN CR\u00c8ME L\u00c9G\u00c8RE SPF 50+<\/strong> est un soin solaire con\u00e7u pour pr\u00e9venir et r\u00e9duire les taches brunes caus\u00e9es par l&rsquo;exposition au soleil. Cette cr\u00e8me est sp\u00e9cialement formul\u00e9e pour les peaux normales \u00e0 mixtes, offrant une haute protection solaire tout en ayant une texture l\u00e9g\u00e8re et non grasse.<\/p>\n<p><strong>Caract\u00e9ristiques principales :<\/strong><\/p>\n<ul>\n<li><strong>Protection solaire \u00e9lev\u00e9e SPF 50+ :<\/strong> Prot\u00e8ge efficacement la peau contre les rayons UVA et UVB, r\u00e9duisant ainsi le risque de formation de taches pigmentaires.<\/li>\n<li><strong>Action d\u00e9pigmentante :<\/strong> Aide \u00e0 estomper les taches brunes existantes et \u00e0 pr\u00e9venir leur r\u00e9apparition, gr\u00e2ce \u00e0 des actifs d\u00e9pigmentants sp\u00e9cifiques qui unifient le teint.<\/li>\n<li><strong>Texture l\u00e9g\u00e8re :<\/strong> Formule non com\u00e9dog\u00e8ne, id\u00e9ale pour les peaux normales \u00e0 mixtes, elle est rapidement absorb\u00e9e sans laisser de film gras, offrant un confort tout au long de la journ\u00e9e.<\/li>\n<li><strong>Fini mat :<\/strong> Laisse la peau avec un fini mat, la rendant parfaite pour une utilisation quotidienne sous le maquillage.<\/li>\n<\/ul>\n<p><strong>Utilisation :<\/strong> Appliquez g\u00e9n\u00e9reusement sur le visage et le cou avant chaque exposition au soleil. Renouvelez fr\u00e9quemment l&rsquo;application, notamment apr\u00e8s avoir transpir\u00e9, nag\u00e9 ou vous \u00eatre essuy\u00e9. Pour maximiser les r\u00e9sultats contre les taches brunes, il est recommand\u00e9 d&rsquo;utiliser cette cr\u00e8me en compl\u00e9ment d&rsquo;autres produits de la gamme Melascreen.<\/p>\n<p>&nbsp;<\/p>\n","protected":false},"excerpt":{"rendered":"<p><strong>DUCRAY MELASCREEN CR\u00c8ME L\u00c9G\u00c8RE SPF 50+<\/strong> est un soin solaire con\u00e7u pour pr\u00e9venir et r\u00e9duire les taches brunes caus\u00e9es par l&rsquo;exposition au soleil. Cette cr\u00e8me est sp\u00e9cialement formul\u00e9e pour les peaux normales \u00e0 mixtes, offrant une haute protection solaire tout en ayant une texture l\u00e9g\u00e8re et non grasse.<\/p>\n","protected":false},"featured_media":11354,"comment_status":"open","ping_status":"closed","template":"","meta":{"inline_featured_image":false,"_monsterinsights_skip_tracking":false,"_monsterinsights_sitenote_active":false,"_monsterinsights_sitenote_note":"","_monsterinsights_sitenote_category":0,"_joinchat":[]},"product_cat":[121],"product_tag":[],"class_list":{"0":"post-11353","1":"product","2":"type-product","3":"status-publish","4":"has-post-thumbnail","6":"product_cat-ducray","8":"first","9":"instock","10":"shipping-taxable","11":"purchasable","12":"product-type-simple","13":"add-to-wishlist-after_add_to_cart"},"aioseo_notices":[],"_links":{"self":[{"href":"https:\/\/pararepublique.com\/index.php\/wp-json\/wp\/v2\/product\/11353","targetHints":{"allow":["GET"]}}],"collection":[{"href":"https:\/\/pararepublique.com\/index.php\/wp-json\/wp\/v2\/product"}],"about":[{"href":"https:\/\/pararepublique.com\/index.php\/wp-json\/wp\/v2\/types\/product"}],"replies":[{"embeddable":true,"href":"https:\/\/pararepublique.com\/index.php\/wp-json\/wp\/v2\/comments?post=11353"}],"version-history":[{"count":1,"href":"https:\/\/pararepublique.com\/index.php\/wp-json\/wp\/v2\/product\/11353\/revisions"}],"predecessor-version":[{"id":11355,"href":"https:\/\/pararepublique.com\/index.php\/wp-json\/wp\/v2\/product\/11353\/revisions\/11355"}],"wp:featuredmedia":[{"embeddable":true,"href":"https:\/\/pararepublique.com\/index.php\/wp-json\/wp\/v2\/media\/11354"}],"wp:attachment":[{"href":"https:\/\/pararepublique.com\/index.php\/wp-json\/wp\/v2\/media?parent=11353"}],"wp:term":[{"taxonomy":"product_cat","embeddable":true,"href":"https:\/\/pararepublique.com\/index.php\/wp-json\/wp\/v2\/product_cat?post=11353"},{"taxonomy":"product_tag","embeddable":true,"href":"https:\/\/pararepublique.com\/index.php\/wp-json\/wp\/v2\/product_tag?post=11353"}],"curies":[{"name":"wp","href":"https:\/\/api.w.org\/{rel}","templated":true}]}}