{"id":11360,"date":"2024-08-19T16:33:38","date_gmt":"2024-08-19T16:33:38","guid":{"rendered":"https:\/\/pararepublique.com\/?post_type=product&#038;p=11360"},"modified":"2024-08-19T16:33:38","modified_gmt":"2024-08-19T16:33:38","slug":"ducray-melascreen-soin-depigm-f-30ml","status":"publish","type":"product","link":"https:\/\/pararepublique.com\/index.php\/product\/ducray-melascreen-soin-depigm-f-30ml\/","title":{"rendered":"DUCRAY MELASCREEN SOIN DEPIGM F\/30ML"},"content":{"rendered":"<p><strong>DUCRAY MELASCREEN SOIN D\u00c9PIGMENTANT<\/strong> est un soin sp\u00e9cifique destin\u00e9 \u00e0 r\u00e9duire les taches brunes et \u00e0 uniformiser le teint. Ce soin est formul\u00e9 pour cibler l&rsquo;hyperpigmentation caus\u00e9e par le soleil, le vieillissement ou les changements hormonaux, tout en offrant une hydratation adapt\u00e9e aux peaux normales \u00e0 s\u00e8ches.<\/p>\n<p><strong>Caract\u00e9ristiques principales :<\/strong><\/p>\n<ul>\n<li><strong>Action d\u00e9pigmentante :<\/strong> Contient des actifs d\u00e9pigmentants, tels que l&rsquo;acide az\u00e9la\u00efque, qui agissent sur la production de m\u00e9lanine pour att\u00e9nuer les taches brunes existantes et pr\u00e9venir leur r\u00e9apparition.<\/li>\n<li><strong>Unification du teint :<\/strong> Aide \u00e0 \u00e9claircir le teint et \u00e0 le rendre plus homog\u00e8ne, tout en redonnant de l&rsquo;\u00e9clat \u00e0 la peau.<\/li>\n<li><strong>Hydratation :<\/strong> Offre une hydratation adapt\u00e9e, laissant la peau douce et confortable sans effet gras.<\/li>\n<li><strong>Texture l\u00e9g\u00e8re :<\/strong> Sa formule fluide et l\u00e9g\u00e8re permet une application agr\u00e9able et une absorption rapide, id\u00e9ale pour un usage quotidien sous un maquillage ou un \u00e9cran solaire.<\/li>\n<\/ul>\n<p><strong>Utilisation :<\/strong> Appliquez ce soin matin et\/ou soir sur les zones concern\u00e9es du visage et du cou, en \u00e9vitant le contour des yeux. Pour prot\u00e9ger la peau des rayons UV et \u00e9viter l&rsquo;apparition de nouvelles taches, il est conseill\u00e9 d&rsquo;utiliser un \u00e9cran solaire SPF 50+ en compl\u00e9ment.<\/p>\n","protected":false},"excerpt":{"rendered":"<p><strong>DUCRAY MELASCREEN SOIN D\u00c9PIGMENTANT<\/strong> est un soin sp\u00e9cifique destin\u00e9 \u00e0 r\u00e9duire les taches brunes et \u00e0 uniformiser le teint. Ce soin est formul\u00e9 pour cibler l&rsquo;hyperpigmentation caus\u00e9e par le soleil, le vieillissement ou les changements hormonaux, tout en offrant une hydratation adapt\u00e9e aux peaux normales \u00e0 s\u00e8ches.<\/p>\n","protected":false},"featured_media":11361,"comment_status":"open","ping_status":"closed","template":"","meta":{"inline_featured_image":false,"_monsterinsights_skip_tracking":false,"_monsterinsights_sitenote_active":false,"_monsterinsights_sitenote_note":"","_monsterinsights_sitenote_category":0,"_joinchat":[]},"product_cat":[121],"product_tag":[],"class_list":{"0":"post-11360","1":"product","2":"type-product","3":"status-publish","4":"has-post-thumbnail","6":"product_cat-ducray","8":"first","9":"instock","10":"shipping-taxable","11":"purchasable","12":"product-type-simple","13":"add-to-wishlist-after_add_to_cart"},"aioseo_notices":[],"_links":{"self":[{"href":"https:\/\/pararepublique.com\/index.php\/wp-json\/wp\/v2\/product\/11360","targetHints":{"allow":["GET"]}}],"collection":[{"href":"https:\/\/pararepublique.com\/index.php\/wp-json\/wp\/v2\/product"}],"about":[{"href":"https:\/\/pararepublique.com\/index.php\/wp-json\/wp\/v2\/types\/product"}],"replies":[{"embeddable":true,"href":"https:\/\/pararepublique.com\/index.php\/wp-json\/wp\/v2\/comments?post=11360"}],"version-history":[{"count":0,"href":"https:\/\/pararepublique.com\/index.php\/wp-json\/wp\/v2\/product\/11360\/revisions"}],"wp:featuredmedia":[{"embeddable":true,"href":"https:\/\/pararepublique.com\/index.php\/wp-json\/wp\/v2\/media\/11361"}],"wp:attachment":[{"href":"https:\/\/pararepublique.com\/index.php\/wp-json\/wp\/v2\/media?parent=11360"}],"wp:term":[{"taxonomy":"product_cat","embeddable":true,"href":"https:\/\/pararepublique.com\/index.php\/wp-json\/wp\/v2\/product_cat?post=11360"},{"taxonomy":"product_tag","embeddable":true,"href":"https:\/\/pararepublique.com\/index.php\/wp-json\/wp\/v2\/product_tag?post=11360"}],"curies":[{"name":"wp","href":"https:\/\/api.w.org\/{rel}","templated":true}]}}