{"id":11362,"date":"2024-08-20T10:37:33","date_gmt":"2024-08-20T10:37:33","guid":{"rendered":"https:\/\/pararepublique.com\/?post_type=product&#038;p=11362"},"modified":"2024-08-20T10:37:34","modified_gmt":"2024-08-20T10:37:34","slug":"ducray-melascreen-creme-main-50ml","status":"publish","type":"product","link":"https:\/\/pararepublique.com\/index.php\/product\/ducray-melascreen-creme-main-50ml\/","title":{"rendered":"DUCRAY MELASCREEN CREME MAIN 50ML"},"content":{"rendered":"<p><strong>DUCRAY MELASCREEN CREME MAIN 50ML<\/strong> est une cr\u00e8me pour les mains con\u00e7ue pour r\u00e9duire et pr\u00e9venir l&rsquo;apparition des taches brunes sur la peau. Ce produit est particuli\u00e8rement adapt\u00e9 aux peaux sujettes aux hyperpigmentations caus\u00e9es par l&rsquo;exposition au soleil, le vieillissement cutan\u00e9, ou d&rsquo;autres facteurs environnementaux.<\/p>\n<h3>Caract\u00e9ristiques principales :<\/h3>\n<ul>\n<li><strong>R\u00e9duction des taches brunes<\/strong> : Cette cr\u00e8me contient des actifs d\u00e9pigmentants qui agissent sur les zones concern\u00e9es pour estomper les taches brunes existantes et pr\u00e9venir l&rsquo;apparition de nouvelles taches.<\/li>\n<li><strong>Protection solaire<\/strong> : Avec un indice de protection SPF 50, elle prot\u00e8ge la peau des rayons UV, principaux responsables du vieillissement cutan\u00e9 pr\u00e9matur\u00e9 et de l&rsquo;hyperpigmentation.<\/li>\n<li><strong>Hydratation<\/strong> : Formul\u00e9e pour nourrir et hydrater les mains en profondeur, elle laisse la peau douce, lisse et prot\u00e9g\u00e9e.<\/li>\n<li><strong>Texture l\u00e9g\u00e8re<\/strong> : Non grasse et rapidement absorb\u00e9e, elle convient \u00e0 une utilisation quotidienne.<\/li>\n<\/ul>\n<h3>Conseils d&rsquo;utilisation :<\/h3>\n<p>Appliquez la cr\u00e8me sur les mains deux fois par jour, en insistant sur les zones pr\u00e9sentant des taches brunes. Pour une efficacit\u00e9 optimale, il est recommand\u00e9 de l&rsquo;utiliser en compl\u00e9ment d&rsquo;autres soins anti-taches de la gamme Melascreen.<\/p>\n","protected":false},"excerpt":{"rendered":"<p><strong>DUCRAY MELASCREEN CREME MAIN 50ML<\/strong> est une cr\u00e8me pour les mains con\u00e7ue pour r\u00e9duire et pr\u00e9venir l&rsquo;apparition des taches brunes sur la peau. Ce produit est particuli\u00e8rement adapt\u00e9 aux peaux sujettes aux hyperpigmentations caus\u00e9es par l&rsquo;exposition au soleil, le vieillissement cutan\u00e9, ou d&rsquo;autres facteurs environnementaux.<\/p>\n","protected":false},"featured_media":11364,"comment_status":"open","ping_status":"closed","template":"","meta":{"inline_featured_image":false,"_monsterinsights_skip_tracking":false,"_monsterinsights_sitenote_active":false,"_monsterinsights_sitenote_note":"","_monsterinsights_sitenote_category":0,"_joinchat":[]},"product_cat":[121],"product_tag":[],"class_list":{"0":"post-11362","1":"product","2":"type-product","3":"status-publish","4":"has-post-thumbnail","6":"product_cat-ducray","8":"first","9":"instock","10":"shipping-taxable","11":"purchasable","12":"product-type-simple","13":"add-to-wishlist-after_add_to_cart"},"aioseo_notices":[],"_links":{"self":[{"href":"https:\/\/pararepublique.com\/index.php\/wp-json\/wp\/v2\/product\/11362","targetHints":{"allow":["GET"]}}],"collection":[{"href":"https:\/\/pararepublique.com\/index.php\/wp-json\/wp\/v2\/product"}],"about":[{"href":"https:\/\/pararepublique.com\/index.php\/wp-json\/wp\/v2\/types\/product"}],"replies":[{"embeddable":true,"href":"https:\/\/pararepublique.com\/index.php\/wp-json\/wp\/v2\/comments?post=11362"}],"version-history":[{"count":0,"href":"https:\/\/pararepublique.com\/index.php\/wp-json\/wp\/v2\/product\/11362\/revisions"}],"wp:featuredmedia":[{"embeddable":true,"href":"https:\/\/pararepublique.com\/index.php\/wp-json\/wp\/v2\/media\/11364"}],"wp:attachment":[{"href":"https:\/\/pararepublique.com\/index.php\/wp-json\/wp\/v2\/media?parent=11362"}],"wp:term":[{"taxonomy":"product_cat","embeddable":true,"href":"https:\/\/pararepublique.com\/index.php\/wp-json\/wp\/v2\/product_cat?post=11362"},{"taxonomy":"product_tag","embeddable":true,"href":"https:\/\/pararepublique.com\/index.php\/wp-json\/wp\/v2\/product_tag?post=11362"}],"curies":[{"name":"wp","href":"https:\/\/api.w.org\/{rel}","templated":true}]}}