{"id":11367,"date":"2024-08-20T10:39:45","date_gmt":"2024-08-20T10:39:45","guid":{"rendered":"https:\/\/pararepublique.com\/?post_type=product&#038;p=11367"},"modified":"2024-08-20T10:39:46","modified_gmt":"2024-08-20T10:39:46","slug":"ducray-neoptid-homme-lotion-100ml","status":"publish","type":"product","link":"https:\/\/pararepublique.com\/index.php\/product\/ducray-neoptid-homme-lotion-100ml\/","title":{"rendered":"DUCRAY NEOPTID HOMME LOTION 100ML"},"content":{"rendered":"<div class=\"flex max-w-full flex-col flex-grow\">\n<div class=\"min-h-[20px] text-message flex w-full flex-col items-end gap-2 break-words [.text-message+&amp;]:mt-5 overflow-x-auto whitespace-pre-wrap\" dir=\"auto\" data-message-author-role=\"assistant\" data-message-id=\"83d3b396-2e06-4dd9-a4bc-1a4c8c365b7d\">\n<div class=\"flex w-full flex-col gap-1 empty:hidden first:pt-[3px]\">\n<div class=\"markdown prose w-full break-words dark:prose-invert dark\">\n<p><strong>DUCRAY NEOPTID HOMME LOTION 100ML<\/strong> est une lotion capillaire sp\u00e9cialement formul\u00e9e pour combattre la chute de cheveux chez les hommes. Elle est con\u00e7ue pour stimuler la croissance des cheveux et am\u00e9liorer leur densit\u00e9, en agissant directement sur le cuir chevelu.<\/p>\n<h3>Caract\u00e9ristiques principales :<\/h3>\n<ul>\n<li><strong>Action anti-chute<\/strong> : La lotion contient des ingr\u00e9dients actifs qui aident \u00e0 ralentir la chute des cheveux, en agissant sur les m\u00e9canismes responsables de la perte de cheveux chez les hommes.<\/li>\n<li><strong>Stimulation de la croissance<\/strong> : Formul\u00e9e avec des mol\u00e9cules comme le <strong>Dipeptide Oxoazalidine<\/strong>, elle favorise la croissance des cheveux en stimulant les follicules pileux et en prolongeant la phase anag\u00e8ne (phase de croissance des cheveux).<\/li>\n<li><strong>Renforcement capillaire<\/strong> : La lotion contribue \u00e0 renforcer les cheveux existants, leur donnant plus de volume et de vitalit\u00e9.<\/li>\n<li><strong>Facile \u00e0 utiliser<\/strong> : La texture l\u00e9g\u00e8re et non grasse de la lotion permet une application facile, sans alourdir les cheveux.<\/li>\n<\/ul>\n<h3>Conseils d&rsquo;utilisation :<\/h3>\n<p>Appliquez 9 pulv\u00e9risations de la lotion une fois par jour sur le cuir chevelu sec ou humide, en massant l\u00e9g\u00e8rement pour faire p\u00e9n\u00e9trer le produit. Il est recommand\u00e9 de ne pas rincer et de laisser le produit agir. Pour des r\u00e9sultats optimaux, utilisez la lotion pendant au moins 3 mois.<\/p>\n<p>Ce produit est id\u00e9al pour les hommes confront\u00e9s \u00e0 une perte de cheveux mod\u00e9r\u00e9e et souhaitant stimuler la repousse capillaire et am\u00e9liorer la densit\u00e9 de leurs cheveux.<\/p>\n<\/div>\n<\/div>\n<\/div>\n<\/div>\n<div class=\"mt-1 flex gap-3 empty:hidden -ml-2\">\n<div class=\"items-center justify-start rounded-xl p-1 flex\">\n<div class=\"flex items-center\"><button class=\"rounded-lg text-token-text-secondary hover:bg-token-main-surface-secondary\"><\/button><button class=\"rounded-lg text-token-text-secondary hover:bg-token-main-surface-secondary\"><\/button><button class=\"rounded-lg text-token-text-secondary hover:bg-token-main-surface-secondary\"><\/button><\/p>\n<div class=\"flex\"><\/div>\n<div class=\"flex items-center pb-0\">\n<div class=\"[&amp;_svg]:h-full [&amp;_svg]:w-full icon-md h-4 w-4\"><\/div>\n<p><span class=\"overflow-hidden text-clip whitespace-nowrap text-sm\">4o<\/span><\/div>\n<\/div>\n<\/div>\n<\/div>\n","protected":false},"excerpt":{"rendered":"<p><strong>DUCRAY NEOPTID HOMME LOTION 100ML<\/strong> est une lotion capillaire sp\u00e9cialement formul\u00e9e pour combattre la chute de cheveux chez les hommes. Elle est con\u00e7ue pour stimuler la croissance des cheveux et am\u00e9liorer leur densit\u00e9, en agissant directement sur le cuir chevelu.<\/p>\n","protected":false},"featured_media":11368,"comment_status":"open","ping_status":"closed","template":"","meta":{"inline_featured_image":false,"_monsterinsights_skip_tracking":false,"_monsterinsights_sitenote_active":false,"_monsterinsights_sitenote_note":"","_monsterinsights_sitenote_category":0,"_joinchat":[]},"product_cat":[159],"product_tag":[],"class_list":{"0":"post-11367","1":"product","2":"type-product","3":"status-publish","4":"has-post-thumbnail","6":"product_cat-ducray-soins-capillaires","8":"first","9":"instock","10":"shipping-taxable","11":"purchasable","12":"product-type-simple","13":"add-to-wishlist-after_add_to_cart"},"aioseo_notices":[],"_links":{"self":[{"href":"https:\/\/pararepublique.com\/index.php\/wp-json\/wp\/v2\/product\/11367","targetHints":{"allow":["GET"]}}],"collection":[{"href":"https:\/\/pararepublique.com\/index.php\/wp-json\/wp\/v2\/product"}],"about":[{"href":"https:\/\/pararepublique.com\/index.php\/wp-json\/wp\/v2\/types\/product"}],"replies":[{"embeddable":true,"href":"https:\/\/pararepublique.com\/index.php\/wp-json\/wp\/v2\/comments?post=11367"}],"version-history":[{"count":0,"href":"https:\/\/pararepublique.com\/index.php\/wp-json\/wp\/v2\/product\/11367\/revisions"}],"wp:featuredmedia":[{"embeddable":true,"href":"https:\/\/pararepublique.com\/index.php\/wp-json\/wp\/v2\/media\/11368"}],"wp:attachment":[{"href":"https:\/\/pararepublique.com\/index.php\/wp-json\/wp\/v2\/media?parent=11367"}],"wp:term":[{"taxonomy":"product_cat","embeddable":true,"href":"https:\/\/pararepublique.com\/index.php\/wp-json\/wp\/v2\/product_cat?post=11367"},{"taxonomy":"product_tag","embeddable":true,"href":"https:\/\/pararepublique.com\/index.php\/wp-json\/wp\/v2\/product_tag?post=11367"}],"curies":[{"name":"wp","href":"https:\/\/api.w.org\/{rel}","templated":true}]}}