{"id":11369,"date":"2024-08-20T10:42:33","date_gmt":"2024-08-20T10:42:33","guid":{"rendered":"https:\/\/pararepublique.com\/?post_type=product&#038;p=11369"},"modified":"2024-08-20T10:42:34","modified_gmt":"2024-08-20T10:42:34","slug":"ducray-neoptid-antichute-330ml","status":"publish","type":"product","link":"https:\/\/pararepublique.com\/index.php\/product\/ducray-neoptid-antichute-330ml\/","title":{"rendered":"DUCRAY NEOPTID ANTICHUTE 3*30ML"},"content":{"rendered":"<div class=\"flex-1 overflow-hidden\">\n<div class=\"h-full\">\n<div class=\"react-scroll-to-bottom--css-pemjs-79elbk h-full\">\n<div class=\"react-scroll-to-bottom--css-pemjs-1n7m0yu\">\n<div class=\"flex flex-col text-sm md:pb-9\">\n<article class=\"w-full text-token-text-primary focus-visible:outline-2 focus-visible:outline-offset-[-4px]\" dir=\"auto\" tabindex=\"0\" data-testid=\"conversation-turn-7\" data-scroll-anchor=\"true\">\n<div class=\"text-base py-[18px] px-3 md:px-4 m-auto md:px-5\">\n<div class=\"mx-auto flex flex-1 gap-4 text-base md:gap-5 lg:gap-6 md:max-w-3xl lg:max-w-[40rem] xl:max-w-[48rem]\">\n<div class=\"group\/conversation-turn relative flex w-full min-w-0 flex-col agent-turn\">\n<div class=\"flex-col gap-1 md:gap-3\">\n<div class=\"flex max-w-full flex-col flex-grow\">\n<div class=\"min-h-[20px] text-message flex w-full flex-col items-end gap-2 break-words [.text-message+&amp;]:mt-5 overflow-x-auto whitespace-pre-wrap\" dir=\"auto\" data-message-author-role=\"assistant\" data-message-id=\"9bf1e016-33a9-40d1-91a5-e7be97846021\">\n<div class=\"flex w-full flex-col gap-1 empty:hidden first:pt-[3px]\">\n<div class=\"markdown prose w-full break-words dark:prose-invert dark\">\n<p><strong>DUCRAY NEOPTID ANTICHUTE 3x30ML<\/strong> est un traitement anti-chute con\u00e7u pour combattre la perte de cheveux chronique chez les femmes. Ce coffret contient trois flacons de 30 ml chacun, destin\u00e9s \u00e0 une utilisation prolong\u00e9e pour des r\u00e9sultats optimaux.<\/p>\n<h3>Caract\u00e9ristiques principales :<\/h3>\n<ul>\n<li><strong>Action cibl\u00e9e contre la chute de cheveux<\/strong> : Formul\u00e9 pour ralentir la chute des cheveux en prolongeant la dur\u00e9e de vie des follicules pileux gr\u00e2ce \u00e0 des ingr\u00e9dients actifs comme le <strong>N\u00e9oruscine<\/strong>, la <strong>Nicotinamide<\/strong>, et le <strong>GP4G<\/strong>.<\/li>\n<li><strong>Stimulation de la croissance capillaire<\/strong> : Ce traitement agit directement sur le cuir chevelu pour stimuler la croissance de nouveaux cheveux et augmenter leur densit\u00e9.<\/li>\n<li><strong>Am\u00e9lioration de la microcirculation<\/strong> : La formule favorise la microcirculation au niveau du cuir chevelu, optimisant ainsi l\u2019apport en nutriments n\u00e9cessaires \u00e0 la pousse des cheveux.<\/li>\n<li><strong>Texture l\u00e9g\u00e8re et non grasse<\/strong> : Facile \u00e0 appliquer, la lotion ne laisse pas de r\u00e9sidu gras, permettant de l&rsquo;utiliser quotidiennement sans alourdir les cheveux.<\/li>\n<\/ul>\n<h3>Conseils d&rsquo;utilisation :<\/h3>\n<p>Appliquez une dose (1 ml) de lotion quotidiennement sur le cuir chevelu sec ou humide, en r\u00e9partissant bien le produit sur l&rsquo;ensemble du cuir chevelu. Ne pas rincer. Pour une efficacit\u00e9 maximale, il est recommand\u00e9 de suivre le traitement pendant au moins 3 mois.<\/p>\n<p>Ce coffret est id\u00e9al pour les femmes souffrant de chute de cheveux diffuse ou chronique et recherchant un traitement efficace pour stimuler la repousse et am\u00e9liorer la densit\u00e9 capillaire.<\/p>\n<\/div>\n<\/div>\n<\/div>\n<\/div>\n<div class=\"mt-1 flex gap-3 empty:hidden -ml-2\">\n<div class=\"items-center justify-start rounded-xl p-1 flex\"><\/div>\n<\/div>\n<\/div>\n<\/div>\n<\/div>\n<\/div>\n<\/article>\n<\/div>\n<\/div>\n<\/div>\n<\/div>\n<\/div>\n<div class=\"md:pt-0 dark:border-white\/20 md:border-transparent md:dark:border-transparent w-full\">\n<div class=\"text-base px-3 md:px-4 m-auto md:px-5\">\n<div class=\"mx-auto flex flex-1 gap-4 text-base md:gap-5 lg:gap-6 md:max-w-3xl lg:max-w-[40rem] xl:max-w-[48rem]\">\n<form class=\"w-full\" aria-haspopup=\"dialog\" aria-expanded=\"false\" aria-controls=\"radix-:r2:\" data-state=\"closed\">\n<div class=\"relative flex h-full max-w-full flex-1 flex-col\">\n<div class=\"flex w-full items-center\">\n<div class=\"flex w-full flex-col gap-1.5 rounded-[26px] p-1.5 transition-colors bg-[#f4f4f4] dark:bg-token-main-surface-secondary\">\n<div class=\"flex items-end gap-1.5 md:gap-2\">\n<div>\n<div class=\"flex flex-col\">\n<div aria-haspopup=\"dialog\" aria-expanded=\"false\" aria-controls=\"radix-:rf:\" data-state=\"closed\"><\/div>\n<\/div>\n<\/div>\n<div class=\"flex min-w-0 flex-1 flex-col\"><\/div>\n<\/div>\n<\/div>\n<\/div>\n<\/div>\n<\/form>\n<\/div>\n<\/div>\n<\/div>\n","protected":false},"excerpt":{"rendered":"<p><strong>DUCRAY NEOPTID ANTICHUTE 3x30ML<\/strong> est un traitement anti-chute con\u00e7u pour combattre la perte de cheveux chronique chez les femmes. Ce coffret contient trois flacons de 30 ml chacun, destin\u00e9s \u00e0 une utilisation prolong\u00e9e pour des r\u00e9sultats optimaux.<\/p>\n","protected":false},"featured_media":11370,"comment_status":"open","ping_status":"closed","template":"","meta":{"inline_featured_image":false,"_monsterinsights_skip_tracking":false,"_monsterinsights_sitenote_active":false,"_monsterinsights_sitenote_note":"","_monsterinsights_sitenote_category":0,"_joinchat":[]},"product_cat":[159],"product_tag":[],"class_list":{"0":"post-11369","1":"product","2":"type-product","3":"status-publish","4":"has-post-thumbnail","6":"product_cat-ducray-soins-capillaires","8":"first","9":"instock","10":"shipping-taxable","11":"purchasable","12":"product-type-simple","13":"add-to-wishlist-after_add_to_cart"},"aioseo_notices":[],"_links":{"self":[{"href":"https:\/\/pararepublique.com\/index.php\/wp-json\/wp\/v2\/product\/11369","targetHints":{"allow":["GET"]}}],"collection":[{"href":"https:\/\/pararepublique.com\/index.php\/wp-json\/wp\/v2\/product"}],"about":[{"href":"https:\/\/pararepublique.com\/index.php\/wp-json\/wp\/v2\/types\/product"}],"replies":[{"embeddable":true,"href":"https:\/\/pararepublique.com\/index.php\/wp-json\/wp\/v2\/comments?post=11369"}],"version-history":[{"count":0,"href":"https:\/\/pararepublique.com\/index.php\/wp-json\/wp\/v2\/product\/11369\/revisions"}],"wp:featuredmedia":[{"embeddable":true,"href":"https:\/\/pararepublique.com\/index.php\/wp-json\/wp\/v2\/media\/11370"}],"wp:attachment":[{"href":"https:\/\/pararepublique.com\/index.php\/wp-json\/wp\/v2\/media?parent=11369"}],"wp:term":[{"taxonomy":"product_cat","embeddable":true,"href":"https:\/\/pararepublique.com\/index.php\/wp-json\/wp\/v2\/product_cat?post=11369"},{"taxonomy":"product_tag","embeddable":true,"href":"https:\/\/pararepublique.com\/index.php\/wp-json\/wp\/v2\/product_tag?post=11369"}],"curies":[{"name":"wp","href":"https:\/\/api.w.org\/{rel}","templated":true}]}}