{"id":11380,"date":"2024-08-20T10:54:33","date_gmt":"2024-08-20T10:54:33","guid":{"rendered":"https:\/\/pararepublique.com\/?post_type=product&#038;p=11380"},"modified":"2024-08-20T10:54:34","modified_gmt":"2024-08-20T10:54:34","slug":"ducray-sensinol-shamp-200ml","status":"publish","type":"product","link":"https:\/\/pararepublique.com\/index.php\/product\/ducray-sensinol-shamp-200ml\/","title":{"rendered":"DUCRAY SENSINOL SHAMP 200ML"},"content":{"rendered":"<div class=\"flex max-w-full flex-col flex-grow\">\n<div class=\"min-h-[20px] text-message flex w-full flex-col items-end gap-2 break-words [.text-message+&amp;]:mt-5 overflow-x-auto whitespace-pre-wrap\" dir=\"auto\" data-message-author-role=\"assistant\" data-message-id=\"abc64ca5-3b77-4884-9a4d-370d3ee1d3aa\">\n<div class=\"flex w-full flex-col gap-1 empty:hidden first:pt-[3px]\">\n<div class=\"markdown prose w-full break-words dark:prose-invert dark\">\n<p><strong>DUCRAY SENSINOL SHAMPOOING APAISANT 200ML<\/strong> est un shampooing sp\u00e9cialement formul\u00e9 pour les cuirs chevelus sensibles, irrit\u00e9s ou sujets aux d\u00e9mangeaisons. Il apaise instantan\u00e9ment et durablement les sensations d&rsquo;inconfort tout en nettoyant les cheveux en douceur.<\/p>\n<h3>Caract\u00e9ristiques principales :<\/h3>\n<ul>\n<li><strong>Action apaisante imm\u00e9diate<\/strong> : Enrichi en <strong>Polidocanol<\/strong>, un agent apaisant reconnu, ce shampooing calme rapidement les irritations et d\u00e9mangeaisons du cuir chevelu.<\/li>\n<li><strong>Formule douce et respectueuse<\/strong> : Sa formule sans sulfate, sans paraben, et sans colorant, est id\u00e9ale pour les cuirs chevelus sensibles. Elle nettoie en douceur sans agresser ni ass\u00e9cher le cuir chevelu.<\/li>\n<li><strong>Hydratation et protection<\/strong> : Le shampooing hydrate le cuir chevelu tout en renfor\u00e7ant sa barri\u00e8re protectrice naturelle, contribuant ainsi \u00e0 r\u00e9duire les sensations d&rsquo;inconfort.<\/li>\n<li><strong>Usage fr\u00e9quent<\/strong> : Adapt\u00e9 \u00e0 un usage fr\u00e9quent, ce shampooing laisse les cheveux propres, doux, et faciles \u00e0 coiffer.<\/li>\n<\/ul>\n<h3>Conseils d&rsquo;utilisation :<\/h3>\n<p>Appliquez une petite quantit\u00e9 de shampooing sur le cuir chevelu mouill\u00e9, massez doucement pour faire mousser, puis rincez abondamment. R\u00e9p\u00e9tez l&rsquo;op\u00e9ration si n\u00e9cessaire. Pour un r\u00e9sultat optimal, utilisez-le en compl\u00e9ment d&rsquo;autres soins de la gamme Sensinol.<\/p>\n<p>Ce produit est id\u00e9al pour les personnes ayant un cuir chevelu sensible ou irrit\u00e9 et recherchant un shampooing doux qui apaise et prot\u00e8ge tout en nettoyant les cheveux efficacement.<\/p>\n<\/div>\n<\/div>\n<\/div>\n<\/div>\n","protected":false},"excerpt":{"rendered":"<p><strong>DUCRAY SENSINOL SHAMPOOING APAISANT 200ML<\/strong> est un shampooing sp\u00e9cialement formul\u00e9 pour les cuirs chevelus sensibles, irrit\u00e9s ou sujets aux d\u00e9mangeaisons. Il apaise instantan\u00e9ment et durablement les sensations d&rsquo;inconfort tout en nettoyant les cheveux en douceur.<\/p>\n","protected":false},"featured_media":11381,"comment_status":"open","ping_status":"closed","template":"","meta":{"inline_featured_image":false,"_monsterinsights_skip_tracking":false,"_monsterinsights_sitenote_active":false,"_monsterinsights_sitenote_note":"","_monsterinsights_sitenote_category":0,"_joinchat":[]},"product_cat":[159],"product_tag":[],"class_list":{"0":"post-11380","1":"product","2":"type-product","3":"status-publish","4":"has-post-thumbnail","6":"product_cat-ducray-soins-capillaires","8":"first","9":"instock","10":"shipping-taxable","11":"purchasable","12":"product-type-simple","13":"add-to-wishlist-after_add_to_cart"},"aioseo_notices":[],"_links":{"self":[{"href":"https:\/\/pararepublique.com\/index.php\/wp-json\/wp\/v2\/product\/11380","targetHints":{"allow":["GET"]}}],"collection":[{"href":"https:\/\/pararepublique.com\/index.php\/wp-json\/wp\/v2\/product"}],"about":[{"href":"https:\/\/pararepublique.com\/index.php\/wp-json\/wp\/v2\/types\/product"}],"replies":[{"embeddable":true,"href":"https:\/\/pararepublique.com\/index.php\/wp-json\/wp\/v2\/comments?post=11380"}],"version-history":[{"count":0,"href":"https:\/\/pararepublique.com\/index.php\/wp-json\/wp\/v2\/product\/11380\/revisions"}],"wp:featuredmedia":[{"embeddable":true,"href":"https:\/\/pararepublique.com\/index.php\/wp-json\/wp\/v2\/media\/11381"}],"wp:attachment":[{"href":"https:\/\/pararepublique.com\/index.php\/wp-json\/wp\/v2\/media?parent=11380"}],"wp:term":[{"taxonomy":"product_cat","embeddable":true,"href":"https:\/\/pararepublique.com\/index.php\/wp-json\/wp\/v2\/product_cat?post=11380"},{"taxonomy":"product_tag","embeddable":true,"href":"https:\/\/pararepublique.com\/index.php\/wp-json\/wp\/v2\/product_tag?post=11380"}],"curies":[{"name":"wp","href":"https:\/\/api.w.org\/{rel}","templated":true}]}}