{"id":11414,"date":"2024-08-20T12:08:28","date_gmt":"2024-08-20T12:08:28","guid":{"rendered":"https:\/\/pararepublique.com\/?post_type=product&#038;p=11414"},"modified":"2024-08-20T12:09:20","modified_gmt":"2024-08-20T12:09:20","slug":"keracnyl-pack-gel-400-serum","status":"publish","type":"product","link":"https:\/\/pararepublique.com\/index.php\/product\/keracnyl-pack-gel-400-serum\/","title":{"rendered":"KERACNYL PACK GEL 400 + SERUM"},"content":{"rendered":"<p><strong>KERACNYL PACK GEL 400ML + SERUM<\/strong> est un ensemble de soins dermatologiques sp\u00e9cialement con\u00e7u pour les peaux sujettes aux imperfections. Voici une description d\u00e9taill\u00e9e des produits inclus dans ce pack :<\/p>\n<h3><strong>1. KERACNYL GEL 400ML<\/strong><\/h3>\n<ul>\n<li><strong>Caract\u00e9ristiques principales :<\/strong>\n<ul>\n<li><strong>Nettoyage en profondeur<\/strong> : Ce gel nettoyant est formul\u00e9 pour purifier la peau en \u00e9liminant les impuret\u00e9s, l&rsquo;exc\u00e8s de s\u00e9bum et les cellules mortes.<\/li>\n<li><strong>Action anti-imperfections<\/strong> : Contient des ingr\u00e9dients actifs tels que l&rsquo;<strong>Acide Salicylique<\/strong>, qui aide \u00e0 traiter les imperfections et \u00e0 pr\u00e9venir leur apparition.<\/li>\n<li><strong>Texture gel<\/strong> : Sa texture moussante assure un nettoyage doux et efficace sans agresser la peau.<\/li>\n<\/ul>\n<\/li>\n<li><strong>Conseils d&rsquo;utilisation :<\/strong>\n<ul>\n<li>Appliquez le gel sur le visage humide.<\/li>\n<li>Faites mousser en massant d\u00e9licatement, puis rincez abondamment \u00e0 l&rsquo;eau ti\u00e8de.<\/li>\n<li>Utilisez matin et soir pour un nettoyage quotidien.<\/li>\n<\/ul>\n<\/li>\n<\/ul>\n","protected":false},"excerpt":{"rendered":"<p><strong>KERACNYL PACK GEL 400ML + SERUM<\/strong> est un ensemble de soins dermatologiques sp\u00e9cialement con\u00e7u pour les peaux sujettes aux imperfections. Voici une description d\u00e9taill\u00e9e des produits inclus dans ce pack :<\/p>\n","protected":false},"featured_media":11415,"comment_status":"open","ping_status":"closed","template":"","meta":{"inline_featured_image":false,"_monsterinsights_skip_tracking":false,"_monsterinsights_sitenote_active":false,"_monsterinsights_sitenote_note":"","_monsterinsights_sitenote_category":0,"_joinchat":[]},"product_cat":[121],"product_tag":[],"class_list":{"0":"post-11414","1":"product","2":"type-product","3":"status-publish","4":"has-post-thumbnail","6":"product_cat-ducray","8":"first","9":"instock","10":"shipping-taxable","11":"purchasable","12":"product-type-simple","13":"add-to-wishlist-after_add_to_cart"},"aioseo_notices":[],"_links":{"self":[{"href":"https:\/\/pararepublique.com\/index.php\/wp-json\/wp\/v2\/product\/11414","targetHints":{"allow":["GET"]}}],"collection":[{"href":"https:\/\/pararepublique.com\/index.php\/wp-json\/wp\/v2\/product"}],"about":[{"href":"https:\/\/pararepublique.com\/index.php\/wp-json\/wp\/v2\/types\/product"}],"replies":[{"embeddable":true,"href":"https:\/\/pararepublique.com\/index.php\/wp-json\/wp\/v2\/comments?post=11414"}],"version-history":[{"count":0,"href":"https:\/\/pararepublique.com\/index.php\/wp-json\/wp\/v2\/product\/11414\/revisions"}],"wp:featuredmedia":[{"embeddable":true,"href":"https:\/\/pararepublique.com\/index.php\/wp-json\/wp\/v2\/media\/11415"}],"wp:attachment":[{"href":"https:\/\/pararepublique.com\/index.php\/wp-json\/wp\/v2\/media?parent=11414"}],"wp:term":[{"taxonomy":"product_cat","embeddable":true,"href":"https:\/\/pararepublique.com\/index.php\/wp-json\/wp\/v2\/product_cat?post=11414"},{"taxonomy":"product_tag","embeddable":true,"href":"https:\/\/pararepublique.com\/index.php\/wp-json\/wp\/v2\/product_tag?post=11414"}],"curies":[{"name":"wp","href":"https:\/\/api.w.org\/{rel}","templated":true}]}}