{"id":11444,"date":"2024-08-20T15:55:07","date_gmt":"2024-08-20T15:55:07","guid":{"rendered":"https:\/\/pararepublique.com\/?post_type=product&#038;p=11444"},"modified":"2024-08-20T15:55:08","modified_gmt":"2024-08-20T15:55:08","slug":"avene-demaq-pss-200ml","status":"publish","type":"product","link":"https:\/\/pararepublique.com\/index.php\/product\/avene-demaq-pss-200ml\/","title":{"rendered":"AVENE DEMAQ.PSS 200ML"},"content":{"rendered":"<p><strong>AVENE D\u00c9MAQUILLANT PEAUX SENSIBLES 200ML<\/strong> est une solution micellaire douce et efficace, sp\u00e9cialement con\u00e7ue pour le d\u00e9maquillage des peaux sensibles. Enrichie en Eau thermale d&rsquo;Av\u00e8ne, elle nettoie et apaise la peau tout en \u00e9liminant les impuret\u00e9s et le maquillage, m\u00eame waterproof.<\/p>\n<h3><strong>Caract\u00e9ristiques principales :<\/strong><\/h3>\n<ul>\n<li><strong>Nettoyage en douceur<\/strong> : Formule micellaire qui capture et \u00e9limine les impuret\u00e9s et le maquillage sans n\u00e9cessiter de frottement, respectant ainsi la fragilit\u00e9 des peaux sensibles.<\/li>\n<li><strong>Eau thermale d&rsquo;Av\u00e8ne<\/strong> : Contribue \u00e0 apaiser et \u00e0 calmer les sensations d\u2019irritation, offrant un confort imm\u00e9diat.<\/li>\n<li><strong>Sans rin\u00e7age<\/strong> : Pratique et rapide, cette solution ne n\u00e9cessite pas de rin\u00e7age, simplifiant la routine de d\u00e9maquillage.<\/li>\n<\/ul>\n<h3><strong>B\u00e9n\u00e9fices :<\/strong><\/h3>\n<ul>\n<li><strong>Confort et douceur<\/strong> : Nettoie efficacement tout en pr\u00e9venant les tiraillements et les irritations, laissant la peau propre et fra\u00eeche.<\/li>\n<li><strong>Adapt\u00e9 aux peaux sensibles<\/strong> : Formul\u00e9 sans alcool, sans paraben et sans parfum, il est id\u00e9al pour les peaux d\u00e9licates et sujettes aux rougeurs.<\/li>\n<\/ul>\n<h3><strong>Conseils d&rsquo;utilisation :<\/strong><\/h3>\n<ul>\n<li>Imbibez un coton de la solution micellaire.<\/li>\n<li>Appliquez doucement sur le visage et les yeux en effectuant des mouvements circulaires.<\/li>\n<li>R\u00e9p\u00e9tez si n\u00e9cessaire jusqu&rsquo;\u00e0 ce que le coton soit propre.<\/li>\n<li>Pas besoin de rincer.<\/li>\n<\/ul>\n<p>&nbsp;<\/p>\n","protected":false},"excerpt":{"rendered":"<p><strong>AVENE D\u00c9MAQUILLANT PEAUX SENSIBLES 200ML<\/strong> est une solution micellaire douce et efficace, sp\u00e9cialement con\u00e7ue pour le d\u00e9maquillage des peaux sensibles. Enrichie en Eau thermale d&rsquo;Av\u00e8ne, elle nettoie et apaise la peau tout en \u00e9liminant les impuret\u00e9s et le maquillage, m\u00eame waterproof.<\/p>\n","protected":false},"featured_media":11445,"comment_status":"open","ping_status":"closed","template":"","meta":{"inline_featured_image":false,"_monsterinsights_skip_tracking":false,"_monsterinsights_sitenote_active":false,"_monsterinsights_sitenote_note":"","_monsterinsights_sitenote_category":0,"_joinchat":[]},"product_cat":[110],"product_tag":[],"class_list":{"0":"post-11444","1":"product","2":"type-product","3":"status-publish","4":"has-post-thumbnail","6":"product_cat-avene","8":"first","9":"instock","10":"shipping-taxable","11":"purchasable","12":"product-type-simple","13":"add-to-wishlist-after_add_to_cart"},"aioseo_notices":[],"_links":{"self":[{"href":"https:\/\/pararepublique.com\/index.php\/wp-json\/wp\/v2\/product\/11444","targetHints":{"allow":["GET"]}}],"collection":[{"href":"https:\/\/pararepublique.com\/index.php\/wp-json\/wp\/v2\/product"}],"about":[{"href":"https:\/\/pararepublique.com\/index.php\/wp-json\/wp\/v2\/types\/product"}],"replies":[{"embeddable":true,"href":"https:\/\/pararepublique.com\/index.php\/wp-json\/wp\/v2\/comments?post=11444"}],"version-history":[{"count":1,"href":"https:\/\/pararepublique.com\/index.php\/wp-json\/wp\/v2\/product\/11444\/revisions"}],"predecessor-version":[{"id":11446,"href":"https:\/\/pararepublique.com\/index.php\/wp-json\/wp\/v2\/product\/11444\/revisions\/11446"}],"wp:featuredmedia":[{"embeddable":true,"href":"https:\/\/pararepublique.com\/index.php\/wp-json\/wp\/v2\/media\/11445"}],"wp:attachment":[{"href":"https:\/\/pararepublique.com\/index.php\/wp-json\/wp\/v2\/media?parent=11444"}],"wp:term":[{"taxonomy":"product_cat","embeddable":true,"href":"https:\/\/pararepublique.com\/index.php\/wp-json\/wp\/v2\/product_cat?post=11444"},{"taxonomy":"product_tag","embeddable":true,"href":"https:\/\/pararepublique.com\/index.php\/wp-json\/wp\/v2\/product_tag?post=11444"}],"curies":[{"name":"wp","href":"https:\/\/api.w.org\/{rel}","templated":true}]}}