{"id":11451,"date":"2024-08-20T16:00:27","date_gmt":"2024-08-20T16:00:27","guid":{"rendered":"https:\/\/pararepublique.com\/?post_type=product&#038;p=11451"},"modified":"2024-08-20T16:00:27","modified_gmt":"2024-08-20T16:00:27","slug":"avene-lotion-douceur","status":"publish","type":"product","link":"https:\/\/pararepublique.com\/index.php\/product\/avene-lotion-douceur\/","title":{"rendered":"AVENE LOTION DOUCEUR"},"content":{"rendered":"<p><strong>AVENE LOTION DOUCEUR<\/strong> est une lotion tonique sp\u00e9cialement formul\u00e9e pour les peaux sensibles et d\u00e9licates. Con\u00e7ue pour compl\u00e9ter le nettoyage de la peau, cette lotion apaise, rafra\u00eechit et pr\u00e9pare la peau pour les soins suivants tout en respectant son \u00e9quilibre naturel.<\/p>\n<h3><strong>Caract\u00e9ristiques principales :<\/strong><\/h3>\n<ul>\n<li><strong>Apaisement<\/strong> : Enrichie en Eau thermale d&rsquo;Av\u00e8ne, elle calme et adoucit la peau, r\u00e9duisant les sensations d\u2019irritation et de tiraillement.<\/li>\n<li><strong>Action tonifiante<\/strong> : Aide \u00e0 tonifier et \u00e0 raffermir la peau tout en offrant une sensation de fra\u00eecheur imm\u00e9diate.<\/li>\n<li><strong>Respect du pH cutan\u00e9<\/strong> : Formul\u00e9e pour respecter le pH naturel de la peau, elle n\u2019agresse pas et ne dess\u00e8che pas, m\u00eame les peaux les plus sensibles.<\/li>\n<\/ul>\n<h3><strong>B\u00e9n\u00e9fices :<\/strong><\/h3>\n<ul>\n<li><strong>Confort et douceur<\/strong> : Pr\u00e9pare la peau aux soins suivants en lui offrant une sensation de confort et de douceur.<\/li>\n<li><strong>\u00c9quilibre de la peau<\/strong> : Compl\u00e8te le nettoyage tout en maintenant l&rsquo;\u00e9quilibre naturel de la peau, sans perturber sa barri\u00e8re cutan\u00e9e.<\/li>\n<\/ul>\n<h3><strong>Conseils d&rsquo;utilisation :<\/strong><\/h3>\n<ul>\n<li>Apr\u00e8s le nettoyage, appliquez la lotion sur un coton.<\/li>\n<li>Passez d\u00e9licatement le coton sur le visage et le cou en \u00e9vitant le contour des yeux.<\/li>\n<li>Utilisez quotidiennement, matin et soir, pour une peau fra\u00eeche et apais\u00e9e.<\/li>\n<\/ul>\n<p>&nbsp;<\/p>\n","protected":false},"excerpt":{"rendered":"<p><strong>AVENE LOTION DOUCEUR<\/strong> est une lotion tonique sp\u00e9cialement formul\u00e9e pour les peaux sensibles et d\u00e9licates. Con\u00e7ue pour compl\u00e9ter le nettoyage de la peau, cette lotion apaise, rafra\u00eechit et pr\u00e9pare la peau pour les soins suivants tout en respectant son \u00e9quilibre naturel.<\/p>\n","protected":false},"featured_media":11452,"comment_status":"open","ping_status":"closed","template":"","meta":{"inline_featured_image":false,"_monsterinsights_skip_tracking":false,"_monsterinsights_sitenote_active":false,"_monsterinsights_sitenote_note":"","_monsterinsights_sitenote_category":0,"_joinchat":[]},"product_cat":[110],"product_tag":[],"class_list":{"0":"post-11451","1":"product","2":"type-product","3":"status-publish","4":"has-post-thumbnail","6":"product_cat-avene","8":"first","9":"instock","10":"shipping-taxable","11":"purchasable","12":"product-type-simple","13":"add-to-wishlist-after_add_to_cart"},"aioseo_notices":[],"_links":{"self":[{"href":"https:\/\/pararepublique.com\/index.php\/wp-json\/wp\/v2\/product\/11451","targetHints":{"allow":["GET"]}}],"collection":[{"href":"https:\/\/pararepublique.com\/index.php\/wp-json\/wp\/v2\/product"}],"about":[{"href":"https:\/\/pararepublique.com\/index.php\/wp-json\/wp\/v2\/types\/product"}],"replies":[{"embeddable":true,"href":"https:\/\/pararepublique.com\/index.php\/wp-json\/wp\/v2\/comments?post=11451"}],"version-history":[{"count":0,"href":"https:\/\/pararepublique.com\/index.php\/wp-json\/wp\/v2\/product\/11451\/revisions"}],"wp:featuredmedia":[{"embeddable":true,"href":"https:\/\/pararepublique.com\/index.php\/wp-json\/wp\/v2\/media\/11452"}],"wp:attachment":[{"href":"https:\/\/pararepublique.com\/index.php\/wp-json\/wp\/v2\/media?parent=11451"}],"wp:term":[{"taxonomy":"product_cat","embeddable":true,"href":"https:\/\/pararepublique.com\/index.php\/wp-json\/wp\/v2\/product_cat?post=11451"},{"taxonomy":"product_tag","embeddable":true,"href":"https:\/\/pararepublique.com\/index.php\/wp-json\/wp\/v2\/product_tag?post=11451"}],"curies":[{"name":"wp","href":"https:\/\/api.w.org\/{rel}","templated":true}]}}