{"id":11453,"date":"2024-08-20T16:03:31","date_gmt":"2024-08-20T16:03:31","guid":{"rendered":"https:\/\/pararepublique.com\/?post_type=product&#038;p=11453"},"modified":"2024-08-20T16:03:32","modified_gmt":"2024-08-20T16:03:32","slug":"avene-lotion-intol-200ml","status":"publish","type":"product","link":"https:\/\/pararepublique.com\/index.php\/product\/avene-lotion-intol-200ml\/","title":{"rendered":"AVENE LOTION INTOL 200ML"},"content":{"rendered":"<p><strong>AVENE LOTION INTOL\u00c9RANCE 200ML<\/strong> est une lotion apaisante sp\u00e9cialement con\u00e7ue pour les peaux tr\u00e8s sensibles et sujettes aux irritations. Formul\u00e9e pour minimiser les risques d\u2019allergies, elle offre une solution douce et efficace pour calmer et prot\u00e9ger la peau tout en la pr\u00e9parant pour les soins suivants.<\/p>\n<h3><strong>Caract\u00e9ristiques principales :<\/strong><\/h3>\n<ul>\n<li><strong>Apaisement intense<\/strong> : Enrichie en Eau thermale d&rsquo;Av\u00e8ne, reconnue pour ses propri\u00e9t\u00e9s apaisantes et anti-irritantes, cette lotion calme les sensations de tiraillement et d&rsquo;inconfort.<\/li>\n<li><strong>Formule hypoallerg\u00e9nique<\/strong> : Sp\u00e9cialement d\u00e9velopp\u00e9e pour les peaux r\u00e9actives, cette lotion est formul\u00e9e sans alcool, sans parfum, et sans parab\u00e8ne, r\u00e9duisant ainsi le risque d\u2019irritations ou de r\u00e9actions allergiques.<\/li>\n<li><strong>Respect du pH cutan\u00e9<\/strong> : Maintient l&rsquo;\u00e9quilibre naturel de la peau en respectant son pH, sans alt\u00e9rer sa barri\u00e8re cutan\u00e9e.<\/li>\n<\/ul>\n<h3><strong>B\u00e9n\u00e9fices :<\/strong><\/h3>\n<ul>\n<li><strong>Confort imm\u00e9diat<\/strong> : Offre un soulagement rapide des peaux sensibles et intol\u00e9rantes, en apportant une sensation de confort et de douceur.<\/li>\n<li><strong>Pr\u00e9paration des soins<\/strong> : Pr\u00e9pare la peau \u00e0 recevoir les soins hydratants ou r\u00e9parateurs, en garantissant une surface propre et apais\u00e9e.<\/li>\n<\/ul>\n<h3><strong>Conseils d&rsquo;utilisation :<\/strong><\/h3>\n<ul>\n<li>Apr\u00e8s le nettoyage, appliquez la lotion sur un coton.<\/li>\n<li>Passez d\u00e9licatement le coton sur le visage et le cou, en \u00e9vitant le contour des yeux.<\/li>\n<li>Utilisez matin et soir, ou aussi souvent que n\u00e9cessaire, pour calmer et apaiser la peau.<\/li>\n<\/ul>\n","protected":false},"excerpt":{"rendered":"<p><strong>AVENE LOTION INTOL\u00c9RANCE 200ML<\/strong> est une lotion apaisante sp\u00e9cialement con\u00e7ue pour les peaux tr\u00e8s sensibles et sujettes aux irritations. Formul\u00e9e pour minimiser les risques d\u2019allergies, elle offre une solution douce et efficace pour calmer et prot\u00e9ger la peau tout en la pr\u00e9parant pour les soins suivants.<\/p>\n","protected":false},"featured_media":11454,"comment_status":"open","ping_status":"closed","template":"","meta":{"inline_featured_image":false,"_monsterinsights_skip_tracking":false,"_monsterinsights_sitenote_active":false,"_monsterinsights_sitenote_note":"","_monsterinsights_sitenote_category":0,"_joinchat":[]},"product_cat":[110],"product_tag":[],"class_list":{"0":"post-11453","1":"product","2":"type-product","3":"status-publish","4":"has-post-thumbnail","6":"product_cat-avene","8":"first","9":"instock","10":"shipping-taxable","11":"purchasable","12":"product-type-simple","13":"add-to-wishlist-after_add_to_cart"},"aioseo_notices":[],"_links":{"self":[{"href":"https:\/\/pararepublique.com\/index.php\/wp-json\/wp\/v2\/product\/11453","targetHints":{"allow":["GET"]}}],"collection":[{"href":"https:\/\/pararepublique.com\/index.php\/wp-json\/wp\/v2\/product"}],"about":[{"href":"https:\/\/pararepublique.com\/index.php\/wp-json\/wp\/v2\/types\/product"}],"replies":[{"embeddable":true,"href":"https:\/\/pararepublique.com\/index.php\/wp-json\/wp\/v2\/comments?post=11453"}],"version-history":[{"count":0,"href":"https:\/\/pararepublique.com\/index.php\/wp-json\/wp\/v2\/product\/11453\/revisions"}],"wp:featuredmedia":[{"embeddable":true,"href":"https:\/\/pararepublique.com\/index.php\/wp-json\/wp\/v2\/media\/11454"}],"wp:attachment":[{"href":"https:\/\/pararepublique.com\/index.php\/wp-json\/wp\/v2\/media?parent=11453"}],"wp:term":[{"taxonomy":"product_cat","embeddable":true,"href":"https:\/\/pararepublique.com\/index.php\/wp-json\/wp\/v2\/product_cat?post=11453"},{"taxonomy":"product_tag","embeddable":true,"href":"https:\/\/pararepublique.com\/index.php\/wp-json\/wp\/v2\/product_tag?post=11453"}],"curies":[{"name":"wp","href":"https:\/\/api.w.org\/{rel}","templated":true}]}}