{"id":11465,"date":"2024-08-20T16:27:13","date_gmt":"2024-08-20T16:27:13","guid":{"rendered":"https:\/\/pararepublique.com\/?post_type=product&#038;p=11465"},"modified":"2024-08-20T16:27:14","modified_gmt":"2024-08-20T16:27:14","slug":"avene-pack-xeracalm-laitgel-500ml","status":"publish","type":"product","link":"https:\/\/pararepublique.com\/index.php\/product\/avene-pack-xeracalm-laitgel-500ml\/","title":{"rendered":"AVENE PACK XERACALM LAIT+GEL 500ML"},"content":{"rendered":"<p><strong>AVENE PACK XERACALM LAIT + GEL 500ML<\/strong> est une solution compl\u00e8te pour les peaux s\u00e8ches, tr\u00e8s s\u00e8ches et sujettes aux d\u00e9mangeaisons. Ce pack associe deux produits essentiels de la gamme XeraCalm pour apporter une hydratation intense, une r\u00e9paration de la barri\u00e8re cutan\u00e9e et un confort durable.<\/p>\n<h3><strong>Contenu du Pack :<\/strong><\/h3>\n<ol>\n<li><strong>AVENE XERACALM A.D. LAIT 500ML :<\/strong>\n<ul>\n<li><strong>Hydratation intense<\/strong> : Ce lait corporel est formul\u00e9 pour offrir une hydratation longue dur\u00e9e, apaisant les peaux tr\u00e8s s\u00e8ches et les zones sujettes aux d\u00e9mangeaisons.<\/li>\n<li><strong>R\u00e9paration de la barri\u00e8re cutan\u00e9e<\/strong> : Enrichi en I-modulia, un complexe exclusif d&rsquo;Av\u00e8ne, il contribue \u00e0 renforcer la barri\u00e8re cutan\u00e9e et \u00e0 r\u00e9duire les irritations.<\/li>\n<li><strong>Texture non grasse<\/strong> : Sa formule l\u00e9g\u00e8re p\u00e9n\u00e8tre rapidement sans laisser de film gras, permettant un confort optimal tout au long de la journ\u00e9e.<\/li>\n<\/ul>\n<p><strong>Conseils d&rsquo;utilisation :<\/strong><\/p>\n<ul>\n<li>Appliquez le lait sur l\u2019ensemble du corps, sur peau propre et s\u00e8che, en massant l\u00e9g\u00e8rement jusqu\u2019\u00e0 absorption compl\u00e8te.<\/li>\n<li>Utilisez quotidiennement, matin et soir, ou selon les besoins.<\/li>\n<\/ul>\n<\/li>\n<li><strong>AVENE XERACALM A.D. GEL 500ML :<\/strong>\n<ul>\n<li><strong>Nettoyage doux<\/strong> : Ce gel nettoyant est sp\u00e9cialement formul\u00e9 pour les peaux s\u00e8ches et atopiques, nettoyant en douceur sans agresser ni dess\u00e9cher la peau.<\/li>\n<li><strong>Apaisement imm\u00e9diat<\/strong> : Gr\u00e2ce \u00e0 l\u2019Eau thermale d&rsquo;Av\u00e8ne, il calme les sensations de d\u00e9mangeaisons et d&rsquo;irritations d\u00e8s le nettoyage.<\/li>\n<li><strong>Respect du pH<\/strong> : Son pH doux respecte l\u2019\u00e9quilibre cutan\u00e9, pr\u00e9venant les irritations et les sensations de tiraillement.<\/li>\n<\/ul>\n<p><strong>Conseils d&rsquo;utilisation :<\/strong><\/p>\n<ul>\n<li>Appliquez le gel sur peau mouill\u00e9e, faites mousser d\u00e9licatement puis rincez abondamment \u00e0 l&rsquo;eau ti\u00e8de.<\/li>\n<li>Utilisez quotidiennement, matin et soir, ou selon les besoins.<\/li>\n<\/ul>\n<\/li>\n<\/ol>\n<h3><\/h3>\n","protected":false},"excerpt":{"rendered":"<p><strong>AVENE PACK XERACALM LAIT + GEL 500ML<\/strong> est une solution compl\u00e8te pour les peaux s\u00e8ches, tr\u00e8s s\u00e8ches et sujettes aux d\u00e9mangeaisons. Ce pack associe deux produits essentiels de la gamme XeraCalm pour apporter une hydratation intense, une r\u00e9paration de la barri\u00e8re cutan\u00e9e et un confort durable.<\/p>\n<h3><\/h3>\n","protected":false},"featured_media":11466,"comment_status":"open","ping_status":"closed","template":"","meta":{"inline_featured_image":false,"_monsterinsights_skip_tracking":false,"_monsterinsights_sitenote_active":false,"_monsterinsights_sitenote_note":"","_monsterinsights_sitenote_category":0,"_joinchat":[]},"product_cat":[110],"product_tag":[],"class_list":{"0":"post-11465","1":"product","2":"type-product","3":"status-publish","4":"has-post-thumbnail","6":"product_cat-avene","8":"first","9":"instock","10":"shipping-taxable","11":"purchasable","12":"product-type-simple","13":"add-to-wishlist-after_add_to_cart"},"aioseo_notices":[],"_links":{"self":[{"href":"https:\/\/pararepublique.com\/index.php\/wp-json\/wp\/v2\/product\/11465","targetHints":{"allow":["GET"]}}],"collection":[{"href":"https:\/\/pararepublique.com\/index.php\/wp-json\/wp\/v2\/product"}],"about":[{"href":"https:\/\/pararepublique.com\/index.php\/wp-json\/wp\/v2\/types\/product"}],"replies":[{"embeddable":true,"href":"https:\/\/pararepublique.com\/index.php\/wp-json\/wp\/v2\/comments?post=11465"}],"version-history":[{"count":0,"href":"https:\/\/pararepublique.com\/index.php\/wp-json\/wp\/v2\/product\/11465\/revisions"}],"wp:featuredmedia":[{"embeddable":true,"href":"https:\/\/pararepublique.com\/index.php\/wp-json\/wp\/v2\/media\/11466"}],"wp:attachment":[{"href":"https:\/\/pararepublique.com\/index.php\/wp-json\/wp\/v2\/media?parent=11465"}],"wp:term":[{"taxonomy":"product_cat","embeddable":true,"href":"https:\/\/pararepublique.com\/index.php\/wp-json\/wp\/v2\/product_cat?post=11465"},{"taxonomy":"product_tag","embeddable":true,"href":"https:\/\/pararepublique.com\/index.php\/wp-json\/wp\/v2\/product_tag?post=11465"}],"curies":[{"name":"wp","href":"https:\/\/api.w.org\/{rel}","templated":true}]}}