{"id":11471,"date":"2024-08-20T16:37:52","date_gmt":"2024-08-20T16:37:52","guid":{"rendered":"https:\/\/pararepublique.com\/?post_type=product&#038;p=11471"},"modified":"2024-08-20T16:37:52","modified_gmt":"2024-08-20T16:37:52","slug":"avene-physiolift-emuls-lissante-30ml","status":"publish","type":"product","link":"https:\/\/pararepublique.com\/index.php\/product\/avene-physiolift-emuls-lissante-30ml\/","title":{"rendered":"AVENE PHYSIOLIFT EMULS LISSANTE 30ML"},"content":{"rendered":"<p><strong>AVENE PHYSIOLIFT \u00c9MULSION LISSANTE 30ML<\/strong> est un soin raffermissant con\u00e7u pour redonner de la densit\u00e9 et de l\u2019\u00e9lasticit\u00e9 \u00e0 la peau. Enrichie en actifs anti-\u00e2ge, cette \u00e9mulsion l\u00e9g\u00e8re aide \u00e0 lisser les rides et \u00e0 am\u00e9liorer la texture de la peau. Elle offre une hydratation intense tout en apportant un effet lifting imm\u00e9diat pour un teint plus jeune et \u00e9clatant. Formul\u00e9e pour les peaux normales \u00e0 s\u00e8ches, elle p\u00e9n\u00e8tre rapidement sans laisser de film gras.<\/p>\n","protected":false},"excerpt":{"rendered":"<p><strong>AVENE PHYSIOLIFT \u00c9MULSION LISSANTE 30ML<\/strong> est un soin raffermissant con\u00e7u pour redonner de la densit\u00e9 et de l\u2019\u00e9lasticit\u00e9 \u00e0 la peau. Enrichie en actifs anti-\u00e2ge, cette \u00e9mulsion l\u00e9g\u00e8re aide \u00e0 lisser les rides et \u00e0 am\u00e9liorer la texture de la peau. Elle offre une hydratation intense tout en apportant un effet lifting imm\u00e9diat pour un teint plus jeune et \u00e9clatant. Formul\u00e9e pour les peaux normales \u00e0 s\u00e8ches, elle p\u00e9n\u00e8tre rapidement sans laisser de film gras.<\/p>\n","protected":false},"featured_media":11472,"comment_status":"open","ping_status":"closed","template":"","meta":{"inline_featured_image":false,"_monsterinsights_skip_tracking":false,"_monsterinsights_sitenote_active":false,"_monsterinsights_sitenote_note":"","_monsterinsights_sitenote_category":0,"_joinchat":[]},"product_cat":[110],"product_tag":[],"class_list":{"0":"post-11471","1":"product","2":"type-product","3":"status-publish","4":"has-post-thumbnail","6":"product_cat-avene","8":"first","9":"instock","10":"shipping-taxable","11":"purchasable","12":"product-type-simple","13":"add-to-wishlist-after_add_to_cart"},"aioseo_notices":[],"_links":{"self":[{"href":"https:\/\/pararepublique.com\/index.php\/wp-json\/wp\/v2\/product\/11471","targetHints":{"allow":["GET"]}}],"collection":[{"href":"https:\/\/pararepublique.com\/index.php\/wp-json\/wp\/v2\/product"}],"about":[{"href":"https:\/\/pararepublique.com\/index.php\/wp-json\/wp\/v2\/types\/product"}],"replies":[{"embeddable":true,"href":"https:\/\/pararepublique.com\/index.php\/wp-json\/wp\/v2\/comments?post=11471"}],"version-history":[{"count":0,"href":"https:\/\/pararepublique.com\/index.php\/wp-json\/wp\/v2\/product\/11471\/revisions"}],"wp:featuredmedia":[{"embeddable":true,"href":"https:\/\/pararepublique.com\/index.php\/wp-json\/wp\/v2\/media\/11472"}],"wp:attachment":[{"href":"https:\/\/pararepublique.com\/index.php\/wp-json\/wp\/v2\/media?parent=11471"}],"wp:term":[{"taxonomy":"product_cat","embeddable":true,"href":"https:\/\/pararepublique.com\/index.php\/wp-json\/wp\/v2\/product_cat?post=11471"},{"taxonomy":"product_tag","embeddable":true,"href":"https:\/\/pararepublique.com\/index.php\/wp-json\/wp\/v2\/product_tag?post=11471"}],"curies":[{"name":"wp","href":"https:\/\/api.w.org\/{rel}","templated":true}]}}