{"id":11475,"date":"2024-08-27T10:06:01","date_gmt":"2024-08-27T10:06:01","guid":{"rendered":"https:\/\/pararepublique.com\/?post_type=product&#038;p=11475"},"modified":"2024-08-27T10:06:01","modified_gmt":"2024-08-27T10:06:01","slug":"avene-physiolift-jr-cr-lissante","status":"publish","type":"product","link":"https:\/\/pararepublique.com\/index.php\/product\/avene-physiolift-jr-cr-lissante\/","title":{"rendered":"AVENE PHYSIOLIFT JR CR LISSANTE"},"content":{"rendered":"<p>La gamme <strong>AVENE PhysioLift<\/strong> est une solution anti-\u00e2ge innovante qui cible efficacement les rides profondes, la perte de fermet\u00e9 et les signes de rel\u00e2chement cutan\u00e9. Elle utilise des technologies de pointe associ\u00e9es aux bienfaits reconnus de l&rsquo;Eau Thermale d&rsquo;Av\u00e8ne, r\u00e9put\u00e9e pour ses propri\u00e9t\u00e9s apaisantes, anti-irritantes et adoucissantes. Les produits de cette gamme contiennent des actifs puissants qui agissent en synergie pour lisser, repulper et raffermir la peau, tout en respectant sa sensibilit\u00e9.<\/p>\n<h4><strong>Principaux Actifs et Bienfaits :<\/strong><\/h4>\n<ol>\n<li><strong>Ascofilline\u2122<\/strong> : Un actif brevet\u00e9 qui stimule la synth\u00e8se de collag\u00e8ne, renfor\u00e7ant ainsi la structure de soutien de la peau. Il aide \u00e0 combler les rides profondes et \u00e0 am\u00e9liorer la fermet\u00e9 cutan\u00e9e.<\/li>\n<li><strong>Mono-oligom\u00e8res d&rsquo;Acide Hyaluronique<\/strong> : De taille id\u00e9ale pour p\u00e9n\u00e9trer dans les couches profondes de l&rsquo;\u00e9piderme, ils agissent comme des r\u00e9servoirs d\u2019hydratation, comblant les rides de l\u2019int\u00e9rieur et repulpant la peau. Ils contribuent \u00e9galement \u00e0 restaurer le volume et l\u2019\u00e9lasticit\u00e9 de la peau.<\/li>\n<li><strong>R\u00e9tinald\u00e9hyde<\/strong> : Un d\u00e9riv\u00e9 puissant de la vitamine A, reconnu pour sa capacit\u00e9 \u00e0 acc\u00e9l\u00e9rer le renouvellement cellulaire. Il aide \u00e0 att\u00e9nuer les rides, unifie le teint, et redonne \u00e0 la peau son \u00e9clat naturel. Le r\u00e9tinald\u00e9hyde est moins irritant que le r\u00e9tinol pur, ce qui le rend id\u00e9al pour les peaux sensibles&#8230;<\/li>\n<\/ol>\n","protected":false},"excerpt":{"rendered":"<p>La gamme <strong>AVENE PhysioLift<\/strong> est une solution anti-\u00e2ge innovante qui cible efficacement les rides profondes, la perte de fermet\u00e9 et les signes de rel\u00e2chement cutan\u00e9. Elle utilise des technologies de pointe associ\u00e9es aux bienfaits reconnus de l&rsquo;Eau Thermale d&rsquo;Av\u00e8ne, r\u00e9put\u00e9e pour ses propri\u00e9t\u00e9s apaisantes, anti-irritantes et adoucissantes. Les produits de cette gamme contiennent des actifs puissants qui agissent en synergie pour lisser, repulper et raffermir la peau, tout en respectant sa sensibilit\u00e9.<\/p>\n","protected":false},"featured_media":11476,"comment_status":"open","ping_status":"closed","template":"","meta":{"inline_featured_image":false,"_monsterinsights_skip_tracking":false,"_monsterinsights_sitenote_active":false,"_monsterinsights_sitenote_note":"","_monsterinsights_sitenote_category":0,"_joinchat":[]},"product_cat":[110],"product_tag":[],"class_list":{"0":"post-11475","1":"product","2":"type-product","3":"status-publish","4":"has-post-thumbnail","6":"product_cat-avene","8":"first","9":"instock","10":"shipping-taxable","11":"purchasable","12":"product-type-simple","13":"add-to-wishlist-after_add_to_cart"},"aioseo_notices":[],"_links":{"self":[{"href":"https:\/\/pararepublique.com\/index.php\/wp-json\/wp\/v2\/product\/11475","targetHints":{"allow":["GET"]}}],"collection":[{"href":"https:\/\/pararepublique.com\/index.php\/wp-json\/wp\/v2\/product"}],"about":[{"href":"https:\/\/pararepublique.com\/index.php\/wp-json\/wp\/v2\/types\/product"}],"replies":[{"embeddable":true,"href":"https:\/\/pararepublique.com\/index.php\/wp-json\/wp\/v2\/comments?post=11475"}],"version-history":[{"count":0,"href":"https:\/\/pararepublique.com\/index.php\/wp-json\/wp\/v2\/product\/11475\/revisions"}],"wp:featuredmedia":[{"embeddable":true,"href":"https:\/\/pararepublique.com\/index.php\/wp-json\/wp\/v2\/media\/11476"}],"wp:attachment":[{"href":"https:\/\/pararepublique.com\/index.php\/wp-json\/wp\/v2\/media?parent=11475"}],"wp:term":[{"taxonomy":"product_cat","embeddable":true,"href":"https:\/\/pararepublique.com\/index.php\/wp-json\/wp\/v2\/product_cat?post=11475"},{"taxonomy":"product_tag","embeddable":true,"href":"https:\/\/pararepublique.com\/index.php\/wp-json\/wp\/v2\/product_tag?post=11475"}],"curies":[{"name":"wp","href":"https:\/\/api.w.org\/{rel}","templated":true}]}}