{"id":11481,"date":"2024-08-27T10:20:27","date_gmt":"2024-08-27T10:20:27","guid":{"rendered":"https:\/\/pararepublique.com\/?post_type=product&#038;p=11481"},"modified":"2024-08-27T10:20:28","modified_gmt":"2024-08-27T10:20:28","slug":"avene-pochette-cr-main-et-stick","status":"publish","type":"product","link":"https:\/\/pararepublique.com\/index.php\/product\/avene-pochette-cr-main-et-stick\/","title":{"rendered":"AVENE POCHETTE CR MAIN ET  STICK"},"content":{"rendered":"<p>La <strong>pochette AVENE<\/strong> comprend deux produits essentiels pour prendre soin de vos mains et de vos l\u00e8vres :<\/p>\n<ol>\n<li><strong>Cr\u00e8me Mains Concentr\u00e9e<\/strong> (50 ml) : Formul\u00e9e pour hydrater et prot\u00e9ger les mains s\u00e8ches et ab\u00eem\u00e9es, cette cr\u00e8me nourrit en profondeur sans laisser de film gras. Elle apaise et r\u00e9pare la peau gr\u00e2ce \u00e0 l&rsquo;Eau Thermale d&rsquo;Av\u00e8ne et \u00e0 ses actifs hydratants.<\/li>\n<li><strong>Stick L\u00e8vres<\/strong> (4 g) : Un soin r\u00e9parateur pour les l\u00e8vres s\u00e8ches et gerc\u00e9es. Enrichi en Eau Thermale d&rsquo;Av\u00e8ne, il apporte une hydratation intense, apaise imm\u00e9diatement et prot\u00e8ge contre les agressions ext\u00e9rieures.<\/li>\n<\/ol>\n<h3><strong>Utilisation :<\/strong><\/h3>\n<p>Appliquez la cr\u00e8me sur les mains aussi souvent que n\u00e9cessaire, et le stick sur les l\u00e8vres d\u00e8s les premiers signes de s\u00e9cheresse.<\/p>\n","protected":false},"excerpt":{"rendered":"<p>La <strong>pochette AVENE<\/strong> comprend deux produits essentiels pour prendre soin de vos mains et de vos l\u00e8vres :<\/p>\n","protected":false},"featured_media":11482,"comment_status":"open","ping_status":"closed","template":"","meta":{"inline_featured_image":false,"_monsterinsights_skip_tracking":false,"_monsterinsights_sitenote_active":false,"_monsterinsights_sitenote_note":"","_monsterinsights_sitenote_category":0,"_joinchat":[]},"product_cat":[110],"product_tag":[],"class_list":{"0":"post-11481","1":"product","2":"type-product","3":"status-publish","4":"has-post-thumbnail","6":"product_cat-avene","8":"first","9":"instock","10":"shipping-taxable","11":"purchasable","12":"product-type-simple","13":"add-to-wishlist-after_add_to_cart"},"aioseo_notices":[],"_links":{"self":[{"href":"https:\/\/pararepublique.com\/index.php\/wp-json\/wp\/v2\/product\/11481","targetHints":{"allow":["GET"]}}],"collection":[{"href":"https:\/\/pararepublique.com\/index.php\/wp-json\/wp\/v2\/product"}],"about":[{"href":"https:\/\/pararepublique.com\/index.php\/wp-json\/wp\/v2\/types\/product"}],"replies":[{"embeddable":true,"href":"https:\/\/pararepublique.com\/index.php\/wp-json\/wp\/v2\/comments?post=11481"}],"version-history":[{"count":0,"href":"https:\/\/pararepublique.com\/index.php\/wp-json\/wp\/v2\/product\/11481\/revisions"}],"wp:featuredmedia":[{"embeddable":true,"href":"https:\/\/pararepublique.com\/index.php\/wp-json\/wp\/v2\/media\/11482"}],"wp:attachment":[{"href":"https:\/\/pararepublique.com\/index.php\/wp-json\/wp\/v2\/media?parent=11481"}],"wp:term":[{"taxonomy":"product_cat","embeddable":true,"href":"https:\/\/pararepublique.com\/index.php\/wp-json\/wp\/v2\/product_cat?post=11481"},{"taxonomy":"product_tag","embeddable":true,"href":"https:\/\/pararepublique.com\/index.php\/wp-json\/wp\/v2\/product_tag?post=11481"}],"curies":[{"name":"wp","href":"https:\/\/api.w.org\/{rel}","templated":true}]}}