{"id":11599,"date":"2024-08-27T14:01:43","date_gmt":"2024-08-27T14:01:43","guid":{"rendered":"https:\/\/pararepublique.com\/?post_type=product&#038;p=11599"},"modified":"2024-08-27T14:01:44","modified_gmt":"2024-08-27T14:01:44","slug":"avene-ystheal-contour-yeux-et-levre","status":"publish","type":"product","link":"https:\/\/pararepublique.com\/index.php\/product\/avene-ystheal-contour-yeux-et-levre\/","title":{"rendered":"AVENE YSTHEAL CONTOUR YEUX ET LEVRE"},"content":{"rendered":"<p><strong>AVENE YSTHEAL Contour Yeux et L\u00e8vres<\/strong> est un soin cibl\u00e9 con\u00e7u pour traiter les signes de l&rsquo;\u00e2ge dans les zones d\u00e9licates autour des yeux et des l\u00e8vres. Ce produit aide \u00e0 att\u00e9nuer les rides et les ridules tout en offrant une hydratation et un confort sp\u00e9cifiques \u00e0 ces zones sensibles.<\/p>\n<h3><strong>Caract\u00e9ristiques du Produit :<\/strong><\/h3>\n<ul>\n<li><strong>Anti-\u00c2ge Cibl\u00e9<\/strong> : Enrichi en r\u00e9tinald\u00e9hyde, un d\u00e9riv\u00e9 de la vitamine A, il aide \u00e0 r\u00e9duire les rides, les ridules et les signes de vieillissement autour des yeux et des l\u00e8vres.<\/li>\n<li><strong>Action Raffermissante<\/strong> : Aide \u00e0 raffermir et \u00e0 lisser les zones d\u00e9licates, pour une apparence plus jeune et plus fra\u00eeche.<\/li>\n<li><strong>Hydratation Intense<\/strong> : Contient de l\u2019Eau Thermale d&rsquo;Av\u00e8ne pour apaiser, hydrater et r\u00e9duire les sensations de s\u00e9cheresse et de tiraillement.<\/li>\n<li><strong>Texture Sp\u00e9cifique<\/strong> : Sa formule l\u00e9g\u00e8re et non grasse est con\u00e7ue pour \u00eatre d\u00e9licate sur la peau fine autour des yeux et des l\u00e8vres, tout en offrant une absorption rapide.<\/li>\n<li><strong>Protection Antioxydante<\/strong> : Enrichi en pr\u00e9-tocoph\u00e9rol, un antioxydant puissant, pour prot\u00e9ger la peau des agressions ext\u00e9rieures et des radicaux libres.<\/li>\n<\/ul>\n<h3><strong>Utilisation :<\/strong><\/h3>\n<p>Appliquez <strong>AVENE YSTHEAL Contour Yeux et L\u00e8vres<\/strong> matin et soir sur le contour des yeux et des l\u00e8vres pr\u00e9alablement nettoy\u00e9s. Tapotez doucement du bout des doigts pour faire p\u00e9n\u00e9trer le produit. \u00c9vitez le contact direct avec les yeux.<\/p>\n","protected":false},"excerpt":{"rendered":"<p><strong>AVENE YSTHEAL Contour Yeux et L\u00e8vres<\/strong> est un soin cibl\u00e9 con\u00e7u pour traiter les signes de l&rsquo;\u00e2ge dans les zones d\u00e9licates autour des yeux et des l\u00e8vres. Ce produit aide \u00e0 att\u00e9nuer les rides et les ridules tout en offrant une hydratation et un confort sp\u00e9cifiques \u00e0 ces zones sensibles.<\/p>\n","protected":false},"featured_media":11600,"comment_status":"open","ping_status":"closed","template":"","meta":{"inline_featured_image":false,"_monsterinsights_skip_tracking":false,"_monsterinsights_sitenote_active":false,"_monsterinsights_sitenote_note":"","_monsterinsights_sitenote_category":0,"_joinchat":[]},"product_cat":[110],"product_tag":[],"class_list":{"0":"post-11599","1":"product","2":"type-product","3":"status-publish","4":"has-post-thumbnail","6":"product_cat-avene","8":"first","9":"instock","10":"shipping-taxable","11":"purchasable","12":"product-type-simple","13":"add-to-wishlist-after_add_to_cart"},"aioseo_notices":[],"_links":{"self":[{"href":"https:\/\/pararepublique.com\/index.php\/wp-json\/wp\/v2\/product\/11599","targetHints":{"allow":["GET"]}}],"collection":[{"href":"https:\/\/pararepublique.com\/index.php\/wp-json\/wp\/v2\/product"}],"about":[{"href":"https:\/\/pararepublique.com\/index.php\/wp-json\/wp\/v2\/types\/product"}],"replies":[{"embeddable":true,"href":"https:\/\/pararepublique.com\/index.php\/wp-json\/wp\/v2\/comments?post=11599"}],"version-history":[{"count":0,"href":"https:\/\/pararepublique.com\/index.php\/wp-json\/wp\/v2\/product\/11599\/revisions"}],"wp:featuredmedia":[{"embeddable":true,"href":"https:\/\/pararepublique.com\/index.php\/wp-json\/wp\/v2\/media\/11600"}],"wp:attachment":[{"href":"https:\/\/pararepublique.com\/index.php\/wp-json\/wp\/v2\/media?parent=11599"}],"wp:term":[{"taxonomy":"product_cat","embeddable":true,"href":"https:\/\/pararepublique.com\/index.php\/wp-json\/wp\/v2\/product_cat?post=11599"},{"taxonomy":"product_tag","embeddable":true,"href":"https:\/\/pararepublique.com\/index.php\/wp-json\/wp\/v2\/product_tag?post=11599"}],"curies":[{"name":"wp","href":"https:\/\/api.w.org\/{rel}","templated":true}]}}