{"id":11603,"date":"2024-08-27T14:14:02","date_gmt":"2024-08-27T14:14:02","guid":{"rendered":"https:\/\/pararepublique.com\/?post_type=product&#038;p=11603"},"modified":"2024-08-27T14:14:02","modified_gmt":"2024-08-27T14:14:02","slug":"cleanance-pack-gel-200comedomed","status":"publish","type":"product","link":"https:\/\/pararepublique.com\/index.php\/product\/cleanance-pack-gel-200comedomed\/","title":{"rendered":"CLEANANCE PACK GEL 200+COMEDOMED"},"content":{"rendered":"<div class=\"flex-shrink-0 flex flex-col relative items-end\">\n<div>\n<div class=\"pt-0\">\n<div class=\"gizmo-bot-avatar flex h-8 w-8 items-center justify-center overflow-hidden rounded-full\">\n<div class=\"relative p-1 rounded-sm flex items-center justify-center bg-token-main-surface-primary text-token-text-primary h-8 w-8\"><\/div>\n<\/div>\n<\/div>\n<\/div>\n<\/div>\n<div class=\"group\/conversation-turn relative flex w-full min-w-0 flex-col agent-turn\">\n<div class=\"flex-col gap-1 md:gap-3\">\n<div class=\"flex max-w-full flex-col flex-grow\">\n<div class=\"min-h-[20px] text-message flex w-full flex-col items-end gap-2 break-words [.text-message+&amp;]:mt-5 overflow-x-auto whitespace-normal\" dir=\"auto\" data-message-author-role=\"assistant\" data-message-id=\"e2925a26-27f2-4550-a6e0-11643621b07c\">\n<div class=\"flex w-full flex-col gap-1 empty:hidden first:pt-[3px]\">\n<div class=\"markdown prose w-full break-words dark:prose-invert dark\">\n<p><strong>AVENE Cleanance Pack Gel<\/strong> est un pack de soin con\u00e7u pour les peaux grasses et sujettes aux imperfections. Il combine deux produits cl\u00e9s pour offrir une routine compl\u00e8te de nettoyage et de traitement des imperfections.<\/p>\n<h3><strong>Contenu du Pack :<\/strong><\/h3>\n<ol>\n<li><strong>AVENE Cleanance Gel Nettoyant (200ml)<\/strong> :\n<ul>\n<li><strong>Nettoyage Doux<\/strong> : Formul\u00e9 sans savon, il nettoie en douceur sans agresser la peau, \u00e9liminant les impuret\u00e9s et l&rsquo;exc\u00e8s de s\u00e9bum.<\/li>\n<li><strong>Purification<\/strong> : Enrichi en Eau Thermale d&rsquo;Av\u00e8ne pour apaiser la peau et r\u00e9duire les sensations d&rsquo;irritation.<\/li>\n<li><strong>Texture Gel<\/strong> : Sa texture gel se transforme en mousse l\u00e9g\u00e8re au contact de l&rsquo;eau, facilitant un rin\u00e7age facile et laissant la peau propre et fra\u00eeche.<\/li>\n<\/ul>\n<\/li>\n<li><strong>AVENE Cleanance Comedomed (30ml)<\/strong> :\n<ul>\n<li><strong>Traitement des Imperfections<\/strong> : Formul\u00e9 pour r\u00e9duire les imperfections et les points noirs, il aide \u00e0 r\u00e9guler la production de s\u00e9bum et \u00e0 pr\u00e9venir l&rsquo;apparition de nouvelles imperfections.<\/li>\n<li><strong>Action Anti-Inflammatoire<\/strong> : Contient des actifs qui apaisent les irritations et r\u00e9duisent les rougeurs.<\/li>\n<li><strong>Texture Non Grasse<\/strong> : S&rsquo;absorbe rapidement, laissant la peau matifi\u00e9e et confortable, sans r\u00e9sidu gras.<\/li>\n<\/ul>\n<\/li>\n<\/ol>\n<h3><strong>Utilisation :<\/strong><\/h3>\n<ul>\n<li><strong>Gel Nettoyant<\/strong> : Utilisez <strong>AVENE Cleanance Gel Nettoyant<\/strong> matin et soir. Appliquez sur le visage humide, faites mousser, puis rincez abondamment. S\u00e9chez d\u00e9licatement la peau avec une serviette propre.<\/li>\n<li><strong>Comedomed<\/strong> : Appliquez <strong>AVENE Cleanance Comedomed<\/strong> sur les zones concern\u00e9es (visage) apr\u00e8s le nettoyage, le matin et\/ou le soir. Massez d\u00e9licatement jusqu&rsquo;\u00e0 absorption compl\u00e8te. Peut \u00eatre utilis\u00e9 seul ou en compl\u00e9ment d&rsquo;autres soins.<\/li>\n<\/ul>\n<\/div>\n<\/div>\n<\/div>\n<\/div>\n<\/div>\n<\/div>\n","protected":false},"excerpt":{"rendered":"<div class=\"flex-shrink-0 flex flex-col relative items-end\">\n<div>\n<div class=\"pt-0\">\n<div class=\"gizmo-bot-avatar flex h-8 w-8 items-center justify-center overflow-hidden rounded-full\">\n<div class=\"relative p-1 rounded-sm flex items-center justify-center bg-token-main-surface-primary text-token-text-primary h-8 w-8\"><\/div>\n<\/div>\n<\/div>\n<\/div>\n<\/div>\n<div class=\"group\/conversation-turn relative flex w-full min-w-0 flex-col agent-turn\">\n<div class=\"flex-col gap-1 md:gap-3\">\n<div class=\"flex max-w-full flex-col flex-grow\">\n<div class=\"min-h-[20px] text-message flex w-full flex-col items-end gap-2 break-words [.text-message+&amp;]:mt-5 overflow-x-auto whitespace-normal\" dir=\"auto\" data-message-author-role=\"assistant\" data-message-id=\"e2925a26-27f2-4550-a6e0-11643621b07c\">\n<div class=\"flex w-full flex-col gap-1 empty:hidden first:pt-[3px]\">\n<div class=\"markdown prose w-full break-words dark:prose-invert dark\">\n<p><strong>AVENE Cleanance Pack Gel<\/strong> est un pack de soin con\u00e7u pour les peaux grasses et sujettes aux imperfections. Il combine deux produits cl\u00e9s pour offrir une routine compl\u00e8te de nettoyage et de traitement des imperfections.<\/p>\n<h3><\/h3>\n<\/div>\n<\/div>\n<\/div>\n<\/div>\n<\/div>\n<\/div>\n","protected":false},"featured_media":11605,"comment_status":"open","ping_status":"closed","template":"","meta":{"inline_featured_image":false,"_monsterinsights_skip_tracking":false,"_monsterinsights_sitenote_active":false,"_monsterinsights_sitenote_note":"","_monsterinsights_sitenote_category":0,"_joinchat":[]},"product_cat":[110],"product_tag":[],"class_list":{"0":"post-11603","1":"product","2":"type-product","3":"status-publish","4":"has-post-thumbnail","6":"product_cat-avene","8":"first","9":"instock","10":"shipping-taxable","11":"purchasable","12":"product-type-simple","13":"add-to-wishlist-after_add_to_cart"},"aioseo_notices":[],"_links":{"self":[{"href":"https:\/\/pararepublique.com\/index.php\/wp-json\/wp\/v2\/product\/11603","targetHints":{"allow":["GET"]}}],"collection":[{"href":"https:\/\/pararepublique.com\/index.php\/wp-json\/wp\/v2\/product"}],"about":[{"href":"https:\/\/pararepublique.com\/index.php\/wp-json\/wp\/v2\/types\/product"}],"replies":[{"embeddable":true,"href":"https:\/\/pararepublique.com\/index.php\/wp-json\/wp\/v2\/comments?post=11603"}],"version-history":[{"count":0,"href":"https:\/\/pararepublique.com\/index.php\/wp-json\/wp\/v2\/product\/11603\/revisions"}],"wp:featuredmedia":[{"embeddable":true,"href":"https:\/\/pararepublique.com\/index.php\/wp-json\/wp\/v2\/media\/11605"}],"wp:attachment":[{"href":"https:\/\/pararepublique.com\/index.php\/wp-json\/wp\/v2\/media?parent=11603"}],"wp:term":[{"taxonomy":"product_cat","embeddable":true,"href":"https:\/\/pararepublique.com\/index.php\/wp-json\/wp\/v2\/product_cat?post=11603"},{"taxonomy":"product_tag","embeddable":true,"href":"https:\/\/pararepublique.com\/index.php\/wp-json\/wp\/v2\/product_tag?post=11603"}],"curies":[{"name":"wp","href":"https:\/\/api.w.org\/{rel}","templated":true}]}}