{"id":11709,"date":"2024-09-02T11:20:59","date_gmt":"2024-09-02T11:20:59","guid":{"rendered":"https:\/\/pararepublique.com\/?post_type=product&#038;p=11709"},"modified":"2024-09-02T11:20:59","modified_gmt":"2024-09-02T11:20:59","slug":"avene-cleanance","status":"publish","type":"product","link":"https:\/\/pararepublique.com\/index.php\/product\/avene-cleanance\/","title":{"rendered":"AVENE CLEANANCE"},"content":{"rendered":"<h3><strong>Gamme Av\u00e8ne Cleanance<\/strong><\/h3>\n<p><strong>Soins Sp\u00e9cifiques pour Peaux \u00c0 Tendance Acn\u00e9ique<\/strong><\/p>\n<p>La gamme <strong>Cleanance<\/strong> d&rsquo;Av\u00e8ne est sp\u00e9cialement formul\u00e9e pour r\u00e9pondre aux besoins des peaux \u00e0 tendance acn\u00e9ique, offrant une s\u00e9rie de produits con\u00e7us pour nettoyer, traiter et apaiser la peau tout en r\u00e9gulant la production de s\u00e9bum. Chaque produit de la gamme est enrichi en Eau Thermale d&rsquo;Av\u00e8ne, reconnue pour ses propri\u00e9t\u00e9s apaisantes et anti-irritantes.<\/p>\n<p><strong>B\u00e9n\u00e9fices Cl\u00e9s :<\/strong><\/p>\n<ul>\n<li><strong>R\u00e9duction des Imperfections<\/strong> : Aide \u00e0 r\u00e9duire visiblement les imperfections et les com\u00e9dons tout en pr\u00e9venant leur r\u00e9apparition.<\/li>\n<li><strong>Contr\u00f4le de Brillance<\/strong> : R\u00e9gule la production de s\u00e9bum pour maintenir une peau nette et matifi\u00e9e.<\/li>\n<li><strong>Nettoyage Doux mais Efficace<\/strong> : \u00c9limine les impuret\u00e9s et l\u2019exc\u00e8s de s\u00e9bum tout en respectant l\u2019\u00e9quilibre naturel de la peau.<\/li>\n<\/ul>\n<p><strong>Produits Phare :<\/strong><\/p>\n<ul>\n<li><strong>Cleanance Gel Nettoyant<\/strong> : Nettoie en douceur tout en purifiant la peau et en r\u00e9duisant les imperfections.<\/li>\n<li><strong>Cleanance Eau Micellaire<\/strong> : D\u00e9maquille et purifie en douceur tout en apaisant la peau.<\/li>\n<li><strong>Cleanance Comedomed<\/strong> : Traitement cibl\u00e9 pour r\u00e9duire les com\u00e9dons et les imperfections.<\/li>\n<li><strong>Cleanance \u00c9mulsion Matifiante<\/strong> : Hydrate tout en contr\u00f4lant la brillance et en affinant le grain de peau.<\/li>\n<\/ul>\n<p><strong>Caract\u00e9ristiques G\u00e9n\u00e9rales :<\/strong><\/p>\n<ul>\n<li><strong>Enrichie en Eau Thermale d&rsquo;Av\u00e8ne<\/strong> : Apaise et calme les peaux sensibles tout en renfor\u00e7ant leur tol\u00e9rance.<\/li>\n<li><strong>Hypoallerg\u00e9nique et Test\u00e9e Dermatologiquement<\/strong> : Adapt\u00e9e aux peaux les plus d\u00e9licates et minimisant les risques d\u2019allergies.<\/li>\n<\/ul>\n<p>La gamme <strong>Cleanance<\/strong> d&rsquo;Av\u00e8ne offre une approche compl\u00e8te pour les peaux \u00e0 tendance acn\u00e9ique, combinant efficacit\u00e9, douceur et confort pour une peau claire, \u00e9quilibr\u00e9e et visiblement plus saine.<\/p>\n","protected":false},"excerpt":{"rendered":"<p>La gamme <strong>Cleanance<\/strong> d&rsquo;Av\u00e8ne est sp\u00e9cialement formul\u00e9e pour r\u00e9pondre aux besoins des peaux \u00e0 tendance acn\u00e9ique, offrant une s\u00e9rie de produits con\u00e7us pour nettoyer, traiter et apaiser la peau tout en r\u00e9gulant la production de s\u00e9bum. Chaque produit de la gamme est enrichi en Eau Thermale d&rsquo;Av\u00e8ne, reconnue pour ses propri\u00e9t\u00e9s apaisantes et anti-irritantes.<\/p>\n","protected":false},"featured_media":11710,"comment_status":"open","ping_status":"closed","template":"","meta":{"inline_featured_image":false,"_monsterinsights_skip_tracking":false,"_monsterinsights_sitenote_active":false,"_monsterinsights_sitenote_note":"","_monsterinsights_sitenote_category":0,"_joinchat":[]},"product_cat":[110],"product_tag":[],"class_list":{"0":"post-11709","1":"product","2":"type-product","3":"status-publish","4":"has-post-thumbnail","6":"product_cat-avene","8":"first","9":"instock","10":"shipping-taxable","11":"purchasable","12":"product-type-simple","13":"add-to-wishlist-after_add_to_cart"},"aioseo_notices":[],"_links":{"self":[{"href":"https:\/\/pararepublique.com\/index.php\/wp-json\/wp\/v2\/product\/11709","targetHints":{"allow":["GET"]}}],"collection":[{"href":"https:\/\/pararepublique.com\/index.php\/wp-json\/wp\/v2\/product"}],"about":[{"href":"https:\/\/pararepublique.com\/index.php\/wp-json\/wp\/v2\/types\/product"}],"replies":[{"embeddable":true,"href":"https:\/\/pararepublique.com\/index.php\/wp-json\/wp\/v2\/comments?post=11709"}],"version-history":[{"count":0,"href":"https:\/\/pararepublique.com\/index.php\/wp-json\/wp\/v2\/product\/11709\/revisions"}],"wp:featuredmedia":[{"embeddable":true,"href":"https:\/\/pararepublique.com\/index.php\/wp-json\/wp\/v2\/media\/11710"}],"wp:attachment":[{"href":"https:\/\/pararepublique.com\/index.php\/wp-json\/wp\/v2\/media?parent=11709"}],"wp:term":[{"taxonomy":"product_cat","embeddable":true,"href":"https:\/\/pararepublique.com\/index.php\/wp-json\/wp\/v2\/product_cat?post=11709"},{"taxonomy":"product_tag","embeddable":true,"href":"https:\/\/pararepublique.com\/index.php\/wp-json\/wp\/v2\/product_tag?post=11709"}],"curies":[{"name":"wp","href":"https:\/\/api.w.org\/{rel}","templated":true}]}}