{"id":11861,"date":"2024-09-03T13:34:42","date_gmt":"2024-09-03T13:34:42","guid":{"rendered":"https:\/\/pararepublique.com\/?post_type=product&#038;p=11861"},"modified":"2024-09-03T13:34:42","modified_gmt":"2024-09-03T13:34:42","slug":"avene-couv-comp","status":"publish","type":"product","link":"https:\/\/pararepublique.com\/index.php\/product\/avene-couv-comp\/","title":{"rendered":"AVENE COUV COMP"},"content":{"rendered":"<h3><strong>Av\u00e8ne Couvrance Compact &#8211; Cr\u00e8me de Teint Compacte<\/strong><\/h3>\n<p><strong>Description :<\/strong> La Cr\u00e8me de Teint Compacte Av\u00e8ne Couvrance est le choix id\u00e9al pour camoufler les imperfections tout en respectant les peaux sensibles. Cette cr\u00e8me de teint offre une couvrance \u00e9lev\u00e9e et un fini naturel, matifiant le teint tout en unifiant la peau. Disponible en plusieurs teintes, elle s&rsquo;adapte \u00e0 tous les types de peau pour un r\u00e9sultat sans d\u00e9faut et longue tenue.<\/p>\n<p><strong>Principaux actifs :<\/strong><\/p>\n<ul>\n<li><strong>Eau Thermale d&rsquo;Av\u00e8ne<\/strong> : Apaisante et anti-irritante, elle assure une tol\u00e9rance optimale, m\u00eame pour les peaux les plus sensibles.<\/li>\n<li><strong>Filtres solaires SPF 30<\/strong> : Prot\u00e8ge la peau contre les rayons UV, pr\u00e9venant ainsi le vieillissement pr\u00e9matur\u00e9.<\/li>\n<li><strong>Pigments min\u00e9raux<\/strong> : Offrent une couvrance homog\u00e8ne et naturelle, tout en respectant l&rsquo;\u00e9quilibre de la peau.<\/li>\n<\/ul>\n<p><strong>B\u00e9n\u00e9fices :<\/strong><\/p>\n<ul>\n<li>Haute couvrance pour camoufler les rougeurs, imperfections, cicatrices, et irr\u00e9gularit\u00e9s du teint.<\/li>\n<li>Fini mat et naturel, sans effet masque.<\/li>\n<li>Formule non com\u00e9dog\u00e8ne, sans parfum, adapt\u00e9e aux peaux sensibles.<\/li>\n<li>Protection solaire SPF 30 pour une protection quotidienne contre les UV.<\/li>\n<\/ul>\n<p><strong>Conseils d&rsquo;utilisation :<\/strong> Appliquez la Cr\u00e8me de Teint Compacte \u00e0 l&rsquo;aide de l&rsquo;\u00e9ponge fournie,<\/p>\n","protected":false},"excerpt":{"rendered":"<h3><strong>Av\u00e8ne Couvrance Compact &#8211; Cr\u00e8me de Teint Compacte<\/strong><\/h3>\n<p><strong>Description :<\/strong> La Cr\u00e8me de Teint Compacte Av\u00e8ne Couvrance est le choix id\u00e9al pour camoufler les imperfections tout en respectant les peaux sensibles. Cette cr\u00e8me de teint offre une couvrance \u00e9lev\u00e9e et un fini naturel, matifiant le teint tout en unifiant la peau. Disponible en plusieurs teintes, elle s&rsquo;adapte \u00e0 tous les types de peau pour un r\u00e9sultat sans d\u00e9faut et longue tenue.<\/p>\n","protected":false},"featured_media":11862,"comment_status":"open","ping_status":"closed","template":"","meta":{"inline_featured_image":false,"_monsterinsights_skip_tracking":false,"_monsterinsights_sitenote_active":false,"_monsterinsights_sitenote_note":"","_monsterinsights_sitenote_category":0,"_joinchat":[]},"product_cat":[110],"product_tag":[],"class_list":{"0":"post-11861","1":"product","2":"type-product","3":"status-publish","4":"has-post-thumbnail","6":"product_cat-avene","8":"first","9":"instock","10":"shipping-taxable","11":"purchasable","12":"product-type-simple","13":"add-to-wishlist-after_add_to_cart"},"aioseo_notices":[],"_links":{"self":[{"href":"https:\/\/pararepublique.com\/index.php\/wp-json\/wp\/v2\/product\/11861","targetHints":{"allow":["GET"]}}],"collection":[{"href":"https:\/\/pararepublique.com\/index.php\/wp-json\/wp\/v2\/product"}],"about":[{"href":"https:\/\/pararepublique.com\/index.php\/wp-json\/wp\/v2\/types\/product"}],"replies":[{"embeddable":true,"href":"https:\/\/pararepublique.com\/index.php\/wp-json\/wp\/v2\/comments?post=11861"}],"version-history":[{"count":0,"href":"https:\/\/pararepublique.com\/index.php\/wp-json\/wp\/v2\/product\/11861\/revisions"}],"wp:featuredmedia":[{"embeddable":true,"href":"https:\/\/pararepublique.com\/index.php\/wp-json\/wp\/v2\/media\/11862"}],"wp:attachment":[{"href":"https:\/\/pararepublique.com\/index.php\/wp-json\/wp\/v2\/media?parent=11861"}],"wp:term":[{"taxonomy":"product_cat","embeddable":true,"href":"https:\/\/pararepublique.com\/index.php\/wp-json\/wp\/v2\/product_cat?post=11861"},{"taxonomy":"product_tag","embeddable":true,"href":"https:\/\/pararepublique.com\/index.php\/wp-json\/wp\/v2\/product_tag?post=11861"}],"curies":[{"name":"wp","href":"https:\/\/api.w.org\/{rel}","templated":true}]}}