{"id":11863,"date":"2024-09-03T15:08:33","date_gmt":"2024-09-03T15:08:33","guid":{"rendered":"https:\/\/pararepublique.com\/?post_type=product&#038;p=11863"},"modified":"2024-09-03T15:08:33","modified_gmt":"2024-09-03T15:08:33","slug":"avene-couvrance","status":"publish","type":"product","link":"https:\/\/pararepublique.com\/index.php\/product\/avene-couvrance\/","title":{"rendered":"AVENE COUVRANCE"},"content":{"rendered":"<p>Av\u00e8ne Couvrance est une gamme de maquillage correcteur sp\u00e9cialement con\u00e7ue pour les peaux sensibles. Que vous souhaitiez unifier votre teint, camoufler des imperfections ou illuminer votre visage, Couvrance offre une solution adapt\u00e9e \u00e0 chaque besoin. Gr\u00e2ce \u00e0 ses formules haute tol\u00e9rance, sans parfum et non com\u00e9dog\u00e8nes, cette gamme est id\u00e9ale pour toutes les peaux, m\u00eame les plus r\u00e9actives.<\/p>\n<p><strong>Produits phares de la gamme :<\/strong><\/p>\n<ul>\n<li><strong>Cr\u00e8me de Teint Compacte<\/strong> : Disponible en plusieurs teintes, elle offre une couvrance modulable et un fini mat naturel, parfait pour masquer les imperfections tout en laissant la peau respirer.<\/li>\n<li><strong>Correcteur de Teint Fluide<\/strong> : Un fond de teint l\u00e9ger qui unifie le teint tout en camouflant les rougeurs et les imperfections, avec une tenue longue dur\u00e9e.<\/li>\n<li><strong>Correcteur Mosa\u00efque<\/strong> : Poudres compactes disponibles en plusieurs nuances (Lumi\u00e8re, Soleil, Translucide) pour unifier, matifier et illuminer le teint, ou encore pour structurer les traits du visage.<\/li>\n<li><strong>Stylo Correcteur<\/strong> : Id\u00e9al pour cibler les petites imperfections et les rougeurs, avec une application pr\u00e9cise et facile.<\/li>\n<\/ul>\n<p><strong>B\u00e9n\u00e9fices :<\/strong><\/p>\n<ul>\n<li><strong>Haute couvrance<\/strong> : Corrige efficacement les imperfections (rougeurs, cicatrices, taches) sans effet masque.<\/li>\n<li><strong>Haute tol\u00e9rance<\/strong> : Formul\u00e9 sans parfum, non com\u00e9dog\u00e8ne et test\u00e9 sous contr\u00f4le dermatologique pour une compatibilit\u00e9 maximale avec les peaux sensibles.<\/li>\n<li><strong>Longue tenue<\/strong> : R\u00e9siste \u00e0 l&rsquo;eau, \u00e0 la sueur et au transfert, pour un teint parfait toute la journ\u00e9e.<\/li>\n<li><strong>Fini naturel<\/strong> : Des textures l\u00e9g\u00e8res qui se fondent parfaitement avec la peau, pour un r\u00e9sultat naturel et lumineux.<\/li>\n<\/ul>\n<p><strong>Conseils d&rsquo;utilisation :<\/strong> Appliquez les produits de la gamme Av\u00e8ne Couvrance sur une peau propre et hydrat\u00e9e. Utilisez un pinceau, une \u00e9ponge ou vos doigts pour unifier et corriger le teint selon vos besoins. Fixez avec la poudre Mosa\u00efque pour un fini impeccable et une tenue prolong\u00e9e.<\/p>\n","protected":false},"excerpt":{"rendered":"<p>Av\u00e8ne Couvrance est une gamme de maquillage correcteur sp\u00e9cialement con\u00e7ue pour les peaux sensibles. Que vous souhaitiez unifier votre teint, camoufler des imperfections ou illuminer votre visage, Couvrance offre une solution adapt\u00e9e \u00e0 chaque besoin. Gr\u00e2ce \u00e0 ses formules haute tol\u00e9rance, sans parfum et non com\u00e9dog\u00e8nes, cette gamme est id\u00e9ale pour toutes les peaux, m\u00eame les plus r\u00e9actives.<\/p>\n","protected":false},"featured_media":11864,"comment_status":"open","ping_status":"closed","template":"","meta":{"inline_featured_image":false,"_monsterinsights_skip_tracking":false,"_monsterinsights_sitenote_active":false,"_monsterinsights_sitenote_note":"","_monsterinsights_sitenote_category":0,"_joinchat":[]},"product_cat":[110],"product_tag":[],"class_list":{"0":"post-11863","1":"product","2":"type-product","3":"status-publish","4":"has-post-thumbnail","6":"product_cat-avene","8":"first","9":"instock","10":"shipping-taxable","11":"purchasable","12":"product-type-simple","13":"add-to-wishlist-after_add_to_cart"},"aioseo_notices":[],"_links":{"self":[{"href":"https:\/\/pararepublique.com\/index.php\/wp-json\/wp\/v2\/product\/11863","targetHints":{"allow":["GET"]}}],"collection":[{"href":"https:\/\/pararepublique.com\/index.php\/wp-json\/wp\/v2\/product"}],"about":[{"href":"https:\/\/pararepublique.com\/index.php\/wp-json\/wp\/v2\/types\/product"}],"replies":[{"embeddable":true,"href":"https:\/\/pararepublique.com\/index.php\/wp-json\/wp\/v2\/comments?post=11863"}],"version-history":[{"count":0,"href":"https:\/\/pararepublique.com\/index.php\/wp-json\/wp\/v2\/product\/11863\/revisions"}],"wp:featuredmedia":[{"embeddable":true,"href":"https:\/\/pararepublique.com\/index.php\/wp-json\/wp\/v2\/media\/11864"}],"wp:attachment":[{"href":"https:\/\/pararepublique.com\/index.php\/wp-json\/wp\/v2\/media?parent=11863"}],"wp:term":[{"taxonomy":"product_cat","embeddable":true,"href":"https:\/\/pararepublique.com\/index.php\/wp-json\/wp\/v2\/product_cat?post=11863"},{"taxonomy":"product_tag","embeddable":true,"href":"https:\/\/pararepublique.com\/index.php\/wp-json\/wp\/v2\/product_tag?post=11863"}],"curies":[{"name":"wp","href":"https:\/\/api.w.org\/{rel}","templated":true}]}}