{"id":11874,"date":"2024-09-03T15:20:12","date_gmt":"2024-09-03T15:20:12","guid":{"rendered":"https:\/\/pararepublique.com\/?post_type=product&#038;p=11874"},"modified":"2024-09-03T15:20:12","modified_gmt":"2024-09-03T15:20:12","slug":"avene-couvrance-pdr-bonne-mine","status":"publish","type":"product","link":"https:\/\/pararepublique.com\/index.php\/product\/avene-couvrance-pdr-bonne-mine\/","title":{"rendered":"AVENE COUVRANCE PDR BONNE MINE"},"content":{"rendered":"<p>La Poudre Bonne Mine Av\u00e8ne Couvrance est une poudre compacte id\u00e9ale pour apporter une touche finale \u00e9clatante \u00e0 votre maquillage tout en unifiant le teint. Con\u00e7ue pour illuminer le visage et raviver l\u2019\u00e9clat naturel de la peau, cette poudre est parfaite pour les peaux sensibles. Sa texture l\u00e9g\u00e8re et soyeuse s\u2019applique facilement et offre un fini naturel et lumineux, tout en offrant une couvrance modulable.<\/p>\n<p><strong>Principaux avantages :<\/strong><\/p>\n<ul>\n<li><strong>Illumination du teint<\/strong> : Enrichie en pigments r\u00e9fl\u00e9chissants, elle apporte une luminosit\u00e9 naturelle et un effet bonne mine imm\u00e9diat.<\/li>\n<li><strong>Unification du teint<\/strong> : Corrige les irr\u00e9gularit\u00e9s et les imperfections pour un teint uniforme et homog\u00e8ne.<\/li>\n<li><strong>Haute tol\u00e9rance<\/strong> : Formul\u00e9e sans parfum et non com\u00e9dog\u00e8ne, elle convient aux peaux sensibles et r\u00e9actives.<\/li>\n<li><strong>Fini naturel<\/strong> : Sa texture a\u00e9rienne et l\u00e9g\u00e8re assure une application sans effet masque et un confort tout au long de la journ\u00e9e.<\/li>\n<\/ul>\n<p><strong>Conseils d&rsquo;utilisation :<\/strong> Appliquez la Poudre Bonne Mine avec un pinceau poudre sur l\u2019ensemble du visage ou sur les zones \u00e0 illuminer (pommettes, arcades sourcili\u00e8res, ar\u00eate du nez). Utilisez-la apr\u00e8s votre fond de teint pour fixer le maquillage et donner un \u00e9clat naturel.<\/p>\n<p><strong>Teinte :<\/strong> Bonne Mine &#8211; Adapt\u00e9e \u00e0 tous les types de peau pour un effet radieux et unifi\u00e9.<\/p>\n<p><strong>Contenance :<\/strong> Disponible en bo\u00eetier de 10 g, pratique pour des retouches en cours de journ\u00e9e et facile \u00e0 emporter.<\/p>\n","protected":false},"excerpt":{"rendered":"<p>La Poudre Bonne Mine Av\u00e8ne Couvrance est une poudre compacte id\u00e9ale pour apporter une touche finale \u00e9clatante \u00e0 votre maquillage tout en unifiant le teint. Con\u00e7ue pour illuminer le visage et raviver l\u2019\u00e9clat naturel de la peau, cette poudre est parfaite pour les peaux sensibles. Sa texture l\u00e9g\u00e8re et soyeuse s\u2019applique facilement et offre un fini naturel et lumineux, tout en offrant une couvrance modulable.<\/p>\n","protected":false},"featured_media":11875,"comment_status":"open","ping_status":"closed","template":"","meta":{"inline_featured_image":false,"_monsterinsights_skip_tracking":false,"_monsterinsights_sitenote_active":false,"_monsterinsights_sitenote_note":"","_monsterinsights_sitenote_category":0,"_joinchat":[]},"product_cat":[110],"product_tag":[],"class_list":{"0":"post-11874","1":"product","2":"type-product","3":"status-publish","4":"has-post-thumbnail","6":"product_cat-avene","8":"first","9":"instock","10":"shipping-taxable","11":"purchasable","12":"product-type-simple","13":"add-to-wishlist-after_add_to_cart"},"aioseo_notices":[],"_links":{"self":[{"href":"https:\/\/pararepublique.com\/index.php\/wp-json\/wp\/v2\/product\/11874","targetHints":{"allow":["GET"]}}],"collection":[{"href":"https:\/\/pararepublique.com\/index.php\/wp-json\/wp\/v2\/product"}],"about":[{"href":"https:\/\/pararepublique.com\/index.php\/wp-json\/wp\/v2\/types\/product"}],"replies":[{"embeddable":true,"href":"https:\/\/pararepublique.com\/index.php\/wp-json\/wp\/v2\/comments?post=11874"}],"version-history":[{"count":0,"href":"https:\/\/pararepublique.com\/index.php\/wp-json\/wp\/v2\/product\/11874\/revisions"}],"wp:featuredmedia":[{"embeddable":true,"href":"https:\/\/pararepublique.com\/index.php\/wp-json\/wp\/v2\/media\/11875"}],"wp:attachment":[{"href":"https:\/\/pararepublique.com\/index.php\/wp-json\/wp\/v2\/media?parent=11874"}],"wp:term":[{"taxonomy":"product_cat","embeddable":true,"href":"https:\/\/pararepublique.com\/index.php\/wp-json\/wp\/v2\/product_cat?post=11874"},{"taxonomy":"product_tag","embeddable":true,"href":"https:\/\/pararepublique.com\/index.php\/wp-json\/wp\/v2\/product_tag?post=11874"}],"curies":[{"name":"wp","href":"https:\/\/api.w.org\/{rel}","templated":true}]}}