{"id":11881,"date":"2024-09-03T15:29:27","date_gmt":"2024-09-03T15:29:27","guid":{"rendered":"https:\/\/pararepublique.com\/?post_type=product&#038;p=11881"},"modified":"2024-09-03T15:29:27","modified_gmt":"2024-09-03T15:29:27","slug":"avene-cr-peaux-intolerantes-50ml","status":"publish","type":"product","link":"https:\/\/pararepublique.com\/index.php\/product\/avene-cr-peaux-intolerantes-50ml\/","title":{"rendered":"AVENE CR PEAUX INTOLERANTES 50ML"},"content":{"rendered":"<p>La Cr\u00e8me Peaux Intol\u00e9rantes d\u2019Av\u00e8ne est sp\u00e9cialement formul\u00e9e pour les peaux ultra-sensibles et intol\u00e9rantes. Cette cr\u00e8me apaisante et hydratante est con\u00e7ue pour offrir un confort imm\u00e9diat et durable tout en renfor\u00e7ant la barri\u00e8re cutan\u00e9e. Sa formule enrichie en Eau Thermale d&rsquo;Av\u00e8ne apaise les sensations de tiraillement et d&rsquo;irritation, tout en respectant l&rsquo;\u00e9quilibre naturel de la peau.<\/p>\n<p><strong>Principaux avantages :<\/strong><\/p>\n<ul>\n<li><strong>Apaisante<\/strong> : Gr\u00e2ce \u00e0 sa haute concentration en Eau Thermale d&rsquo;Av\u00e8ne, elle calme et r\u00e9duit les sensations d&rsquo;inconfort et d&rsquo;irritation.<\/li>\n<li><strong>Hydratante<\/strong> : Nourrit la peau en profondeur, am\u00e9liorant ainsi son hydratation et sa souplesse.<\/li>\n<li><strong>Haute tol\u00e9rance<\/strong> : Formul\u00e9e sans parfum, sans parab\u00e8nes et sans alcool, elle est parfaitement adapt\u00e9e aux peaux les plus sensibles et intol\u00e9rantes.<\/li>\n<li><strong>Renforce la barri\u00e8re cutan\u00e9e<\/strong> : Aide \u00e0 restaurer et \u00e0 prot\u00e9ger la barri\u00e8re cutan\u00e9e pour une peau plus r\u00e9sistante aux agressions ext\u00e9rieures.<\/li>\n<\/ul>\n<p><strong>Conseils d&rsquo;utilisation :<\/strong> Appliquez la Cr\u00e8me Peaux Intol\u00e9rantes sur le visage et le cou pr\u00e9alablement nettoy\u00e9s, matin et soir. Massez doucement jusqu&rsquo;\u00e0 absorption compl\u00e8te. Pour une protection optimale, utilisez-la en compl\u00e9ment de votre routine de soins habituelle.<\/p>\n<p><strong>Contenance :<\/strong> Disponible en tube de 50 ml, pratique pour une utilisation quotidienne \u00e0 domicile ou en voyage.<\/p>\n<p><strong>Id\u00e9al pour :<\/strong><\/p>\n<ul>\n<li>Les peaux ultra-sensibles et intol\u00e9rantes.<\/li>\n<li>Les peaux sujettes aux rougeurs, tiraillements ou irritations.<\/li>\n<\/ul>\n","protected":false},"excerpt":{"rendered":"<p>La Cr\u00e8me Peaux Intol\u00e9rantes d\u2019Av\u00e8ne est sp\u00e9cialement formul\u00e9e pour les peaux ultra-sensibles et intol\u00e9rantes. Cette cr\u00e8me apaisante et hydratante est con\u00e7ue pour offrir un confort imm\u00e9diat et durable tout en renfor\u00e7ant la barri\u00e8re cutan\u00e9e. Sa formule enrichie en Eau Thermale d&rsquo;Av\u00e8ne apaise les sensations de tiraillement et d&rsquo;irritation, tout en respectant l&rsquo;\u00e9quilibre naturel de la peau.<\/p>\n","protected":false},"featured_media":0,"comment_status":"open","ping_status":"closed","template":"","meta":{"inline_featured_image":false,"_monsterinsights_skip_tracking":false,"_monsterinsights_sitenote_active":false,"_monsterinsights_sitenote_note":"","_monsterinsights_sitenote_category":0,"_joinchat":[]},"product_cat":[110],"product_tag":[],"class_list":{"0":"post-11881","1":"product","2":"type-product","3":"status-publish","5":"product_cat-avene","7":"first","8":"instock","9":"shipping-taxable","10":"purchasable","11":"product-type-simple","12":"add-to-wishlist-after_add_to_cart"},"aioseo_notices":[],"_links":{"self":[{"href":"https:\/\/pararepublique.com\/index.php\/wp-json\/wp\/v2\/product\/11881","targetHints":{"allow":["GET"]}}],"collection":[{"href":"https:\/\/pararepublique.com\/index.php\/wp-json\/wp\/v2\/product"}],"about":[{"href":"https:\/\/pararepublique.com\/index.php\/wp-json\/wp\/v2\/types\/product"}],"replies":[{"embeddable":true,"href":"https:\/\/pararepublique.com\/index.php\/wp-json\/wp\/v2\/comments?post=11881"}],"version-history":[{"count":0,"href":"https:\/\/pararepublique.com\/index.php\/wp-json\/wp\/v2\/product\/11881\/revisions"}],"wp:attachment":[{"href":"https:\/\/pararepublique.com\/index.php\/wp-json\/wp\/v2\/media?parent=11881"}],"wp:term":[{"taxonomy":"product_cat","embeddable":true,"href":"https:\/\/pararepublique.com\/index.php\/wp-json\/wp\/v2\/product_cat?post=11881"},{"taxonomy":"product_tag","embeddable":true,"href":"https:\/\/pararepublique.com\/index.php\/wp-json\/wp\/v2\/product_tag?post=11881"}],"curies":[{"name":"wp","href":"https:\/\/api.w.org\/{rel}","templated":true}]}}