{"id":11887,"date":"2024-09-03T15:44:29","date_gmt":"2024-09-03T15:44:29","guid":{"rendered":"https:\/\/pararepublique.com\/?post_type=product&#038;p=11887"},"modified":"2025-10-03T00:12:16","modified_gmt":"2025-10-03T00:12:16","slug":"avene-creme-nutritive-p-sens-pot-40ml","status":"publish","type":"product","link":"https:\/\/pararepublique.com\/index.php\/product\/avene-creme-nutritive-p-sens-pot-40ml\/","title":{"rendered":"AVENE CREME NUTRITIVE P SENS POT 40ML"},"content":{"rendered":"<p>Av\u00e8ne Cr\u00e8me Nutritive Compensatrice est sp\u00e9cialement formul\u00e9e pour r\u00e9pondre aux besoins des peaux sensibles et s\u00e8ches. Cette cr\u00e8me riche et onctueuse nourrit intens\u00e9ment la peau, renforce la barri\u00e8re cutan\u00e9e et restaure le confort des peaux fragilis\u00e9es. Enrichie en Eau Thermale d&rsquo;Av\u00e8ne, elle apaise les irritations, tout en procurant une sensation de douceur et de souplesse. Id\u00e9ale pour les peaux sensibles, elle compense les d\u00e9ficits lipidiques et prot\u00e8ge la peau des agressions ext\u00e9rieures.<\/p>\n<p><strong>Principaux avantages :<\/strong><\/p>\n<ul>\n<li><strong>Nourrissante et hydratante<\/strong> : Formul\u00e9e avec des actifs nutritifs, elle nourrit en profondeur les peaux s\u00e8ches et sensibles, tout en r\u00e9tablissant leur \u00e9quilibre hydrolipidique.<\/li>\n<li><strong>Apaisante<\/strong> : L&rsquo;Eau Thermale d&rsquo;Av\u00e8ne, reconnue pour ses propri\u00e9t\u00e9s apaisantes et anti-irritantes, calme les peaux sensibles et att\u00e9nue les rougeurs.<\/li>\n<li><strong>Protection renforc\u00e9e<\/strong> : Elle renforce la barri\u00e8re cutan\u00e9e, prot\u00e9geant ainsi la peau des agressions ext\u00e9rieures comme le froid, le vent, ou la pollution.<\/li>\n<li><strong>Texture riche et onctueuse<\/strong> : P\u00e9n\u00e8tre facilement sans laisser de film gras, offrant une sensation de confort imm\u00e9diat.<\/li>\n<\/ul>\n<p><strong>Conseils d&rsquo;utilisation :<\/strong> Appliquez la Cr\u00e8me Nutritive Compensatrice matin et\/ou soir sur le visage et le cou parfaitement nettoy\u00e9s. Massez d\u00e9licatement jusqu&rsquo;\u00e0 absorption compl\u00e8te. Peut \u00eatre utilis\u00e9e seule ou en compl\u00e9ment d&rsquo;un s\u00e9rum pour un soin intensif.<\/p>\n<p><strong>Contenance :<\/strong> Disponible en pot de 40 ml, id\u00e9ale pour une utilisation quotidienne et durable.<\/p>\n<p><strong>Id\u00e9al pour :<\/strong><\/p>\n<ul>\n<li>Les peaux sensibles, s\u00e8ches et d\u00e9shydrat\u00e9es.<\/li>\n<li>Les peaux fragilis\u00e9es par les agressions climatiques ou les traitements dermatologiques.<\/li>\n<\/ul>\n","protected":false},"excerpt":{"rendered":"<p>Av\u00e8ne Cr\u00e8me Nutritive Compensatrice est sp\u00e9cialement formul\u00e9e pour r\u00e9pondre aux besoins des peaux sensibles et s\u00e8ches. Cette cr\u00e8me riche et onctueuse nourrit intens\u00e9ment la peau, renforce la barri\u00e8re cutan\u00e9e et restaure le confort des peaux fragilis\u00e9es. Enrichie en Eau Thermale d&rsquo;Av\u00e8ne, elle apaise les irritations, tout en procurant une sensation de douceur et de souplesse. Id\u00e9ale pour les peaux sensibles, elle compense les d\u00e9ficits lipidiques et prot\u00e8ge la peau des agressions ext\u00e9rieures.<\/p>\n","protected":false},"featured_media":11888,"comment_status":"open","ping_status":"closed","template":"","meta":{"inline_featured_image":false,"_monsterinsights_skip_tracking":false,"_monsterinsights_sitenote_active":false,"_monsterinsights_sitenote_note":"","_monsterinsights_sitenote_category":0,"_joinchat":[]},"product_cat":[110],"product_tag":[],"class_list":{"0":"post-11887","1":"product","2":"type-product","3":"status-publish","4":"has-post-thumbnail","6":"product_cat-avene","8":"first","9":"instock","10":"shipping-taxable","11":"purchasable","12":"product-type-simple","13":"add-to-wishlist-after_add_to_cart"},"aioseo_notices":[],"_links":{"self":[{"href":"https:\/\/pararepublique.com\/index.php\/wp-json\/wp\/v2\/product\/11887","targetHints":{"allow":["GET"]}}],"collection":[{"href":"https:\/\/pararepublique.com\/index.php\/wp-json\/wp\/v2\/product"}],"about":[{"href":"https:\/\/pararepublique.com\/index.php\/wp-json\/wp\/v2\/types\/product"}],"replies":[{"embeddable":true,"href":"https:\/\/pararepublique.com\/index.php\/wp-json\/wp\/v2\/comments?post=11887"}],"version-history":[{"count":0,"href":"https:\/\/pararepublique.com\/index.php\/wp-json\/wp\/v2\/product\/11887\/revisions"}],"wp:featuredmedia":[{"embeddable":true,"href":"https:\/\/pararepublique.com\/index.php\/wp-json\/wp\/v2\/media\/11888"}],"wp:attachment":[{"href":"https:\/\/pararepublique.com\/index.php\/wp-json\/wp\/v2\/media?parent=11887"}],"wp:term":[{"taxonomy":"product_cat","embeddable":true,"href":"https:\/\/pararepublique.com\/index.php\/wp-json\/wp\/v2\/product_cat?post=11887"},{"taxonomy":"product_tag","embeddable":true,"href":"https:\/\/pararepublique.com\/index.php\/wp-json\/wp\/v2\/product_tag?post=11887"}],"curies":[{"name":"wp","href":"https:\/\/api.w.org\/{rel}","templated":true}]}}