{"id":11889,"date":"2024-09-03T15:52:01","date_gmt":"2024-09-03T15:52:01","guid":{"rendered":"https:\/\/pararepublique.com\/?post_type=product&#038;p=11889"},"modified":"2024-09-03T15:52:01","modified_gmt":"2024-09-03T15:52:01","slug":"avene-creme-nutritive","status":"publish","type":"product","link":"https:\/\/pararepublique.com\/index.php\/product\/avene-creme-nutritive\/","title":{"rendered":"AVENE CREME NUTRITIVE"},"content":{"rendered":"<p>La Cr\u00e8me Nutritive Compensatrice d&rsquo;Av\u00e8ne est une cr\u00e8me riche et onctueuse con\u00e7ue pour nourrir intens\u00e9ment les peaux sensibles et s\u00e8ches. Enrichie en actifs nutritifs et en Eau Thermale d&rsquo;Av\u00e8ne, elle aide \u00e0 restaurer la barri\u00e8re cutan\u00e9e tout en apaisant les irritations. Id\u00e9ale pour les peaux fragilis\u00e9es, cette cr\u00e8me apporte confort, souplesse et protection contre les agressions ext\u00e9rieures.<\/p>\n<p><strong>Principaux avantages :<\/strong><\/p>\n<ul>\n<li><strong>Nourrissante<\/strong> : Gr\u00e2ce \u00e0 sa formule enrichie, elle nourrit la peau en profondeur, aidant \u00e0 r\u00e9tablir son \u00e9quilibre hydrolipidique.<\/li>\n<li><strong>Apaisante<\/strong> : L&rsquo;Eau Thermale d&rsquo;Av\u00e8ne calme les peaux sensibles et att\u00e9nue les rougeurs, offrant un confort imm\u00e9diat.<\/li>\n<li><strong>Protectrice<\/strong> : Renforce la barri\u00e8re cutan\u00e9e pour prot\u00e9ger la peau des agressions ext\u00e9rieures telles que le froid, le vent, ou la pollution.<\/li>\n<li><strong>Texture agr\u00e9able<\/strong> : Sa texture riche p\u00e9n\u00e8tre facilement sans laisser de film gras, offrant un confort longue dur\u00e9e.<\/li>\n<\/ul>\n<p><strong>Conseils d&rsquo;utilisation :<\/strong> Appliquez matin et\/ou soir sur le visage et le cou pr\u00e9alablement nettoy\u00e9s. Massez doucement jusqu&rsquo;\u00e0 absorption compl\u00e8te. Pour un soin intensif, utilisez-la en compl\u00e9ment de votre routine quotidienne.<\/p>\n<p><strong>Contenance :<\/strong> Disponible en pot de 40 ml, id\u00e9al pour une utilisation quotidienne.<\/p>\n<p><strong>Id\u00e9al pour :<\/strong><\/p>\n<ul>\n<li>Les peaux sensibles, s\u00e8ches et d\u00e9shydrat\u00e9es.<\/li>\n<li>Les peaux fragilis\u00e9es par les agressions climatiques ou les traitements dermatologiques.<\/li>\n<\/ul>\n","protected":false},"excerpt":{"rendered":"<p>La Cr\u00e8me Nutritive Compensatrice d&rsquo;Av\u00e8ne est une cr\u00e8me riche et onctueuse con\u00e7ue pour nourrir intens\u00e9ment les peaux sensibles et s\u00e8ches. Enrichie en actifs nutritifs et en Eau Thermale d&rsquo;Av\u00e8ne, elle aide \u00e0 restaurer la barri\u00e8re cutan\u00e9e tout en apaisant les irritations. Id\u00e9ale pour les peaux fragilis\u00e9es, cette cr\u00e8me apporte confort, souplesse et protection contre les agressions ext\u00e9rieures.<\/p>\n","protected":false},"featured_media":11890,"comment_status":"open","ping_status":"closed","template":"","meta":{"inline_featured_image":false,"_monsterinsights_skip_tracking":false,"_monsterinsights_sitenote_active":false,"_monsterinsights_sitenote_note":"","_monsterinsights_sitenote_category":0,"_joinchat":[]},"product_cat":[110],"product_tag":[],"class_list":{"0":"post-11889","1":"product","2":"type-product","3":"status-publish","4":"has-post-thumbnail","6":"product_cat-avene","8":"first","9":"instock","10":"shipping-taxable","11":"purchasable","12":"product-type-simple","13":"add-to-wishlist-after_add_to_cart"},"aioseo_notices":[],"_links":{"self":[{"href":"https:\/\/pararepublique.com\/index.php\/wp-json\/wp\/v2\/product\/11889","targetHints":{"allow":["GET"]}}],"collection":[{"href":"https:\/\/pararepublique.com\/index.php\/wp-json\/wp\/v2\/product"}],"about":[{"href":"https:\/\/pararepublique.com\/index.php\/wp-json\/wp\/v2\/types\/product"}],"replies":[{"embeddable":true,"href":"https:\/\/pararepublique.com\/index.php\/wp-json\/wp\/v2\/comments?post=11889"}],"version-history":[{"count":0,"href":"https:\/\/pararepublique.com\/index.php\/wp-json\/wp\/v2\/product\/11889\/revisions"}],"wp:featuredmedia":[{"embeddable":true,"href":"https:\/\/pararepublique.com\/index.php\/wp-json\/wp\/v2\/media\/11890"}],"wp:attachment":[{"href":"https:\/\/pararepublique.com\/index.php\/wp-json\/wp\/v2\/media?parent=11889"}],"wp:term":[{"taxonomy":"product_cat","embeddable":true,"href":"https:\/\/pararepublique.com\/index.php\/wp-json\/wp\/v2\/product_cat?post=11889"},{"taxonomy":"product_tag","embeddable":true,"href":"https:\/\/pararepublique.com\/index.php\/wp-json\/wp\/v2\/product_tag?post=11889"}],"curies":[{"name":"wp","href":"https:\/\/api.w.org\/{rel}","templated":true}]}}