{"id":11893,"date":"2024-09-03T16:01:39","date_gmt":"2024-09-03T16:01:39","guid":{"rendered":"https:\/\/pararepublique.com\/?post_type=product&#038;p=11893"},"modified":"2024-09-03T16:01:40","modified_gmt":"2024-09-03T16:01:40","slug":"avene-creme-teint-compacte-50","status":"publish","type":"product","link":"https:\/\/pararepublique.com\/index.php\/product\/avene-creme-teint-compacte-50\/","title":{"rendered":"AVENE CREME TEINT COMPACTE 50"},"content":{"rendered":"<p>La Cr\u00e8me de Teint Compacte\u00a0 50 d&rsquo;Av\u00e8ne est un fond de teint compact qui combine une haute protection solaire et une couvrance parfaite pour les peaux sensibles. Sa formule enrichie en filtres solaires efficaces prot\u00e8ge contre les rayons UVA et UVB, tout en unifiant le teint et en dissimulant les imperfections. Con\u00e7ue pour offrir un confort durable, elle laisse la peau douce et matifi\u00e9e, sans effet masque. L&rsquo;Eau Thermale d&rsquo;Av\u00e8ne, pr\u00e9sente dans la formulation, apporte ses propri\u00e9t\u00e9s apaisantes et anti-irritantes.<\/p>\n<p><strong>Principaux avantages :<\/strong><\/p>\n<ul>\n<li><strong>Haute protection solaire<\/strong> : Avec un SPF 50, cette cr\u00e8me de teint offre une protection maximale contre les rayons UVA et UVB, id\u00e9ale pour les peaux sensibles au soleil.<\/li>\n<li><strong>Couvrance naturelle<\/strong> : La texture cr\u00e9meuse se fond sur la peau pour unifier le teint et masquer les imperfections, tout en laissant un fini mat et naturel.<\/li>\n<li><strong>Tol\u00e9rance \u00e9lev\u00e9e<\/strong> : Formul\u00e9e sans parfum et non com\u00e9dog\u00e8ne, elle est adapt\u00e9e aux peaux sensibles et r\u00e9actives, minimisant le risque d&rsquo;irritations.<\/li>\n<li><strong>Hydratation et apaisement<\/strong> : Gr\u00e2ce \u00e0 l&rsquo;Eau Thermale d&rsquo;Av\u00e8ne, cette cr\u00e8me de teint assure une hydratation continue tout en apaisant la peau.<\/li>\n<\/ul>\n<p><strong>Conseils d&rsquo;utilisation :<\/strong> Appliquez uniform\u00e9ment la Cr\u00e8me de Teint Compacte SPF 50 sur le visage \u00e0 l&rsquo;aide de l&rsquo;\u00e9ponge int\u00e9gr\u00e9e, en \u00e9tirant du centre vers l&rsquo;ext\u00e9rieur. Peut \u00eatre utilis\u00e9e quotidiennement, notamment en cas d&rsquo;exposition au soleil, et permet des retouches tout au long de la journ\u00e9e.<\/p>\n<p><strong>Contenance :<\/strong> Disponible en bo\u00eetier de 10 g avec miroir et \u00e9ponge, pratique pour \u00eatre emport\u00e9 partout.<\/p>\n<p>&nbsp;<\/p>\n","protected":false},"excerpt":{"rendered":"<p>La Cr\u00e8me de Teint Compacte\u00a0 50 d&rsquo;Av\u00e8ne est un fond de teint compact qui combine une haute protection solaire et une couvrance parfaite pour les peaux sensibles. Sa formule enrichie en filtres solaires efficaces prot\u00e8ge contre les rayons UVA et UVB, tout en unifiant le teint et en dissimulant les imperfections. Con\u00e7ue pour offrir un confort durable, elle laisse la peau douce et matifi\u00e9e, sans effet masque. L&rsquo;Eau Thermale d&rsquo;Av\u00e8ne, pr\u00e9sente dans la formulation, apporte ses propri\u00e9t\u00e9s apaisantes et anti-irritantes.<\/p>\n","protected":false},"featured_media":11894,"comment_status":"open","ping_status":"closed","template":"","meta":{"inline_featured_image":false,"_monsterinsights_skip_tracking":false,"_monsterinsights_sitenote_active":false,"_monsterinsights_sitenote_note":"","_monsterinsights_sitenote_category":0,"_joinchat":[]},"product_cat":[110],"product_tag":[],"class_list":{"0":"post-11893","1":"product","2":"type-product","3":"status-publish","4":"has-post-thumbnail","6":"product_cat-avene","8":"first","9":"instock","10":"shipping-taxable","11":"purchasable","12":"product-type-simple","13":"add-to-wishlist-after_add_to_cart"},"aioseo_notices":[],"_links":{"self":[{"href":"https:\/\/pararepublique.com\/index.php\/wp-json\/wp\/v2\/product\/11893","targetHints":{"allow":["GET"]}}],"collection":[{"href":"https:\/\/pararepublique.com\/index.php\/wp-json\/wp\/v2\/product"}],"about":[{"href":"https:\/\/pararepublique.com\/index.php\/wp-json\/wp\/v2\/types\/product"}],"replies":[{"embeddable":true,"href":"https:\/\/pararepublique.com\/index.php\/wp-json\/wp\/v2\/comments?post=11893"}],"version-history":[{"count":0,"href":"https:\/\/pararepublique.com\/index.php\/wp-json\/wp\/v2\/product\/11893\/revisions"}],"wp:featuredmedia":[{"embeddable":true,"href":"https:\/\/pararepublique.com\/index.php\/wp-json\/wp\/v2\/media\/11894"}],"wp:attachment":[{"href":"https:\/\/pararepublique.com\/index.php\/wp-json\/wp\/v2\/media?parent=11893"}],"wp:term":[{"taxonomy":"product_cat","embeddable":true,"href":"https:\/\/pararepublique.com\/index.php\/wp-json\/wp\/v2\/product_cat?post=11893"},{"taxonomy":"product_tag","embeddable":true,"href":"https:\/\/pararepublique.com\/index.php\/wp-json\/wp\/v2\/product_tag?post=11893"}],"curies":[{"name":"wp","href":"https:\/\/api.w.org\/{rel}","templated":true}]}}