{"id":11897,"date":"2024-09-03T16:09:58","date_gmt":"2024-09-03T16:09:58","guid":{"rendered":"https:\/\/pararepublique.com\/?post_type=product&#038;p=11897"},"modified":"2024-09-03T16:09:58","modified_gmt":"2024-09-03T16:09:58","slug":"avene-d-pigment-legere-30ml","status":"publish","type":"product","link":"https:\/\/pararepublique.com\/index.php\/product\/avene-d-pigment-legere-30ml\/","title":{"rendered":"AVENE D PIGMENT LEGERE 30ML"},"content":{"rendered":"<p>Av\u00e8ne D-Pigment L\u00e9g\u00e8re est un soin sp\u00e9cifique con\u00e7u pour att\u00e9nuer les taches brunes et unifier le teint. Formul\u00e9e avec des actifs d\u00e9pigmentants puissants comme le M\u00e9lanyde, cette cr\u00e8me r\u00e9duit visiblement l&rsquo;apparence des taches pigmentaires tout en pr\u00e9venant leur r\u00e9apparition. Enrichie en Eau Thermale d&rsquo;Av\u00e8ne, elle apaise et hydrate la peau, offrant un confort durable. Sa texture l\u00e9g\u00e8re est particuli\u00e8rement adapt\u00e9e aux peaux normales \u00e0 mixtes, laissant un fini mat et uniforme.<\/p>\n<p><strong>Principaux avantages :<\/strong><\/p>\n<ul>\n<li><strong>Correction des taches brunes<\/strong> : Le M\u00e9lanyde, un actif d\u00e9pigmentant, cible les taches pigmentaires pour les att\u00e9nuer progressivement et pr\u00e9venir leur r\u00e9apparition.<\/li>\n<li><strong>Teint unifi\u00e9<\/strong> : En r\u00e9duisant les irr\u00e9gularit\u00e9s pigmentaires, cette cr\u00e8me aide \u00e0 retrouver un teint plus uniforme et \u00e9clatant.<\/li>\n<li><strong>Texture l\u00e9g\u00e8re et matifiante<\/strong> : Id\u00e9ale pour les peaux normales \u00e0 mixtes, elle p\u00e9n\u00e8tre rapidement sans laisser de film gras, offrant un fini mat.<\/li>\n<li><strong>Apaisante et hydratante<\/strong> : L&rsquo;Eau Thermale d&rsquo;Av\u00e8ne apaise les irritations et maintient une hydratation optimale, assurant un confort durable.<\/li>\n<\/ul>\n<p><strong>Conseils d&rsquo;utilisation :<\/strong> Appliquez Av\u00e8ne D-Pigment L\u00e9g\u00e8re le soir sur le visage, le cou et les mains, en insistant sur les zones pr\u00e9sentant des taches brunes. Pour une efficacit\u00e9 optimale, utilisez ce soin quotidiennement et associez-le \u00e0 une protection solaire adapt\u00e9e en journ\u00e9e.<\/p>\n<p><strong>Contenance :<\/strong> Disponible en tube de 30 ml, id\u00e9al pour une utilisation cibl\u00e9e et prolong\u00e9e.<\/p>\n<p>&nbsp;<\/p>\n","protected":false},"excerpt":{"rendered":"<p>Av\u00e8ne D-Pigment L\u00e9g\u00e8re est un soin sp\u00e9cifique con\u00e7u pour att\u00e9nuer les taches brunes et unifier le teint. Formul\u00e9e avec des actifs d\u00e9pigmentants puissants comme le M\u00e9lanyde, cette cr\u00e8me r\u00e9duit visiblement l&rsquo;apparence des taches pigmentaires tout en pr\u00e9venant leur r\u00e9apparition. Enrichie en Eau Thermale d&rsquo;Av\u00e8ne, elle apaise et hydrate la peau, offrant un confort durable. Sa texture l\u00e9g\u00e8re est particuli\u00e8rement adapt\u00e9e aux peaux normales \u00e0 mixtes, laissant un fini mat et uniforme.<\/p>\n","protected":false},"featured_media":11898,"comment_status":"open","ping_status":"closed","template":"","meta":{"inline_featured_image":false,"_monsterinsights_skip_tracking":false,"_monsterinsights_sitenote_active":false,"_monsterinsights_sitenote_note":"","_monsterinsights_sitenote_category":0,"_joinchat":[]},"product_cat":[110],"product_tag":[],"class_list":{"0":"post-11897","1":"product","2":"type-product","3":"status-publish","4":"has-post-thumbnail","6":"product_cat-avene","8":"first","9":"instock","10":"shipping-taxable","11":"purchasable","12":"product-type-simple","13":"add-to-wishlist-after_add_to_cart"},"aioseo_notices":[],"_links":{"self":[{"href":"https:\/\/pararepublique.com\/index.php\/wp-json\/wp\/v2\/product\/11897","targetHints":{"allow":["GET"]}}],"collection":[{"href":"https:\/\/pararepublique.com\/index.php\/wp-json\/wp\/v2\/product"}],"about":[{"href":"https:\/\/pararepublique.com\/index.php\/wp-json\/wp\/v2\/types\/product"}],"replies":[{"embeddable":true,"href":"https:\/\/pararepublique.com\/index.php\/wp-json\/wp\/v2\/comments?post=11897"}],"version-history":[{"count":0,"href":"https:\/\/pararepublique.com\/index.php\/wp-json\/wp\/v2\/product\/11897\/revisions"}],"wp:featuredmedia":[{"embeddable":true,"href":"https:\/\/pararepublique.com\/index.php\/wp-json\/wp\/v2\/media\/11898"}],"wp:attachment":[{"href":"https:\/\/pararepublique.com\/index.php\/wp-json\/wp\/v2\/media?parent=11897"}],"wp:term":[{"taxonomy":"product_cat","embeddable":true,"href":"https:\/\/pararepublique.com\/index.php\/wp-json\/wp\/v2\/product_cat?post=11897"},{"taxonomy":"product_tag","embeddable":true,"href":"https:\/\/pararepublique.com\/index.php\/wp-json\/wp\/v2\/product_tag?post=11897"}],"curies":[{"name":"wp","href":"https:\/\/api.w.org\/{rel}","templated":true}]}}