{"id":11914,"date":"2024-09-03T16:45:18","date_gmt":"2024-09-03T16:45:18","guid":{"rendered":"https:\/\/pararepublique.com\/?post_type=product&#038;p=11914"},"modified":"2024-09-03T16:45:19","modified_gmt":"2024-09-03T16:45:19","slug":"avene-e-therm-fl300ml","status":"publish","type":"product","link":"https:\/\/pararepublique.com\/index.php\/product\/avene-e-therm-fl300ml\/","title":{"rendered":"AVENE E.THERM.FL300ML"},"content":{"rendered":"<p>L&rsquo;Eau Thermale d&rsquo;Av\u00e8ne en flacon de 300 ml est un soin apaisant et hydratant indispensable pour les peaux sensibles et r\u00e9actives. Issue directement des sources thermales d&rsquo;Av\u00e8ne, cette eau pure et naturelle est connue pour ses propri\u00e9t\u00e9s apaisantes et anti-irritantes. Elle offre une sensation imm\u00e9diate de fra\u00eecheur et de confort tout en aidant \u00e0 calmer les rougeurs et les irritations. Sa formule hypoallerg\u00e9nique est adapt\u00e9e pour une utilisation quotidienne sur tous les types de peau, m\u00eame les plus d\u00e9licates.<\/p>\n<p><strong>Principaux avantages :<\/strong><\/p>\n<ul>\n<li><strong>Apaisante et anti-irritante<\/strong> : L&rsquo;Eau Thermale d&rsquo;Av\u00e8ne r\u00e9duit les sensations d&rsquo;inconfort et d&rsquo;irritation gr\u00e2ce \u00e0 ses propri\u00e9t\u00e9s anti-inflammatoires et apaisantes.<\/li>\n<li><strong>Hydratante<\/strong> : Elle hydrate et rafra\u00eechit la peau, aidant \u00e0 maintenir un \u00e9quilibre optimal d&rsquo;humidit\u00e9.<\/li>\n<li><strong>Hypoallerg\u00e9nique<\/strong> : Test\u00e9e dermatologiquement, elle est adapt\u00e9e aux peaux sensibles et sujettes aux allergies.<\/li>\n<li><strong>Usage polyvalent<\/strong> : Peut \u00eatre utilis\u00e9e \u00e0 tout moment de la journ\u00e9e pour apaiser la peau apr\u00e8s le nettoyage, avant le maquillage ou simplement pour une sensation de fra\u00eecheur.<\/li>\n<\/ul>\n<p><strong>Conseils d&rsquo;utilisation :<\/strong> Vaporisez l&rsquo;Eau Thermale d&rsquo;Av\u00e8ne sur le visage \u00e0 une distance de 20 cm. Laissez agir quelques minutes avant de tapoter doucement pour enlever l&rsquo;exc\u00e9dent. Utilisez matin et soir, ou aussi souvent que n\u00e9cessaire, pour apaiser et rafra\u00eechir la peau.<\/p>\n<p><strong>Contenance :<\/strong> Disponible en flacon de 300 ml, pratique pour une utilisation quotidienne et \u00e9conomique.<\/p>\n","protected":false},"excerpt":{"rendered":"<p>L&rsquo;Eau Thermale d&rsquo;Av\u00e8ne en flacon de 300 ml est un soin apaisant et hydratant indispensable pour les peaux sensibles et r\u00e9actives. Issue directement des sources thermales d&rsquo;Av\u00e8ne, cette eau pure et naturelle est connue pour ses propri\u00e9t\u00e9s apaisantes et anti-irritantes. Elle offre une sensation imm\u00e9diate de fra\u00eecheur et de confort tout en aidant \u00e0 calmer les rougeurs et les irritations. Sa formule hypoallerg\u00e9nique est adapt\u00e9e pour une utilisation quotidienne sur tous les types de peau, m\u00eame les plus d\u00e9licates.<\/p>\n<p>&nbsp;<\/p>\n","protected":false},"featured_media":11915,"comment_status":"open","ping_status":"closed","template":"","meta":{"inline_featured_image":false,"_monsterinsights_skip_tracking":false,"_monsterinsights_sitenote_active":false,"_monsterinsights_sitenote_note":"","_monsterinsights_sitenote_category":0,"_joinchat":[]},"product_cat":[110],"product_tag":[],"class_list":{"0":"post-11914","1":"product","2":"type-product","3":"status-publish","4":"has-post-thumbnail","6":"product_cat-avene","8":"first","9":"instock","10":"shipping-taxable","11":"purchasable","12":"product-type-simple","13":"add-to-wishlist-after_add_to_cart"},"aioseo_notices":[],"_links":{"self":[{"href":"https:\/\/pararepublique.com\/index.php\/wp-json\/wp\/v2\/product\/11914","targetHints":{"allow":["GET"]}}],"collection":[{"href":"https:\/\/pararepublique.com\/index.php\/wp-json\/wp\/v2\/product"}],"about":[{"href":"https:\/\/pararepublique.com\/index.php\/wp-json\/wp\/v2\/types\/product"}],"replies":[{"embeddable":true,"href":"https:\/\/pararepublique.com\/index.php\/wp-json\/wp\/v2\/comments?post=11914"}],"version-history":[{"count":1,"href":"https:\/\/pararepublique.com\/index.php\/wp-json\/wp\/v2\/product\/11914\/revisions"}],"predecessor-version":[{"id":11916,"href":"https:\/\/pararepublique.com\/index.php\/wp-json\/wp\/v2\/product\/11914\/revisions\/11916"}],"wp:featuredmedia":[{"embeddable":true,"href":"https:\/\/pararepublique.com\/index.php\/wp-json\/wp\/v2\/media\/11915"}],"wp:attachment":[{"href":"https:\/\/pararepublique.com\/index.php\/wp-json\/wp\/v2\/media?parent=11914"}],"wp:term":[{"taxonomy":"product_cat","embeddable":true,"href":"https:\/\/pararepublique.com\/index.php\/wp-json\/wp\/v2\/product_cat?post=11914"},{"taxonomy":"product_tag","embeddable":true,"href":"https:\/\/pararepublique.com\/index.php\/wp-json\/wp\/v2\/product_tag?post=11914"}],"curies":[{"name":"wp","href":"https:\/\/api.w.org\/{rel}","templated":true}]}}