{"id":11946,"date":"2024-09-04T10:53:14","date_gmt":"2024-09-04T10:53:14","guid":{"rendered":"https:\/\/pararepublique.com\/?post_type=product&#038;p=11946"},"modified":"2024-09-04T10:53:15","modified_gmt":"2024-09-04T10:53:15","slug":"avene-hyaluron-b3-yeux-15ml","status":"publish","type":"product","link":"https:\/\/pararepublique.com\/index.php\/product\/avene-hyaluron-b3-yeux-15ml\/","title":{"rendered":"AVENE HYALURON B3 YEUX 15ML"},"content":{"rendered":"<p>Le soin Hyaluron B3 Contour des Yeux d&rsquo;Av\u00e8ne est sp\u00e9cialement con\u00e7u pour att\u00e9nuer les signes de fatigue et les premi\u00e8res rides autour des yeux. Sa formule innovante, enrichie en acide hyaluronique et en vitamine B3, cible les zones sensibles du contour des yeux pour offrir une hydratation intense, une protection contre les agressions ext\u00e9rieures et une action anti-\u00e2ge. Ce soin rafra\u00eechissant et l\u00e9ger r\u00e9duit les cernes, les poches et les signes de fatigue, tout en apportant une sensation de confort et de fra\u00eecheur.<\/p>\n<p><strong>Principaux avantages :<\/strong><\/p>\n<ul>\n<li><strong>Hydratation intense<\/strong> : L&rsquo;acide hyaluronique aide \u00e0 maintenir une hydratation optimale, lissant et repulpant la peau autour des yeux.<\/li>\n<li><strong>R\u00e9duction des signes de fatigue<\/strong> : La vitamine B3 (niacinamide) aide \u00e0 r\u00e9duire les cernes et les poches, apportant un regard plus frais et repos\u00e9.<\/li>\n<li><strong>Action anti-\u00e2ge<\/strong> : Diminue l&rsquo;apparence des premi\u00e8res rides et ridules, contribuant \u00e0 un contour des yeux plus lisse et plus jeune.<\/li>\n<li><strong>Apaisant et rafra\u00eechissant<\/strong> : Sa texture l\u00e9g\u00e8re et non grasse p\u00e9n\u00e8tre rapidement et procure une sensation imm\u00e9diate de confort et de fra\u00eecheur.<\/li>\n<\/ul>\n<p><strong>Conseils d&rsquo;utilisation :<\/strong> Appliquez le soin Hyaluron B3 Contour des Yeux d&rsquo;Av\u00e8ne matin et soir sur le contour des yeux pr\u00e9alablement nettoy\u00e9. Tapotez d\u00e9licatement du bout des doigts pour favoriser l&rsquo;absorption. \u00c9vitez le contact direct avec les yeux.<\/p>\n","protected":false},"excerpt":{"rendered":"<p>Le soin Hyaluron B3 Contour des Yeux d&rsquo;Av\u00e8ne est sp\u00e9cialement con\u00e7u pour att\u00e9nuer les signes de fatigue et les premi\u00e8res rides autour des yeux. Sa formule innovante, enrichie en acide hyaluronique et en vitamine B3, cible les zones sensibles du contour des yeux pour offrir une hydratation intense, une protection contre les agressions ext\u00e9rieures et une action anti-\u00e2ge. Ce soin rafra\u00eechissant et l\u00e9ger r\u00e9duit les cernes, les poches et les signes de fatigue, tout en apportant une sensation de confort et de fra\u00eecheur.<\/p>\n<p>&nbsp;<\/p>\n","protected":false},"featured_media":11947,"comment_status":"open","ping_status":"closed","template":"","meta":{"inline_featured_image":false,"_monsterinsights_skip_tracking":false,"_monsterinsights_sitenote_active":false,"_monsterinsights_sitenote_note":"","_monsterinsights_sitenote_category":0,"_joinchat":[]},"product_cat":[110],"product_tag":[],"class_list":{"0":"post-11946","1":"product","2":"type-product","3":"status-publish","4":"has-post-thumbnail","6":"product_cat-avene","8":"first","9":"instock","10":"shipping-taxable","11":"purchasable","12":"product-type-simple","13":"add-to-wishlist-after_add_to_cart"},"aioseo_notices":[],"_links":{"self":[{"href":"https:\/\/pararepublique.com\/index.php\/wp-json\/wp\/v2\/product\/11946","targetHints":{"allow":["GET"]}}],"collection":[{"href":"https:\/\/pararepublique.com\/index.php\/wp-json\/wp\/v2\/product"}],"about":[{"href":"https:\/\/pararepublique.com\/index.php\/wp-json\/wp\/v2\/types\/product"}],"replies":[{"embeddable":true,"href":"https:\/\/pararepublique.com\/index.php\/wp-json\/wp\/v2\/comments?post=11946"}],"version-history":[{"count":0,"href":"https:\/\/pararepublique.com\/index.php\/wp-json\/wp\/v2\/product\/11946\/revisions"}],"wp:featuredmedia":[{"embeddable":true,"href":"https:\/\/pararepublique.com\/index.php\/wp-json\/wp\/v2\/media\/11947"}],"wp:attachment":[{"href":"https:\/\/pararepublique.com\/index.php\/wp-json\/wp\/v2\/media?parent=11946"}],"wp:term":[{"taxonomy":"product_cat","embeddable":true,"href":"https:\/\/pararepublique.com\/index.php\/wp-json\/wp\/v2\/product_cat?post=11946"},{"taxonomy":"product_tag","embeddable":true,"href":"https:\/\/pararepublique.com\/index.php\/wp-json\/wp\/v2\/product_tag?post=11946"}],"curies":[{"name":"wp","href":"https:\/\/api.w.org\/{rel}","templated":true}]}}